{"id":472041,"date":"2023-05-08T18:18:47","date_gmt":"2023-05-08T16:18:47","guid":{"rendered":"https:\/\/lucacastelli.com\/?post_type=product&#038;p=472041"},"modified":"2025-07-27T10:45:58","modified_gmt":"2025-07-27T08:45:58","slug":"petzl-arial-95-mm","status":"publish","type":"product","link":"https:\/\/lucacastelli.com\/fr\/produit\/petzl-arial-95-mm\/","title":{"rendered":"PETZL ARIAL 9,5 mm"},"content":{"rendered":"<p>Corde \u00e0 simple l\u00e9g\u00e8re et r\u00e9sistante de 9,5 mm de diam\u00e8tre avec traitement Duratec Dry pour l\u2019escalade et l\u2019alpinisme<\/p>\n<p>L\u00e9g\u00e8re et robuste, l\u2019ARIAL 9,5 mm est une corde \u00e0 simple con\u00e7ue pour l\u2019escalade et l\u2019alpinisme. Cette corde b\u00e9n\u00e9ficie du traitement Duratec Dry pour assurer une long\u00e9vit\u00e9 et des performances maximales dans toutes les conditions. Avec un tr\u00e8s bon rapport diam\u00e8tre\/r\u00e9sistance, elle est parfaitement adapt\u00e9e aux grimpeurs qui veulent une corde solide pour le travail et l\u2019encha\u00eenement des voies. Gr\u00e2ce \u00e0 son excellente adh\u00e9rence et \u00e0 sa maniabilit\u00e9, les man\u0153uvres sont facilit\u00e9es.   <\/p>\n<p>Description<br \/>\nCorde r\u00e9sistante adapt\u00e9e au travail sur les voies :<br \/>\n&#8211; gaine \u00e9paisse qui garantit une excellente r\u00e9sistance \u00e0 l\u2019abrasion,<br \/>\n&#8211; excellent rapport diam\u00e8tre\/r\u00e9sistance,<br \/>\n&#8211; r\u00e9sistance renforc\u00e9e, gr\u00e2ce au traitement Duratec Dry,<br \/>\n&#8211; UltraSonic Finish : le noyau et la gaine sont assembl\u00e9s \u00e0 leurs extr\u00e9mit\u00e9s gr\u00e2ce \u00e0 une finition ultrasonique appel\u00e9e UltraSonic Finish. Il permet une dur\u00e9e de vie plus longue et emp\u00eache l\u2019extr\u00e9mit\u00e9 de la corde de se casser.<br \/>\nConfort d\u2019utilisation :<br \/>\n&#8211; corde souple qui facilite la remise de la corde dans les appareils d\u2019assurage,<br \/>\n&#8211; traitement EverFlex : traitement thermique sp\u00e9cifique qui stabilise les fils et rend la corde plus homog\u00e8ne. Il garantit une excellente adh\u00e9rence et une manipulation constante dans le temps,<br \/>\n &#8211; Traitement Duratec Dry pour une utilisation sur roche, mixte, neige ou glace : traitement hydrophobe qui permet \u00e0 la corde d\u2019\u00eatre plus r\u00e9sistante \u00e0 l\u2019eau, \u00e0 la salet\u00e9 et \u00e0 l\u2019abrasion. La maniabilit\u00e9, l\u2019adh\u00e9rence et les caract\u00e9ristiques sont pr\u00e9serv\u00e9es plus longtemps dans des conditions froides et humides,<br \/>\n&#8211; Enrouleur ClimbReady : enrouleur sp\u00e9cifique pour rendre la corde pr\u00eate \u00e0 l\u2019emploi.    Il emp\u00eache les man\u0153uvres de d\u00e9roulement incorrectes de l\u2019utilisateur et augmente la long\u00e9vit\u00e9.<br \/>\nGrip qui facilite les man\u0153uvres :<br \/>\n&#8211; prise de 40 broches pour un meilleur contr\u00f4le,<br \/>\n&#8211; Middle Mark : distinction de la corde pour faciliter les man\u0153uvres.<br \/>\nSp\u00e9cifications<br \/>\nCertification(s) : CE EN 892, UKCA, UIAA<br \/>\nDiam\u00e8tre : 9,5 mm<br \/>\nType de corde : corde simple<br \/>\nPoids par m\u00e8tre : 58 g<br \/>\nPourcentage de gaine : 40 %Nombre de chutes 1,77 :<br \/>\n 7<br \/>\nAllongement statique : 7,6 %<br \/>\nAllongement dynamique : 32 %<br \/>\n Force de choc : 8,8 kN<br \/>\nConstruction : 40 broches<br \/>\nMat\u00e9riaux : polyamide<\/p>\n<table>\n<tbody>\n<tr>\n<th class=\"rowTitle\">R\u00e9f\u00e9rences<\/th>\n<th>R\u00e9f. R34AC 060<\/th>\n<th>R\u00e9f\u00e9rence R34AC 070<\/th>\n<th>R\u00e9f. R34AC 080<\/th>\n<th>R34AD 060<\/th>\n<th>R34AD 070<\/th>\n<th>R34AD 080<\/th>\n<\/tr>\n<tr>\n<td class=\"rowTitle\">Couleur(s)<\/td>\n<td>rouge  <\/td>\n<td>rouge  <\/td>\n<td>rouge  <\/td>\n<td>bleu  <\/td>\n<td>bleu  <\/td>\n<td>bleu  <\/td>\n<\/tr>\n<tr>\n<td class=\"rowTitle\">Longueur<\/td>\n<td>60 m<\/td>\n<td>70 m<\/td>\n<td>80 m<\/td>\n<td>60 m<\/td>\n<td>70 m<\/td>\n<td>80 m<\/td>\n<\/tr>\n<tr>\n<td class=\"rowTitle\">Garantie<\/td>\n<td>3 ans<\/td>\n<td>3 ans<\/td>\n<td>3 ans<\/td>\n<td>3 ans<\/td>\n<td>3 ans<\/td>\n<td>3 ans<\/td>\n<\/tr>\n<tr>\n<td class=\"rowTitle\">Emballage<\/td>\n<td>1  <\/td>\n<td>1  <\/td>\n<td>1  <\/td>\n<td>1  <\/td>\n<td>1  <\/td>\n<td>1  <\/td>\n<\/tr>\n<\/tbody>\n<\/table>\n","protected":false},"excerpt":{"rendered":"<p>Corde \u00e0 simple l\u00e9g\u00e8re et r\u00e9sistante de 9,5 mm de diam\u00e8tre avec traitement Duratec Dry pour l\u2019escalade et l\u2019alpinisme L\u00e9g\u00e8re<\/p>\n","protected":false},"featured_media":90056,"template":"","meta":{"_seopress_robots_primary_cat":"","_seopress_titles_title":"","_seopress_titles_desc":"","_seopress_robots_index":""},"product_brand":[3667],"product_cat":[144,1408,1415],"product_tag":[],"class_list":{"0":"post-472041","1":"product","2":"type-product","3":"status-publish","4":"has-post-thumbnail","6":"product_brand-petzl-fr","7":"product_cat-equipement","8":"product_cat-equipements-de-loisirs","9":"product_cat-harnais-et-equipements-de-securite-fr","11":"first","12":"onbackorder","13":"shipping-taxable","14":"purchasable","15":"product-type-variable"},"_links":{"self":[{"href":"https:\/\/lucacastelli.com\/fr\/wp-json\/wp\/v2\/product\/472041","targetHints":{"allow":["GET"]}}],"collection":[{"href":"https:\/\/lucacastelli.com\/fr\/wp-json\/wp\/v2\/product"}],"about":[{"href":"https:\/\/lucacastelli.com\/fr\/wp-json\/wp\/v2\/types\/product"}],"wp:featuredmedia":[{"embeddable":true,"href":"https:\/\/lucacastelli.com\/fr\/wp-json\/wp\/v2\/media\/90056"}],"wp:attachment":[{"href":"https:\/\/lucacastelli.com\/fr\/wp-json\/wp\/v2\/media?parent=472041"}],"wp:term":[{"taxonomy":"product_brand","embeddable":true,"href":"https:\/\/lucacastelli.com\/fr\/wp-json\/wp\/v2\/product_brand?post=472041"},{"taxonomy":"product_cat","embeddable":true,"href":"https:\/\/lucacastelli.com\/fr\/wp-json\/wp\/v2\/product_cat?post=472041"},{"taxonomy":"product_tag","embeddable":true,"href":"https:\/\/lucacastelli.com\/fr\/wp-json\/wp\/v2\/product_tag?post=472041"}],"curies":[{"name":"wp","href":"https:\/\/api.w.org\/{rel}","templated":true}]}}