{"id":472037,"date":"2023-05-07T16:28:01","date_gmt":"2023-05-07T14:28:01","guid":{"rendered":"https:\/\/lucacastelli.com\/prodotto\/petzl-pirana-club\/"},"modified":"2023-05-07T16:28:01","modified_gmt":"2023-05-07T14:28:01","slug":"petzl-pirana-club","status":"publish","type":"product","link":"https:\/\/lucacastelli.com\/fr\/produit\/petzl-pirana-club\/","title":{"rendered":"PETZL PIRANA CLUB"},"content":{"rendered":"<p>Descendeur avec syst\u00e8me de freinage modulaire pour le canyoning<\/p>\n<p>Pour les premiers rappels de canyoning ! Con\u00e7u pour un usage collectif ou pour la d\u00e9couverte d\u2019activit\u00e9, PIRANA CLUB est un descendeur de canyoning dot\u00e9 d\u2019un syst\u00e8me de freinage modulaire facile d\u2019utilisation. Gr\u00e2ce \u00e0 lui, trois possibilit\u00e9s d\u2019installation de corde sont garanties, vous permettant d\u2019adapter le niveau de freinage souhait\u00e9 avant de descendre en rappel. Il s\u2019adapte bien aux droitiers comme aux gauchers. L\u2019anneau en plastique facilite l\u2019installation de la corde, ce qui permet de maintenir l\u2019appareil connect\u00e9 au harnais pour r\u00e9duire le risque de fuite.    <\/p>\n<p>Description<br \/>\nDescendeur avec syst\u00e8me de freinage modulaire con\u00e7u pour un usage collectif ou pour la d\u00e9couverte du canyoning :<br \/>\n&#8211; trois positions de corde diff\u00e9rentes, pour moduler le niveau de freinage id\u00e9al avant la descente en rappel,<br \/>\n&#8211; une conception sobre pour simplifier les instructions et les contr\u00f4les visuels.<br \/>\nFacile d\u2019utilisation :<br \/>\n&#8211; Anneau en plastique qui permet de maintenir le connecteur dans la bonne position pour faciliter l\u2019installation de la corde, en maintenant l\u2019appareil connect\u00e9 au harnais pour r\u00e9duire le risque de perte,<br \/>\n&#8211; Montage possible pour les droitiers et les gauchers.<br \/>\nDisponible en deux couleurs : noir et vert.<br \/>\nSp\u00e9cifications<br \/>\nMat\u00e9riaux : corps en aluminium, anneau de positionnement en \u00e9lastom\u00e8re thermoplastique (TPE<br \/>\n)Poids : 90 g<br \/>\nCompatibilit\u00e9 de la corde : 8 &#8211; 13 mm<br \/>\nR\u00e9pond aux exigences de la norme EN 15151-2, \u00e0 l\u2019exception de l\u2019exigence relative \u00e0 la taille minimale du point d\u2019attache.<\/p>\n<table>\n<tbody>\n<tr>\n<th class=\"rowTitle\">R\u00e9f\u00e9rences<\/th>\n<th>\n D005BA00<\/th>\n<th>D005BA01<\/th>\n<\/tr>\n<tr>\n<td class=\"rowTitle\">Couleur(s)<\/td>\n<td>Vert <\/td>\n<td>Noir <\/td>\n<\/tr>\n<tr>\n<td class=\"rowTitle\">Garantie<\/td>\n<td>3 ans<\/td>\n<td>3 ans<\/td>\n<\/tr>\n<tr>\n<td class=\"rowTitle\">Emballage<\/td>\n<td> <\/td>\n<p> 1<\/p>\n<td>1 <\/td>\n<\/tr>\n<\/tbody>\n<\/table>\n","protected":false},"excerpt":{"rendered":"<p>Descendeur avec syst\u00e8me de freinage modulaire pour le canyoning Pour les premiers rappels de canyoning ! Con\u00e7u pour un usage<\/p>\n","protected":false},"featured_media":90000,"template":"","meta":{"_seopress_robots_primary_cat":"","_seopress_titles_title":"","_seopress_titles_desc":"","_seopress_robots_index":""},"product_brand":[3667],"product_cat":[1702,144,1408],"product_tag":[],"class_list":{"0":"post-472037","1":"product","2":"type-product","3":"status-publish","4":"has-post-thumbnail","6":"product_brand-petzl-fr","7":"product_cat-autres","8":"product_cat-equipement","9":"product_cat-equipements-de-loisirs","11":"first","12":"onbackorder","13":"shipping-taxable","14":"purchasable","15":"product-type-variable"},"_links":{"self":[{"href":"https:\/\/lucacastelli.com\/fr\/wp-json\/wp\/v2\/product\/472037","targetHints":{"allow":["GET"]}}],"collection":[{"href":"https:\/\/lucacastelli.com\/fr\/wp-json\/wp\/v2\/product"}],"about":[{"href":"https:\/\/lucacastelli.com\/fr\/wp-json\/wp\/v2\/types\/product"}],"wp:featuredmedia":[{"embeddable":true,"href":"https:\/\/lucacastelli.com\/fr\/wp-json\/wp\/v2\/media\/90000"}],"wp:attachment":[{"href":"https:\/\/lucacastelli.com\/fr\/wp-json\/wp\/v2\/media?parent=472037"}],"wp:term":[{"taxonomy":"product_brand","embeddable":true,"href":"https:\/\/lucacastelli.com\/fr\/wp-json\/wp\/v2\/product_brand?post=472037"},{"taxonomy":"product_cat","embeddable":true,"href":"https:\/\/lucacastelli.com\/fr\/wp-json\/wp\/v2\/product_cat?post=472037"},{"taxonomy":"product_tag","embeddable":true,"href":"https:\/\/lucacastelli.com\/fr\/wp-json\/wp\/v2\/product_tag?post=472037"}],"curies":[{"name":"wp","href":"https:\/\/api.w.org\/{rel}","templated":true}]}}