{"id":472021,"date":"2023-05-07T16:15:55","date_gmt":"2023-05-07T14:15:55","guid":{"rendered":"https:\/\/lucacastelli.com\/prodotto\/petzl-barre-de-frein-fixe-anodisee-pour-rack\/"},"modified":"2023-05-07T16:15:55","modified_gmt":"2023-05-07T14:15:55","slug":"petzl-barre-de-frein-fixe-anodisee-pour-rack","status":"publish","type":"product","link":"https:\/\/lucacastelli.com\/fr\/produit\/petzl-barre-de-frein-fixe-anodisee-pour-rack\/","title":{"rendered":"PETZL Barre de frein fixe anodis\u00e9e pour RACK"},"content":{"rendered":"<p>Barre coud\u00e9e fixe anodis\u00e9e pour RACK<\/p>\n","protected":false},"excerpt":{"rendered":"<p>Barre coud\u00e9e fixe anodis\u00e9e pour RACK<\/p>\n","protected":false},"featured_media":94463,"template":"","meta":{"_seopress_robots_primary_cat":"","_seopress_titles_title":"","_seopress_titles_desc":"","_seopress_robots_index":""},"product_brand":[3667],"product_cat":[1702,144,1408],"product_tag":[],"class_list":{"0":"post-472021","1":"product","2":"type-product","3":"status-publish","4":"has-post-thumbnail","6":"product_brand-petzl-fr","7":"product_cat-autres","8":"product_cat-equipement","9":"product_cat-equipements-de-loisirs","11":"first","12":"onbackorder","13":"shipping-taxable","14":"purchasable","15":"product-type-simple"},"_links":{"self":[{"href":"https:\/\/lucacastelli.com\/fr\/wp-json\/wp\/v2\/product\/472021","targetHints":{"allow":["GET"]}}],"collection":[{"href":"https:\/\/lucacastelli.com\/fr\/wp-json\/wp\/v2\/product"}],"about":[{"href":"https:\/\/lucacastelli.com\/fr\/wp-json\/wp\/v2\/types\/product"}],"wp:featuredmedia":[{"embeddable":true,"href":"https:\/\/lucacastelli.com\/fr\/wp-json\/wp\/v2\/media\/94463"}],"wp:attachment":[{"href":"https:\/\/lucacastelli.com\/fr\/wp-json\/wp\/v2\/media?parent=472021"}],"wp:term":[{"taxonomy":"product_brand","embeddable":true,"href":"https:\/\/lucacastelli.com\/fr\/wp-json\/wp\/v2\/product_brand?post=472021"},{"taxonomy":"product_cat","embeddable":true,"href":"https:\/\/lucacastelli.com\/fr\/wp-json\/wp\/v2\/product_cat?post=472021"},{"taxonomy":"product_tag","embeddable":true,"href":"https:\/\/lucacastelli.com\/fr\/wp-json\/wp\/v2\/product_tag?post=472021"}],"curies":[{"name":"wp","href":"https:\/\/api.w.org\/{rel}","templated":true}]}}