{"id":471977,"date":"2023-05-07T15:34:11","date_gmt":"2023-05-07T13:34:11","guid":{"rendered":"https:\/\/lucacastelli.com\/prodotto\/petzl-axe-11-mm\/"},"modified":"2023-05-07T15:34:11","modified_gmt":"2023-05-07T13:34:11","slug":"petzl-axe-11-mm","status":"publish","type":"product","link":"https:\/\/lucacastelli.com\/fr\/produit\/petzl-axe-11-mm\/","title":{"rendered":"PETZL AXE 11 mm"},"content":{"rendered":"<p>Corde semi-statique avec une bonne adh\u00e9rence pour le travail en hauteur<\/p>\n<p>La corde semi-statique AXIS 11 mm est destin\u00e9e aux travaux en hauteur. Le diam\u00e8tre standard assure une bonne prise en main pour faciliter les man\u0153uvres. La technologie EverFlex garantit une grande flexibilit\u00e9 et des performances constantes dans le temps. Corde disponible en six couleurs et quatre longueurs.   <\/p>\n<p>Description<br \/>\nDiam\u00e8tre standard qui garantit une bonne adh\u00e9rence pour une man\u0153uvre facile.<br \/>\nPerformances constantes dans le temps :<br \/>\n&#8211; construction avec un noyau en polyamide et une gaine en polyester avec un tissage sp\u00e9cifique,<br \/>\n&#8211; technologie EverFlex qui garantit une grande flexibilit\u00e9 dans le temps, quelles que soient les conditions (eau, poussi\u00e8re, boue&#8230;), afin de conserver une excellente maniabilit\u00e9 et un fonctionnement optimal des appareils.<br \/>\nDisponible en six couleurs : blanc, jaune, noir, bleu, rouge et orange.<br \/>\nLongueurs standard : 50, 100, 200 et 500 m.<br \/>\nPersonnalisation sur demande :<br \/>\n&#8211; possibilit\u00e9 de commander une corde de la longueur souhait\u00e9e (jusqu\u2019\u00e0 700 m),<br \/>\n&#8211; ajout d\u2019extr\u00e9mit\u00e9s cousues fabriqu\u00e9es sur une ou deux extr\u00e9mit\u00e9s pour avoir une corde pr\u00eate \u00e0 l\u2019emploi. Ces terminaisons disposent d\u2019une gaine de protection pour maintenir le connecteur en place et faciliter les op\u00e9rations. Les terminaisons garantissent \u00e9galement une r\u00e9sistance sup\u00e9rieure \u00e0 un n\u0153ud en huit.<br \/>\nSp\u00e9cifications<br \/>\nDiam\u00e8tre : 11 mm<br \/>\nMat\u00e9riaux : polyester, polyamide<br \/>\nCertification(s) : CE EN 1891 type A, UKCA, EAC, NFPA 2500 Utilisation<br \/>\ntechnique Poids par m\u00e8tre : 82 g<br \/>\nR\u00e9sistance en forme de huit : 19 kN<br \/>\nR\u00e9sistance \u00e0 la terminaison cousue : 22 kN<br \/>\nForce d\u2019impact (facteur 0,3) : 5,2 kN<br \/>\nNombre de gouttes facteur 1 : 12<br \/>\nConstruction : 32 broches<br \/>\nPourcentage de la chaussette :  41 %<br \/>\nAllongement statique : 3 %  <\/p>\n<table>\n<tbody>\n<tr>\n<th class=\"rowTitle\">R\u00e9f\u00e9rences<\/th>\n<th>R074AA28<\/th>\n<\/tr>\n<tr>\n<td class=\"rowTitle\">Longueur<\/td>\n<td>500 m<\/td>\n<\/tr>\n<tr>\n<td class=\"rowTitle\">Couleur(s)<\/td>\n<td>blanc <\/td>\n<\/tr>\n<tr>\n<td class=\"rowTitle\">Garantie<\/td>\n<td>3 ans<\/td>\n<\/tr>\n<tr>\n<td class=\"rowTitle\">Emballage<\/td>\n<td>1 <\/td>\n<\/tr>\n<\/tbody>\n<\/table>\n","protected":false},"excerpt":{"rendered":"<p>Corde semi-statique avec une bonne adh\u00e9rence pour le travail en hauteur La corde semi-statique AXIS 11 mm est destin\u00e9e aux<\/p>\n","protected":false},"featured_media":94333,"template":"","meta":{"_seopress_robots_primary_cat":"","_seopress_titles_title":"","_seopress_titles_desc":"","_seopress_robots_index":""},"product_brand":[3667],"product_cat":[1496,144,1397],"product_tag":[],"class_list":{"0":"post-471977","1":"product","2":"type-product","3":"status-publish","4":"has-post-thumbnail","6":"product_brand-petzl-fr","7":"product_cat-autres-equipements-de-travail","8":"product_cat-equipement","9":"product_cat-equipement-de-travail","11":"first","12":"onbackorder","13":"shipping-taxable","14":"purchasable","15":"product-type-variable"},"_links":{"self":[{"href":"https:\/\/lucacastelli.com\/fr\/wp-json\/wp\/v2\/product\/471977","targetHints":{"allow":["GET"]}}],"collection":[{"href":"https:\/\/lucacastelli.com\/fr\/wp-json\/wp\/v2\/product"}],"about":[{"href":"https:\/\/lucacastelli.com\/fr\/wp-json\/wp\/v2\/types\/product"}],"wp:featuredmedia":[{"embeddable":true,"href":"https:\/\/lucacastelli.com\/fr\/wp-json\/wp\/v2\/media\/94333"}],"wp:attachment":[{"href":"https:\/\/lucacastelli.com\/fr\/wp-json\/wp\/v2\/media?parent=471977"}],"wp:term":[{"taxonomy":"product_brand","embeddable":true,"href":"https:\/\/lucacastelli.com\/fr\/wp-json\/wp\/v2\/product_brand?post=471977"},{"taxonomy":"product_cat","embeddable":true,"href":"https:\/\/lucacastelli.com\/fr\/wp-json\/wp\/v2\/product_cat?post=471977"},{"taxonomy":"product_tag","embeddable":true,"href":"https:\/\/lucacastelli.com\/fr\/wp-json\/wp\/v2\/product_tag?post=471977"}],"curies":[{"name":"wp","href":"https:\/\/api.w.org\/{rel}","templated":true}]}}