{"id":471955,"date":"2023-05-05T19:48:08","date_gmt":"2023-05-05T17:48:08","guid":{"rendered":"https:\/\/lucacastelli.com\/prodotto\/petzl-v-link\/"},"modified":"2023-05-05T19:48:08","modified_gmt":"2023-05-05T17:48:08","slug":"petzl-v-link","status":"publish","type":"product","link":"https:\/\/lucacastelli.com\/fr\/produit\/petzl-v-link\/","title":{"rendered":"PETZL V-LINK"},"content":{"rendered":"<p>Sangle de s\u00e9curit\u00e9 extensible pour piolets techniques<\/p>\n<p>Sangle extensible pour relier deux piolets techniques afin d\u2019\u00e9viter qu\u2019ils ne se perdent lors de la mont\u00e9e. Compacte et l\u00e9g\u00e8re, cette sangle offre une grande capacit\u00e9 d\u2019\u00e9tirement et des connecteurs ergonomiques faciles \u00e0 utiliser, m\u00eame avec des gants. <\/p>\n<p>Description<br \/>\nS\u00e9curit\u00e9 des piolets en escalade :<br \/>\n&#8211; destin\u00e9 \u00e0 l\u2019escalade technique sur glace,<br \/>\n&#8211; deux extr\u00e9mit\u00e9s permettent de relier deux piolets, \u00e9vitant ainsi qu\u2019ils ne se perdent dans le cas o\u00f9 le grimpeur les laisserait en cours de mont\u00e9e.<br \/>\nErgonomie :<br \/>\n&#8211; grande capacit\u00e9 d\u2019\u00e9tirement des v\u00eatements pour faciliter l\u2019accompagnement des mouvements d\u2019escalade,<br \/>\n&#8211; \u00e9merillon qui emp\u00eache les deux extr\u00e9mit\u00e9s de se tordre,<br \/>\n&#8211; connecteurs d\u2019ancrage faciles \u00e0 utiliser, m\u00eame avec des gants,<br \/>\n&#8211; compatible avec tous les piolets techniques Petzl.<br \/>\nCompact et l\u00e9ger :<br \/>\n&#8211; extr\u00e9mit\u00e9s r\u00e9tractables tr\u00e8s fines,<br \/>\n&#8211; connecteurs en aluminium,<br \/>\n&#8211; seulement 80 g.<\/p>\n<p>Ce produit n\u2019est pas un \u00e9quipement de protection individuelle.<br \/>\nSp\u00e9cifications<br \/>\nPoids : 80 g<br \/>\nLongueur totale en position r\u00e9tract\u00e9e : 46 cm<br \/>\nLongueur totale en position \u00e9tir\u00e9e : 106 cm<\/p>\n","protected":false},"excerpt":{"rendered":"<p>Sangle de s\u00e9curit\u00e9 extensible pour piolets techniques Sangle extensible pour relier deux piolets techniques afin d\u2019\u00e9viter qu\u2019ils ne se perdent<\/p>\n","protected":false},"featured_media":94323,"template":"","meta":{"_seopress_robots_primary_cat":"","_seopress_titles_title":"","_seopress_titles_desc":"","_seopress_robots_index":""},"product_brand":[3446],"product_cat":[33,211,818],"product_tag":[],"class_list":{"0":"post-471955","1":"product","2":"type-product","3":"status-publish","4":"has-post-thumbnail","6":"product_brand-petzl","7":"product_cat-attrezzature","8":"product_cat-attrezzatura-per-il-tempo-libero","9":"product_cat-imbraghi-e-materiale-di-sicurezza-attrezzatura-per-il-tempo-libero","11":"first","12":"onbackorder","13":"shipping-taxable","14":"purchasable","15":"product-type-simple"},"_links":{"self":[{"href":"https:\/\/lucacastelli.com\/fr\/wp-json\/wp\/v2\/product\/471955","targetHints":{"allow":["GET"]}}],"collection":[{"href":"https:\/\/lucacastelli.com\/fr\/wp-json\/wp\/v2\/product"}],"about":[{"href":"https:\/\/lucacastelli.com\/fr\/wp-json\/wp\/v2\/types\/product"}],"wp:featuredmedia":[{"embeddable":true,"href":"https:\/\/lucacastelli.com\/fr\/wp-json\/wp\/v2\/media\/94323"}],"wp:attachment":[{"href":"https:\/\/lucacastelli.com\/fr\/wp-json\/wp\/v2\/media?parent=471955"}],"wp:term":[{"taxonomy":"product_brand","embeddable":true,"href":"https:\/\/lucacastelli.com\/fr\/wp-json\/wp\/v2\/product_brand?post=471955"},{"taxonomy":"product_cat","embeddable":true,"href":"https:\/\/lucacastelli.com\/fr\/wp-json\/wp\/v2\/product_cat?post=471955"},{"taxonomy":"product_tag","embeddable":true,"href":"https:\/\/lucacastelli.com\/fr\/wp-json\/wp\/v2\/product_tag?post=471955"}],"curies":[{"name":"wp","href":"https:\/\/api.w.org\/{rel}","templated":true}]}}