{"id":471952,"date":"2023-05-06T06:55:59","date_gmt":"2023-05-06T04:55:59","guid":{"rendered":"https:\/\/lucacastelli.com\/prodotto\/petzl-mindereder\/"},"modified":"2023-05-06T06:55:59","modified_gmt":"2023-05-06T04:55:59","slug":"petzl-mindereder","status":"publish","type":"product","link":"https:\/\/lucacastelli.com\/fr\/produit\/petzl-mindereder\/","title":{"rendered":"PETZL MINDEReder"},"content":{"rendered":"<p>Poulie Prusik \u00e0 haute r\u00e9sistance avec un rendement tr\u00e8s \u00e9lev\u00e9<\/p>\n<p>MINDER est une poulie \u00e0 haute r\u00e9sistance destin\u00e9e aux professionnels du sauvetage pour cr\u00e9er des syst\u00e8mes de backstop.<\/p>\n<p>Description<br \/>\nBrides sp\u00e9cifiques adapt\u00e9es \u00e0 l\u2019utilisation du n\u0153ud autobloquant Prusik dans les syst\u00e8mes de but\u00e9e.<br \/>\nPoulie de grand diam\u00e8tre mont\u00e9e sur roulement \u00e0 billes \u00e9tanche pour assurer d\u2019excellentes performances.<br \/>\nIl peut accueillir jusqu\u2019\u00e0 trois mousquetons pour une man\u0153uvre facile.<br \/>\nSp\u00e9cifications<br \/>\nCompatibilit\u00e9 du c\u00e2ble : 7 \u00e0 13 mm<br \/>\nDiam\u00e8tre de la poulie : 51 mm<br \/>\nRoulement \u00e0 billes : oui<br \/>\nEfficacit\u00e9 : 97 %<br \/>\nCharge maximale de fonctionnement : 4 kN x 2 = 8 kN<br \/>\nPoids : 295 g<br \/>\nCertification(s) : CE EN 12278, NFPA 2500 General Use, UKCA<\/p>\n<table>\n<tbody>\n<tr>\n<th class=\"rowTitle\">R\u00e9f\u00e9rences<\/th>\n<th>P60A<\/th>\n<\/tr>\n<tr>\n<td class=\"rowTitle\">Garantie<\/td>\n<td>3 ans<\/td>\n<\/tr>\n<tr>\n<td class=\"rowTitle\">Emballage<\/td>\n<td>1 <\/td>\n<\/tr>\n<\/tbody>\n<\/table>\n","protected":false},"excerpt":{"rendered":"<p>Poulie Prusik \u00e0 haute r\u00e9sistance avec un rendement tr\u00e8s \u00e9lev\u00e9 MINDER est une poulie \u00e0 haute r\u00e9sistance destin\u00e9e aux professionnels<\/p>\n","protected":false},"featured_media":94328,"template":"","meta":{"_seopress_robots_primary_cat":"","_seopress_titles_title":"","_seopress_titles_desc":"","_seopress_robots_index":""},"product_brand":[3446],"product_cat":[33,537,822],"product_tag":[],"class_list":{"0":"post-471952","1":"product","2":"type-product","3":"status-publish","4":"has-post-thumbnail","6":"product_brand-petzl","7":"product_cat-attrezzature","8":"product_cat-attrezzatura-da-lavoro","9":"product_cat-altro-attrezzatura-da-lavoro","11":"first","12":"onbackorder","13":"shipping-taxable","14":"purchasable","15":"product-type-simple"},"_links":{"self":[{"href":"https:\/\/lucacastelli.com\/fr\/wp-json\/wp\/v2\/product\/471952","targetHints":{"allow":["GET"]}}],"collection":[{"href":"https:\/\/lucacastelli.com\/fr\/wp-json\/wp\/v2\/product"}],"about":[{"href":"https:\/\/lucacastelli.com\/fr\/wp-json\/wp\/v2\/types\/product"}],"wp:featuredmedia":[{"embeddable":true,"href":"https:\/\/lucacastelli.com\/fr\/wp-json\/wp\/v2\/media\/94328"}],"wp:attachment":[{"href":"https:\/\/lucacastelli.com\/fr\/wp-json\/wp\/v2\/media?parent=471952"}],"wp:term":[{"taxonomy":"product_brand","embeddable":true,"href":"https:\/\/lucacastelli.com\/fr\/wp-json\/wp\/v2\/product_brand?post=471952"},{"taxonomy":"product_cat","embeddable":true,"href":"https:\/\/lucacastelli.com\/fr\/wp-json\/wp\/v2\/product_cat?post=471952"},{"taxonomy":"product_tag","embeddable":true,"href":"https:\/\/lucacastelli.com\/fr\/wp-json\/wp\/v2\/product_tag?post=471952"}],"curies":[{"name":"wp","href":"https:\/\/api.w.org\/{rel}","templated":true}]}}