{"id":471943,"date":"2023-05-05T19:32:16","date_gmt":"2023-05-05T17:32:16","guid":{"rendered":"https:\/\/lucacastelli.com\/prodotto\/petzl-djinn-axess\/"},"modified":"2023-05-05T19:32:16","modified_gmt":"2023-05-05T17:32:16","slug":"petzl-djinn-axess","status":"publish","type":"product","link":"https:\/\/lucacastelli.com\/fr\/produit\/petzl-djinn-axess\/","title":{"rendered":"PETZL DJINN AXESS"},"content":{"rendered":"<p>D\u00e9gaine robuste pour l\u2019escalade en falaise<\/p>\n<p>Fiable et robuste, la d\u00e9gaine DJINN AXESS est particuli\u00e8rement adapt\u00e9e \u00e0 l\u2019escalade en falaise. Les mousquetons DJINN disposent d\u2019une grande zone de frottement de la corde, pour r\u00e9duire la traction et assurer une plus grande r\u00e9sistance du mousqueton et de la corde. La conception du levier incurv\u00e9 vous permet de stabiliser la corde et de la clipser efficacement. Le syst\u00e8me Keylock emp\u00eache le mousqueton d\u2019\u00eatre sangl\u00e9 par inadvertance lors des man\u0153uvres. Il est disponible en deux longueurs et deux coloris.    <\/p>\n<p>Description<br \/>\nEntra\u00eenement fiable et robuste :<br \/>\n&#8211; grande fiabilit\u00e9 du m\u00e9canisme de levier du mousqueton DJINN,<br \/>\n&#8211; section en H pour offrir le meilleur rapport r\u00e9sistance\/l\u00e9g\u00e8ret\u00e9,<br \/>\n&#8211; grandes surfaces de contact avec la corde et l\u2019ancrage pour faciliter le passage de la corde et r\u00e9duire l\u2019usure du mousqueton,<br \/>\n&#8211; sangle AXESS robuste,<br \/>\n&#8211; protection de sangle STRING pour stabiliser le mousqueton et prot\u00e9ger la sangle de l\u2019usure.<br \/>\nMousqueton et clipsage facile :<br \/>\n&#8211; grande ouverture du levier pour faciliter les man\u0153uvres,<br \/>\n&#8211; syst\u00e8me Keylock con\u00e7u pour \u00e9viter que le mousqueton ne s\u2019accroche involontairement lors des man\u0153uvres,<br \/>\n&#8211; prise en main facile, gr\u00e2ce \u00e0 la grande taille du mousqueton.<br \/>\nDisponible en diff\u00e9rentes longueurs et couleurs :<br \/>\n&#8211; Sangle de 12 cm et mousqueton DJINN incurv\u00e9 bleu,<br \/>\n&#8211; Sangle de 12 cm et mousqueton DJINN incurv\u00e9 violet,<br \/>\n&#8211; Sangle de 17 cm et mousqueton DJINN incurv\u00e9 bleu pour g\u00e9rer la traction.<br \/>\nSp\u00e9cifique<br \/>\nR\u00e9sistance du grand axe : 23 kN<br \/>\nR\u00e9sistance du petit axe : 8 kN<br \/>\nR\u00e9sistance du levier ouvert : 9 kN<br \/>\nOuverture : 24 mm<br \/>\nOuverture du mousqueton \u00e0 levier incurv\u00e9 : 27 mm<br \/>\nCapacit\u00e9 : 24 mm<br \/>\nMat\u00e9riaux : mousqueton en aluminium, sangle polyester, corde en caoutchouc<br \/>\nCertification(s) : &#8211; mousqueton : CE EN 12275 type B, UIAA, &#8211; sangle : CE EN 566, UIAA<\/p>\n<table>\n<tbody>\n<tr>\n<th class=\"rowTitle\">R\u00e9f\u00e9rences<\/th>\n<th>\n M060CA00<\/th>\n<th>\n M060CA01<\/th>\n<th>M060CA02<\/th>\n<\/tr>\n<tr>\n<td class=\"rowTitle\">Longueur de la<\/td>\n<p> sangle<\/p>\n<td>12 cm<\/td>\n<td>12 cm<\/td>\n<td>17 cm<\/td>\n<\/tr>\n<tr>\n<td class=\"rowTitle\">Couleur(s)<\/td>\n<td>bleu <\/td>\n<td>violet <\/td>\n<td>bleu <\/td>\n<\/tr>\n<tr>\n<td class=\"rowTitle\">R\u00e9sistance<\/td>\n<td>22 kN<\/td>\n<td>22 kN<\/td>\n<td>22 kN<\/td>\n<\/tr>\n<tr>\n<td class=\"rowTitle\">Poids<\/td>\n<td>107 grammes<\/td>\n<td>107 grammes<\/td>\n<td>113 grammes<\/td>\n<\/tr>\n<tr>\n<td class=\"rowTitle\">Garantie<\/td>\n<td>3 ans<\/td>\n<td>3 ans<\/td>\n<td>3 ans<\/td>\n<\/tr>\n<tr>\n<td class=\"rowTitle\">Emballage<\/td>\n<td> <\/td>\n<p> 1<\/p>\n<td> <\/td>\n<p> 1<\/p>\n<td>1 <\/td>\n<\/tr>\n<\/tbody>\n<\/table>\n","protected":false},"excerpt":{"rendered":"<p>D\u00e9gaine robuste pour l\u2019escalade en falaise Fiable et robuste, la d\u00e9gaine DJINN AXESS est particuli\u00e8rement adapt\u00e9e \u00e0 l\u2019escalade en falaise.<\/p>\n","protected":false},"featured_media":94291,"template":"","meta":{"_seopress_robots_primary_cat":"","_seopress_titles_title":"","_seopress_titles_desc":"","_seopress_robots_index":""},"product_brand":[3667],"product_cat":[144,1408,1415],"product_tag":[],"class_list":{"0":"post-471943","1":"product","2":"type-product","3":"status-publish","4":"has-post-thumbnail","6":"product_brand-petzl-fr","7":"product_cat-equipement","8":"product_cat-equipements-de-loisirs","9":"product_cat-harnais-et-equipements-de-securite-fr","11":"first","12":"instock","13":"shipping-taxable","14":"purchasable","15":"product-type-variable"},"_links":{"self":[{"href":"https:\/\/lucacastelli.com\/fr\/wp-json\/wp\/v2\/product\/471943","targetHints":{"allow":["GET"]}}],"collection":[{"href":"https:\/\/lucacastelli.com\/fr\/wp-json\/wp\/v2\/product"}],"about":[{"href":"https:\/\/lucacastelli.com\/fr\/wp-json\/wp\/v2\/types\/product"}],"wp:featuredmedia":[{"embeddable":true,"href":"https:\/\/lucacastelli.com\/fr\/wp-json\/wp\/v2\/media\/94291"}],"wp:attachment":[{"href":"https:\/\/lucacastelli.com\/fr\/wp-json\/wp\/v2\/media?parent=471943"}],"wp:term":[{"taxonomy":"product_brand","embeddable":true,"href":"https:\/\/lucacastelli.com\/fr\/wp-json\/wp\/v2\/product_brand?post=471943"},{"taxonomy":"product_cat","embeddable":true,"href":"https:\/\/lucacastelli.com\/fr\/wp-json\/wp\/v2\/product_cat?post=471943"},{"taxonomy":"product_tag","embeddable":true,"href":"https:\/\/lucacastelli.com\/fr\/wp-json\/wp\/v2\/product_tag?post=471943"}],"curies":[{"name":"wp","href":"https:\/\/api.w.org\/{rel}","templated":true}]}}