{"id":471921,"date":"2023-04-27T11:40:02","date_gmt":"2023-04-27T09:40:02","guid":{"rendered":"https:\/\/lucacastelli.com\/prodotto\/petzl-freino-z\/"},"modified":"2023-04-27T11:40:02","modified_gmt":"2023-04-27T09:40:02","slug":"petzl-freino-z","status":"publish","type":"product","link":"https:\/\/lucacastelli.com\/fr\/produit\/petzl-freino-z\/","title":{"rendered":"PETZL FREINO Z"},"content":{"rendered":"<p>Mousqueton avec bague de verrouillage automatique avec r\u00e9f\u00e9rence de freinage pour descendeurs STOP et SIMPLE<\/p>\n<p>FREINO Z est un mousqueton \u00e0 anneau de verrouillage automatique avec r\u00e9f\u00e9rence de freinage, con\u00e7u pour les descendeurs de sp\u00e9l\u00e9ologie STOP (D009AA00) et SIMPLE (D004AA00). Il vous permet d\u2019augmenter l\u2019action de freinage ou de la moduler pendant la descente. Il facilite la cr\u00e9ation de cl\u00e9s de verrouillage. FREINO Z peut \u00eatre tourn\u00e9 pour rendre le descendeur captif lors du transfert du porte-\u00e9quipement au mousqueton en forme de croissant.   <\/p>\n<p>Description<br \/>\nContr\u00f4le de l\u2019action de freinage :<br \/>\n&#8211; une r\u00e9f\u00e9rence qui permet d\u2019augmenter l\u2019action de freinage en descente,<br \/>\n&#8211; utilisation simple et modulaire. La corde peut \u00eatre rapidement pass\u00e9e \u00e0 travers ou hors de la jante de freinage d\u2019une seule main.<br \/>\nMan\u0153uvre facile :<br \/>\n&#8211; facilite la cr\u00e9ation des cl\u00e9s de verrouillage,<br \/>\n&#8211; Syst\u00e8me Keylock pour \u00e9viter l\u2019accrochage involontaire du mousqueton,<br \/>\n&#8211; Syst\u00e8me de verrouillage automatique TWIST-LOCK pour une ouverture rapide.<br \/>\nIl peut \u00eatre tourn\u00e9 pour rendre le descendeur STOP ou SIMPLE incontournable dans les transferts de la boucle d\u2019\u00e9quipement au mousqueton demi-lune,<br \/>\n Compatible uniquement avec les descendeurs<br \/>\n sp\u00e9l\u00e9ologie STOP (D009AA00) et SIMPLE (D004AA00).Sp\u00e9cifications<br \/>\nMat\u00e9riaux : aluminium<br \/>\nCertification(s) : CE EN 12275 type B, UIAA, UKCA, NFPA 2500 Utilisation<br \/>\ntechnique Ouverture du levier pour le retour : 12 mm <\/p>\n<table>\n<tbody>\n<tr>\n<th class=\"rowTitle\">R\u00e9f\u00e9rences<\/th>\n<th>M042AA00<\/th>\n<\/tr>\n<tr>\n<td class=\"rowTitle\">Poids<\/td>\n<td>75 grammes<\/td>\n<\/tr>\n<tr>\n<td class=\"rowTitle\">Syst\u00e8me de verrouillage<\/td>\n<td>VERROU TOURNANT <\/td>\n<\/tr>\n<tr>\n<td class=\"rowTitle\">R\u00e9sistance des grands<\/td>\n<p> axes<\/p>\n<td>23 kN<\/td>\n<\/tr>\n<tr>\n<td class=\"rowTitle\">R\u00e9sistance des petits<\/td>\n<p> axes<\/p>\n<td>8 kN<\/td>\n<\/tr>\n<tr>\n<td class=\"rowTitle\">R\u00e9sistance \u00e0 levier<\/td>\n<p> ouvert <\/p>\n<td>8 kN<\/td>\n<\/tr>\n<tr>\n<td class=\"rowTitle\">Ouverture<\/td>\n<td>18 millim\u00e8tre<\/td>\n<\/tr>\n<tr>\n<td class=\"rowTitle\">Garantie<\/td>\n<td>3 ans<\/td>\n<\/tr>\n<tr>\n<td class=\"rowTitle\">Emballage<\/td>\n<td>1 <\/td>\n<\/tr>\n<\/tbody>\n<\/table>\n","protected":false},"excerpt":{"rendered":"<p>Mousqueton avec bague de verrouillage automatique avec r\u00e9f\u00e9rence de freinage pour descendeurs STOP et SIMPLE FREINO Z est un mousqueton<\/p>\n","protected":false},"featured_media":94232,"template":"","meta":{"_seopress_robots_primary_cat":"","_seopress_titles_title":"","_seopress_titles_desc":"","_seopress_robots_index":""},"product_brand":[3667],"product_cat":[144,1408],"product_tag":[],"class_list":{"0":"post-471921","1":"product","2":"type-product","3":"status-publish","4":"has-post-thumbnail","6":"product_brand-petzl-fr","7":"product_cat-equipement","8":"product_cat-equipements-de-loisirs","10":"first","11":"instock","12":"shipping-taxable","13":"purchasable","14":"product-type-variable"},"_links":{"self":[{"href":"https:\/\/lucacastelli.com\/fr\/wp-json\/wp\/v2\/product\/471921","targetHints":{"allow":["GET"]}}],"collection":[{"href":"https:\/\/lucacastelli.com\/fr\/wp-json\/wp\/v2\/product"}],"about":[{"href":"https:\/\/lucacastelli.com\/fr\/wp-json\/wp\/v2\/types\/product"}],"wp:featuredmedia":[{"embeddable":true,"href":"https:\/\/lucacastelli.com\/fr\/wp-json\/wp\/v2\/media\/94232"}],"wp:attachment":[{"href":"https:\/\/lucacastelli.com\/fr\/wp-json\/wp\/v2\/media?parent=471921"}],"wp:term":[{"taxonomy":"product_brand","embeddable":true,"href":"https:\/\/lucacastelli.com\/fr\/wp-json\/wp\/v2\/product_brand?post=471921"},{"taxonomy":"product_cat","embeddable":true,"href":"https:\/\/lucacastelli.com\/fr\/wp-json\/wp\/v2\/product_cat?post=471921"},{"taxonomy":"product_tag","embeddable":true,"href":"https:\/\/lucacastelli.com\/fr\/wp-json\/wp\/v2\/product_tag?post=471921"}],"curies":[{"name":"wp","href":"https:\/\/api.w.org\/{rel}","templated":true}]}}