{"id":471914,"date":"2023-04-27T11:26:56","date_gmt":"2023-04-27T09:26:56","guid":{"rendered":"https:\/\/lucacastelli.com\/prodotto\/petzl-poulie-pour-simple\/"},"modified":"2023-04-27T11:26:56","modified_gmt":"2023-04-27T09:26:56","slug":"petzl-poulie-pour-simple","status":"publish","type":"product","link":"https:\/\/lucacastelli.com\/fr\/produit\/petzl-poulie-pour-simple\/","title":{"rendered":"PETZL Poulie pour SIMPLE"},"content":{"rendered":"<p>Poulie descendante sp\u00e9l\u00e9ologique SIMPLE<\/p>\n<p>La poulie de remplacement vous permet de prolonger la dur\u00e9e de vie de vos descendeurs SIMPLE. Il est compatible avec la poulie sup\u00e9rieure et inf\u00e9rieure du descendeur SIMPLE code D004AA00 et uniquement la poulie inf\u00e9rieure du descendeur SIMPLE code D04. <\/p>\n<p>Description<br \/>\nPermet de prolonger la dur\u00e9e de vie des descendeurs SIMPLE :<br \/>\n&#8211; poulie sup\u00e9rieure ou inf\u00e9rieure du descendeur sp\u00e9l\u00e9ologie SIMPLE (D004AA00),<br \/>\n&#8211; poulie inf\u00e9rieure du descendeur sp\u00e9l\u00e9ologie SIMPLE (D04).<br \/>\nSp\u00e9cifications<br \/>\nPoids : 52 g<\/p>\n<table>\n<tbody>\n<tr>\n<th class=\"rowTitle\">R\u00e9f\u00e9rences<\/th>\n<th>D004CA00<\/th>\n<\/tr>\n<tr>\n<td class=\"rowTitle\">Garantie<\/td>\n<td>3 ans<\/td>\n<\/tr>\n<tr>\n<td class=\"rowTitle\">Emballage<\/td>\n<td>1 <\/td>\n<\/tr>\n<\/tbody>\n<\/table>\n","protected":false},"excerpt":{"rendered":"<p>Poulie descendante sp\u00e9l\u00e9ologique SIMPLE La poulie de remplacement vous permet de prolonger la dur\u00e9e de vie de vos descendeurs SIMPLE.<\/p>\n","protected":false},"featured_media":94227,"template":"","meta":{"_seopress_robots_primary_cat":"","_seopress_titles_title":"","_seopress_titles_desc":"","_seopress_robots_index":""},"product_brand":[3667],"product_cat":[144,1408,1415],"product_tag":[],"class_list":{"0":"post-471914","1":"product","2":"type-product","3":"status-publish","4":"has-post-thumbnail","6":"product_brand-petzl-fr","7":"product_cat-equipement","8":"product_cat-equipements-de-loisirs","9":"product_cat-harnais-et-equipements-de-securite-fr","11":"first","12":"onbackorder","13":"shipping-taxable","14":"purchasable","15":"product-type-simple"},"_links":{"self":[{"href":"https:\/\/lucacastelli.com\/fr\/wp-json\/wp\/v2\/product\/471914","targetHints":{"allow":["GET"]}}],"collection":[{"href":"https:\/\/lucacastelli.com\/fr\/wp-json\/wp\/v2\/product"}],"about":[{"href":"https:\/\/lucacastelli.com\/fr\/wp-json\/wp\/v2\/types\/product"}],"wp:featuredmedia":[{"embeddable":true,"href":"https:\/\/lucacastelli.com\/fr\/wp-json\/wp\/v2\/media\/94227"}],"wp:attachment":[{"href":"https:\/\/lucacastelli.com\/fr\/wp-json\/wp\/v2\/media?parent=471914"}],"wp:term":[{"taxonomy":"product_brand","embeddable":true,"href":"https:\/\/lucacastelli.com\/fr\/wp-json\/wp\/v2\/product_brand?post=471914"},{"taxonomy":"product_cat","embeddable":true,"href":"https:\/\/lucacastelli.com\/fr\/wp-json\/wp\/v2\/product_cat?post=471914"},{"taxonomy":"product_tag","embeddable":true,"href":"https:\/\/lucacastelli.com\/fr\/wp-json\/wp\/v2\/product_tag?post=471914"}],"curies":[{"name":"wp","href":"https:\/\/api.w.org\/{rel}","templated":true}]}}