{"id":471913,"date":"2023-04-27T09:48:34","date_gmt":"2023-04-27T07:48:34","guid":{"rendered":"https:\/\/lucacastelli.com\/prodotto\/petzl-simple\/"},"modified":"2023-04-27T09:48:34","modified_gmt":"2023-04-27T07:48:34","slug":"petzl-simple","status":"publish","type":"product","link":"https:\/\/lucacastelli.com\/fr\/produit\/petzl-simple\/","title":{"rendered":"PETZL SIMPLE"},"content":{"rendered":"<p>Descendeur sp\u00e9l\u00e9ologie simple et l\u00e9ger<\/p>\n<p>SIMPLE, comme son nom l\u2019indique, est un descendeur sp\u00e9l\u00e9ologique facile \u00e0 utiliser. Il est utilis\u00e9 avec des cordes semi-statiques de 8,5 \u00e0 11 mm de diam\u00e8tre. Avec un faible poids et un faible encombrement, il permet de progresser facilement dans les passages \u00e9troits. Les poulies peuvent \u00eatre pli\u00e9es ou remplac\u00e9es pour prolonger la dur\u00e9e de vie dans le temps.   <\/p>\n<p>Description<br \/>\nFacilit\u00e9 d\u2019utilisation :<br \/>\n&#8211; grande facilit\u00e9 d\u2019utilisation. La vitesse de descente peut \u00eatre ajust\u00e9e en serrant plus ou moins l\u2019extr\u00e9mit\u00e9 libre de la corde<br \/>\n, &#8211; le sch\u00e9ma d\u2019installation de la corde grav\u00e9 sur le descendeur,<br \/>\n &#8211; le clic d\u2019ouverture sur la bride d\u2019ouverture qui permet d\u2019ins\u00e9rer facilement la corde, en maintenant le dispositif connect\u00e9 au harnais, et en facilitant le franchissement des s\u00e9parations,<br \/>\n&#8211; long trou de connexion qui permet de replier le mousqueton FREINO Z et de rendre le descendeur captif lors du transfert du support d\u2019\u00e9quipement au point d\u2019attache.<br \/>\n&#8211; Compatible avec des cordes semi-statiques de 8,5 \u00e0 11 mm de diam\u00e8tre.<br \/>\nL\u00e9g\u00e8ret\u00e9 et faible encombrement :<br \/>\n&#8211; seulement 240 g,<br \/>\n&#8211; compos\u00e9 de deux poulies en aluminium pour favoriser la l\u00e9g\u00e8ret\u00e9,<br \/>\n&#8211; design sobre, pour r\u00e9duire le risque de coincement dans les passages \u00e9troits.<br \/>\nOptimisation de la dur\u00e9e de vie de l\u2019appareil en tournant les poulies ou en les rempla\u00e7ant (D004CA00).<br \/>\nSp\u00e9cifique<br \/>\nMat\u00e9riaux : aluminium<br \/>\nPoids : 240 g<br \/>\nCompatibilit\u00e9 corde : corde semi-statique de 8,5 \u00e0 11 mm<\/p>\n<table>\n<tbody>\n<tr>\n<th class=\"rowTitle\">R\u00e9f\u00e9rences<\/th>\n<th>D004AA00<\/th>\n<\/tr>\n<tr>\n<td class=\"rowTitle\">Couleur(s)<\/td>\n<td>Rouge <\/td>\n<\/tr>\n<tr>\n<td class=\"rowTitle\">Garantie<\/td>\n<td>3 ans<\/td>\n<\/tr>\n<tr>\n<td class=\"rowTitle\">Emballage<\/td>\n<td>1 <\/td>\n<\/tr>\n<\/tbody>\n<\/table>\n","protected":false},"excerpt":{"rendered":"<p>Descendeur sp\u00e9l\u00e9ologie simple et l\u00e9ger SIMPLE, comme son nom l\u2019indique, est un descendeur sp\u00e9l\u00e9ologique facile \u00e0 utiliser. Il est utilis\u00e9<\/p>\n","protected":false},"featured_media":94217,"template":"","meta":{"_seopress_robots_primary_cat":"","_seopress_titles_title":"","_seopress_titles_desc":"","_seopress_robots_index":""},"product_brand":[3667],"product_cat":[144,1408,1415],"product_tag":[],"class_list":{"0":"post-471913","1":"product","2":"type-product","3":"status-publish","4":"has-post-thumbnail","6":"product_brand-petzl-fr","7":"product_cat-equipement","8":"product_cat-equipements-de-loisirs","9":"product_cat-harnais-et-equipements-de-securite-fr","11":"first","12":"onbackorder","13":"shipping-taxable","14":"purchasable","15":"product-type-simple"},"_links":{"self":[{"href":"https:\/\/lucacastelli.com\/fr\/wp-json\/wp\/v2\/product\/471913","targetHints":{"allow":["GET"]}}],"collection":[{"href":"https:\/\/lucacastelli.com\/fr\/wp-json\/wp\/v2\/product"}],"about":[{"href":"https:\/\/lucacastelli.com\/fr\/wp-json\/wp\/v2\/types\/product"}],"wp:featuredmedia":[{"embeddable":true,"href":"https:\/\/lucacastelli.com\/fr\/wp-json\/wp\/v2\/media\/94217"}],"wp:attachment":[{"href":"https:\/\/lucacastelli.com\/fr\/wp-json\/wp\/v2\/media?parent=471913"}],"wp:term":[{"taxonomy":"product_brand","embeddable":true,"href":"https:\/\/lucacastelli.com\/fr\/wp-json\/wp\/v2\/product_brand?post=471913"},{"taxonomy":"product_cat","embeddable":true,"href":"https:\/\/lucacastelli.com\/fr\/wp-json\/wp\/v2\/product_cat?post=471913"},{"taxonomy":"product_tag","embeddable":true,"href":"https:\/\/lucacastelli.com\/fr\/wp-json\/wp\/v2\/product_tag?post=471913"}],"curies":[{"name":"wp","href":"https:\/\/api.w.org\/{rel}","templated":true}]}}