{"id":471908,"date":"2023-04-27T10:02:52","date_gmt":"2023-04-27T08:02:52","guid":{"rendered":"https:\/\/lucacastelli.com\/prodotto\/support-petzl\/"},"modified":"2023-04-27T10:02:52","modified_gmt":"2023-04-27T08:02:52","slug":"support-petzl","status":"publish","type":"product","link":"https:\/\/lucacastelli.com\/fr\/produit\/support-petzl\/","title":{"rendered":"SUPPORT PETZL"},"content":{"rendered":"<p>Descendeur de barre adapt\u00e9 aux longues descentes<\/p>\n<p>RACK est un descendeur de sp\u00e9l\u00e9ologie facile \u00e0 utiliser. Il s\u2019utilise avec des cordes semi-statiques de 9 \u00e0 13 mm de diam\u00e8tre (\u00e0 une extr\u00e9mit\u00e9) ou de 8 \u00e0 11 mm de diam\u00e8tre (sur deux brins) pour faciliter la r\u00e9alisation de longues descentes de plus de 80 m\u00e8tres. Les barres sont rempla\u00e7ables pour prolonger la dur\u00e9e d\u2019utilisation dans le temps.  <\/p>\n<p>Description<br \/>\nFacilit\u00e9 d\u2019utilisation :<br \/>\n&#8211; grande facilit\u00e9 d\u2019utilisation. Les barres peuvent \u00eatre facilement install\u00e9es sur la corde \u00e0 tout moment en fonction de la force de maintien souhait\u00e9e,<br \/>\n &#8211; compatible avec les cordes semi-statiques de 9 \u00e0 13 mm de diam\u00e8tre.<br \/>\nAdapt\u00e9 aux longues descentes (plus de 80 m\u00e8tres) :<br \/>\n&#8211; il peut \u00eatre utilis\u00e9 aux deux extr\u00e9mit\u00e9s, avec des cordes semi-statiques de 8 \u00e0 11 mm de diam\u00e8tre,<br \/>\n&#8211; excellente r\u00e9partition des frottements et de la chaleur pour pr\u00e9server la corde,<br \/>\n&#8211; il ne tord pas les cordes.<br \/>\nOptimisation de la dur\u00e9e de vie de l\u2019appareil gr\u00e2ce au remplacement des barres (D11300, D11250 et D11200).<br \/>\nSp\u00e9cifications<br \/>\nMat\u00e9riaux&nbsp;: structure en acier inoxydable, barres en aluminium.<br \/>\nPoids : 470 g<br \/>\nCompatibilit\u00e9 de la corde : corde semi-statique de 9 \u00e0 13 mm sur un brin, 8 \u00e0 11 mm sur deux brins<\/p>\n<table>\n<tbody>\n<tr>\n<th class=\"rowTitle\">R\u00e9f\u00e9rences<\/th>\n<th>Question n\u00b011<\/th>\n<\/tr>\n<tr>\n<td class=\"rowTitle\">Garantie<\/td>\n<td>3 ans<\/td>\n<\/tr>\n<tr>\n<td class=\"rowTitle\">Emballage<\/td>\n<td>1 <\/td>\n<\/tr>\n<\/tbody>\n<\/table>\n","protected":false},"excerpt":{"rendered":"<p>Descendeur de barre adapt\u00e9 aux longues descentes RACK est un descendeur de sp\u00e9l\u00e9ologie facile \u00e0 utiliser. Il s\u2019utilise avec des<\/p>\n","protected":false},"featured_media":94222,"template":"","meta":{"_seopress_robots_primary_cat":"","_seopress_titles_title":"","_seopress_titles_desc":"","_seopress_robots_index":""},"product_brand":[3667],"product_cat":[144,1408,1415],"product_tag":[],"class_list":{"0":"post-471908","1":"product","2":"type-product","3":"status-publish","4":"has-post-thumbnail","6":"product_brand-petzl-fr","7":"product_cat-equipement","8":"product_cat-equipements-de-loisirs","9":"product_cat-harnais-et-equipements-de-securite-fr","11":"first","12":"onbackorder","13":"shipping-taxable","14":"purchasable","15":"product-type-simple"},"_links":{"self":[{"href":"https:\/\/lucacastelli.com\/fr\/wp-json\/wp\/v2\/product\/471908","targetHints":{"allow":["GET"]}}],"collection":[{"href":"https:\/\/lucacastelli.com\/fr\/wp-json\/wp\/v2\/product"}],"about":[{"href":"https:\/\/lucacastelli.com\/fr\/wp-json\/wp\/v2\/types\/product"}],"wp:featuredmedia":[{"embeddable":true,"href":"https:\/\/lucacastelli.com\/fr\/wp-json\/wp\/v2\/media\/94222"}],"wp:attachment":[{"href":"https:\/\/lucacastelli.com\/fr\/wp-json\/wp\/v2\/media?parent=471908"}],"wp:term":[{"taxonomy":"product_brand","embeddable":true,"href":"https:\/\/lucacastelli.com\/fr\/wp-json\/wp\/v2\/product_brand?post=471908"},{"taxonomy":"product_cat","embeddable":true,"href":"https:\/\/lucacastelli.com\/fr\/wp-json\/wp\/v2\/product_cat?post=471908"},{"taxonomy":"product_tag","embeddable":true,"href":"https:\/\/lucacastelli.com\/fr\/wp-json\/wp\/v2\/product_tag?post=471908"}],"curies":[{"name":"wp","href":"https:\/\/api.w.org\/{rel}","templated":true}]}}