{"id":471902,"date":"2023-04-27T09:48:05","date_gmt":"2023-04-27T07:48:05","guid":{"rendered":"https:\/\/lucacastelli.com\/prodotto\/petzl-stop\/"},"modified":"2023-04-27T09:48:05","modified_gmt":"2023-04-27T07:48:05","slug":"petzl-stop","status":"publish","type":"product","link":"https:\/\/lucacastelli.com\/fr\/produit\/petzl-stop\/","title":{"rendered":"PETZL STOP"},"content":{"rendered":"<p>Descendeurs de sp\u00e9l\u00e9ologie avec syst\u00e8me de freinage assist\u00e9<\/p>\n<p>La descente avec freinage assist\u00e9 pour vos explorations rocheuses ! STOP est un descendeur sp\u00e9l\u00e9ologique \u00e0 freinage assist\u00e9 qui s\u2019utilise avec des cordes semi-statiques de 8,5 \u00e0 11 mm de diam\u00e8tre. Il permet un meilleur contr\u00f4le de la descente et facilite les man\u0153uvres de corde. La prise en main et l\u2019utilisation sont particuli\u00e8rement confortables, gr\u00e2ce \u00e0 la poign\u00e9e ergonomique. Con\u00e7u en acier inoxydable sur les zones de frottement, il vous suit solidement dans toutes vos excursions !    <\/p>\n<p>Description<br \/>\nContr\u00f4le de la descente en rappel :<br \/>\n&#8211; syst\u00e8me de freinage assist\u00e9 qui permet un meilleur contr\u00f4le de l\u2019rappel,<br \/>\n&#8211; man\u0153uvres sur cordes facilit\u00e9es pour le passage des relais,<br \/>\n&#8211; compatible avec les cordes semi-statiques de 8,5 \u00e0 11 mm de diam\u00e8tre.<br \/>\nConfort d\u2019utilisation :<br \/>\n&#8211; prise en main confortable et facilit\u00e9 de lib\u00e9ration de la corde, gr\u00e2ce \u00e0 la poign\u00e9e ergonomique<br \/>\n&#8211; poign\u00e9e orient\u00e9e vers l\u2019utilisateur pour un meilleur contr\u00f4le du glissement de la corde,<br \/>\n&#8211; r\u00e9duction de la poign\u00e9e pour une descente confortable,<br \/>\n&#8211; sch\u00e9ma d\u2019installation de la corde grav\u00e9 sur le descendeur,<br \/>\n&#8211; clic d\u2019ouverture sur la bride d\u2019ouverture qui permet d\u2019ins\u00e9rer facilement la corde, en maintenant l\u2019appareil connect\u00e9 au harnais,<br \/>\n&#8211; long trou de connexion qui permet de replier le mousqueton FREINO Z et de rendre le descendeur captif lors du transfert du support d\u2019\u00e9quipement au point d\u2019attache.<br \/>\nExcellente r\u00e9sistance, gr\u00e2ce \u00e0 la poulie et \u00e0 la came en inox.<br \/>\nSp\u00e9cifique<br \/>\nMat\u00e9riaux : brides en aluminium, poulie et came en acier inoxydable<br \/>\nPoids : 350 g<br \/>\nCompatibilit\u00e9 corde : corde semi-statique de 8,5 \u00e0 11 mm<br \/>\nCertification(s) : CE EN 15151-1, UKCA<\/p>\n<table>\n<tbody>\n<tr>\n<th class=\"rowTitle\">R\u00e9f\u00e9rences<\/th>\n<th>D009AA00<\/th>\n<\/tr>\n<tr>\n<td class=\"rowTitle\">Couleur(s)<\/td>\n<td>Bleu <\/td>\n<\/tr>\n<tr>\n<td class=\"rowTitle\">Garantie<\/td>\n<td>3 ans<\/td>\n<\/tr>\n<tr>\n<td class=\"rowTitle\">Emballage<\/td>\n<td>1 <\/td>\n<\/tr>\n<\/tbody>\n<\/table>\n","protected":false},"excerpt":{"rendered":"<p>Descendeurs de sp\u00e9l\u00e9ologie avec syst\u00e8me de freinage assist\u00e9 La descente avec freinage assist\u00e9 pour vos explorations rocheuses ! STOP est<\/p>\n","protected":false},"featured_media":94212,"template":"","meta":{"_seopress_robots_primary_cat":"","_seopress_titles_title":"","_seopress_titles_desc":"","_seopress_robots_index":""},"product_brand":[3666],"product_cat":[150,1409,1410],"product_tag":[],"class_list":{"0":"post-471902","1":"product","2":"type-product","3":"status-publish","4":"has-post-thumbnail","6":"product_brand-petzl-de","7":"product_cat-ausrustung","8":"product_cat-freizeitausrustung","9":"product_cat-auffanggurte-und-sicherheitsausrustung-de","11":"first","12":"onbackorder","13":"shipping-taxable","14":"purchasable","15":"product-type-simple"},"_links":{"self":[{"href":"https:\/\/lucacastelli.com\/fr\/wp-json\/wp\/v2\/product\/471902","targetHints":{"allow":["GET"]}}],"collection":[{"href":"https:\/\/lucacastelli.com\/fr\/wp-json\/wp\/v2\/product"}],"about":[{"href":"https:\/\/lucacastelli.com\/fr\/wp-json\/wp\/v2\/types\/product"}],"wp:featuredmedia":[{"embeddable":true,"href":"https:\/\/lucacastelli.com\/fr\/wp-json\/wp\/v2\/media\/94212"}],"wp:attachment":[{"href":"https:\/\/lucacastelli.com\/fr\/wp-json\/wp\/v2\/media?parent=471902"}],"wp:term":[{"taxonomy":"product_brand","embeddable":true,"href":"https:\/\/lucacastelli.com\/fr\/wp-json\/wp\/v2\/product_brand?post=471902"},{"taxonomy":"product_cat","embeddable":true,"href":"https:\/\/lucacastelli.com\/fr\/wp-json\/wp\/v2\/product_cat?post=471902"},{"taxonomy":"product_tag","embeddable":true,"href":"https:\/\/lucacastelli.com\/fr\/wp-json\/wp\/v2\/product_tag?post=471902"}],"curies":[{"name":"wp","href":"https:\/\/api.w.org\/{rel}","templated":true}]}}