{"id":471901,"date":"2023-04-27T09:32:33","date_gmt":"2023-04-27T07:32:33","guid":{"rendered":"https:\/\/lucacastelli.com\/prodotto\/petzl-vers\/"},"modified":"2023-04-27T09:32:33","modified_gmt":"2023-04-27T07:32:33","slug":"petzl-vers","status":"publish","type":"product","link":"https:\/\/lucacastelli.com\/fr\/produit\/petzl-vers\/","title":{"rendered":"PETZL VERS"},"content":{"rendered":"<p>Appareil d\u2019assurage compact et l\u00e9ger pour une utilisation avec un ou deux brins de corde et pour permettre la descente en rappel<\/p>\n<p>Le plus l\u00e9ger de la gamme Petzl ! VERSO est un appareil d\u2019assurage facile \u00e0 utiliser. Gr\u00e2ce \u00e0 lui, il est possible d\u2019assurer un grimpeur ou de faire des rappels. La conception sp\u00e9cifique permet \u00e0 la corde de glisser facilement \u00e0 travers l\u2019appareil, la prot\u00e9geant ainsi de l\u2019usure. Il convient \u00e0 la plupart des diam\u00e8tres de corde : simple de 8,5 \u00e0 10,5 mm, demi-7,1 \u00e0 9,2 mm et jumel\u00e9e de 6,9 \u00e0 9,2 mm.    <\/p>\n<p>Description<br \/>\nConvient \u00e0 tous les diam\u00e8tres de corde :<br \/>\n&#8211; compatible avec les cordes \u00e0 simple dynamiques d\u2019un diam\u00e8tre compris entre 8,5 et 11 mm.<br \/>\n&#8211; Compatible avec les demi-cordes dynamiques d\u2019un diam\u00e8tre de 7,1 \u00e0 9,2 mm.<br \/>\n&#8211; Compatible avec les cordes jumel\u00e9es dynamiques d\u2019un diam\u00e8tre compris entre 6,9 et 9,2 mm.<br \/>\nFacilit\u00e9 d\u2019utilisation :<br \/>\n&#8211; technique courante, bas\u00e9e sur l\u2019accompagnement de la corde dans le dispositif et le maintien permanent d\u2019une main sur la corde c\u00f4t\u00e9 freinage,<br \/>\n&#8211; contr\u00f4le de l\u2019action de freinage, gr\u00e2ce aux rainures de freinage rainur\u00e9es en V,<br \/>\n&#8211; fluidit\u00e9 de la corde glissant dans le dispositif,<br \/>\n&#8211; permet de s\u00e9curiser et de descendre en rappel un grimpeur,<br \/>\n&#8211; dessins d\u2019installation grav\u00e9s sur le dispositif d\u2019assurage (pour l\u2019assurage et la descente en rappel).<br \/>\nL\u00e9g\u00e8ret\u00e9 et r\u00e9sistance :<br \/>\n&#8211; compact et ultra-l\u00e9ger : seulement 55 g.<br \/>\n&#8211; Dur\u00e9e de vie plus longue, gr\u00e2ce \u00e0 la conception arrondie du passe-c\u00e2ble, qui r\u00e9duit l\u2019usure de l\u2019appareil.<br \/>\nSp\u00e9cifique<br \/>\nPoids : 55 g<br \/>\nCompatibilit\u00e9 corde : corde \u00e0 simple de 8,5 \u00e0 11 mm, corde \u00e0 double de 7,1 \u00e0 9,2 mm et corde jumel\u00e9e de 6,9 \u00e0 9,2 mm<br \/>\nMat\u00e9riaux : Corps en aluminium<br \/>\nCertification(s) : EN 15151-2, UIAA<\/p>\n<table>\n<tbody>\n<tr>\n<th class=\"rowTitle\">R\u00e9f\u00e9rences<\/th>\n<th>\n D019AA00<\/th>\n<th>D019AA01<\/th>\n<\/tr>\n<tr>\n<td class=\"rowTitle\">Couleur(s)<\/td>\n<td>Gris <\/td>\n<td>Vert <\/td>\n<\/tr>\n<tr>\n<td class=\"rowTitle\">Garantie<\/td>\n<td>3 ans<\/td>\n<td>3 ans<\/td>\n<\/tr>\n<tr>\n<td class=\"rowTitle\">Emballage<\/td>\n<td> <\/td>\n<p> 1<\/p>\n<td>1 <\/td>\n<\/tr>\n<\/tbody>\n<\/table>\n","protected":false},"excerpt":{"rendered":"<p>Appareil d\u2019assurage compact et l\u00e9ger pour une utilisation avec un ou deux brins de corde et pour permettre la descente<\/p>\n","protected":false},"featured_media":94188,"template":"","meta":{"_seopress_robots_primary_cat":"","_seopress_titles_title":"","_seopress_titles_desc":"","_seopress_robots_index":""},"product_brand":[3667],"product_cat":[144,1408,1415],"product_tag":[],"class_list":{"0":"post-471901","1":"product","2":"type-product","3":"status-publish","4":"has-post-thumbnail","6":"product_brand-petzl-fr","7":"product_cat-equipement","8":"product_cat-equipements-de-loisirs","9":"product_cat-harnais-et-equipements-de-securite-fr","11":"first","12":"onbackorder","13":"shipping-taxable","14":"purchasable","15":"product-type-variable"},"_links":{"self":[{"href":"https:\/\/lucacastelli.com\/fr\/wp-json\/wp\/v2\/product\/471901","targetHints":{"allow":["GET"]}}],"collection":[{"href":"https:\/\/lucacastelli.com\/fr\/wp-json\/wp\/v2\/product"}],"about":[{"href":"https:\/\/lucacastelli.com\/fr\/wp-json\/wp\/v2\/types\/product"}],"wp:featuredmedia":[{"embeddable":true,"href":"https:\/\/lucacastelli.com\/fr\/wp-json\/wp\/v2\/media\/94188"}],"wp:attachment":[{"href":"https:\/\/lucacastelli.com\/fr\/wp-json\/wp\/v2\/media?parent=471901"}],"wp:term":[{"taxonomy":"product_brand","embeddable":true,"href":"https:\/\/lucacastelli.com\/fr\/wp-json\/wp\/v2\/product_brand?post=471901"},{"taxonomy":"product_cat","embeddable":true,"href":"https:\/\/lucacastelli.com\/fr\/wp-json\/wp\/v2\/product_cat?post=471901"},{"taxonomy":"product_tag","embeddable":true,"href":"https:\/\/lucacastelli.com\/fr\/wp-json\/wp\/v2\/product_tag?post=471901"}],"curies":[{"name":"wp","href":"https:\/\/api.w.org\/{rel}","templated":true}]}}