{"id":471889,"date":"2023-04-27T09:35:49","date_gmt":"2023-04-27T07:35:49","guid":{"rendered":"https:\/\/lucacastelli.com\/prodotto\/petzl-huit-antibrulure\/"},"modified":"2023-04-27T09:35:49","modified_gmt":"2023-04-27T07:35:49","slug":"petzl-huit-antibrulure","status":"publish","type":"product","link":"https:\/\/lucacastelli.com\/fr\/produit\/petzl-huit-antibrulure\/","title":{"rendered":"PETZL HUIT ANTIBRULURE"},"content":{"rendered":"<p>Descendeur en forme de huit avec poign\u00e9e anti-br\u00fblure<\/p>\n<p>La version anodis\u00e9e du HUIT avec poign\u00e9e anti-br\u00fblure pour saisir, sans risque, l\u2019appareil chauff\u00e9 lors d\u2019une descente longue ou rapide.<\/p>\n<p>Description<br \/>\nForme carr\u00e9e pour r\u00e9duire le pliage des cordes et la formation de n\u0153uds \u00e0 l\u2019air libre.<br \/>\nAluminium forg\u00e9 \u00e0 haute r\u00e9sistance.<br \/>\nPetit trou qui peut \u00eatre utilis\u00e9 en cas d\u2019urgence avec une corde fine ou comme plaque d\u2019assurage.<br \/>\nCaract\u00e9ristiques<br \/>\nMat\u00e9riaux : aluminium<br \/>\nPoids : 110 g<br \/>\nCompatibilit\u00e9 corde : elle s\u2019utilise sur des cordes de 8 \u00e0 13 mm de diam\u00e8tre<\/p>\n<table>\n<tbody>\n<tr>\n<th class=\"rowTitle\">R\u00e9f\u00e9rences<\/th>\n<th>D01<\/th>\n<\/tr>\n<tr>\n<td class=\"rowTitle\">Garantie<\/td>\n<td>3 ans<\/td>\n<\/tr>\n<tr>\n<td class=\"rowTitle\">Emballage<\/td>\n<td>1 <\/td>\n<\/tr>\n<\/tbody>\n<\/table>\n","protected":false},"excerpt":{"rendered":"<p>Descendeur en forme de huit avec poign\u00e9e anti-br\u00fblure La version anodis\u00e9e du HUIT avec poign\u00e9e anti-br\u00fblure pour saisir, sans risque,<\/p>\n","protected":false},"featured_media":94207,"template":"","meta":{"_seopress_robots_primary_cat":"","_seopress_titles_title":"","_seopress_titles_desc":"","_seopress_robots_index":""},"product_brand":[3666],"product_cat":[150,1409,1410],"product_tag":[],"class_list":{"0":"post-471889","1":"product","2":"type-product","3":"status-publish","4":"has-post-thumbnail","6":"product_brand-petzl-de","7":"product_cat-ausrustung","8":"product_cat-freizeitausrustung","9":"product_cat-auffanggurte-und-sicherheitsausrustung-de","11":"first","12":"onbackorder","13":"shipping-taxable","14":"purchasable","15":"product-type-simple"},"_links":{"self":[{"href":"https:\/\/lucacastelli.com\/fr\/wp-json\/wp\/v2\/product\/471889","targetHints":{"allow":["GET"]}}],"collection":[{"href":"https:\/\/lucacastelli.com\/fr\/wp-json\/wp\/v2\/product"}],"about":[{"href":"https:\/\/lucacastelli.com\/fr\/wp-json\/wp\/v2\/types\/product"}],"wp:featuredmedia":[{"embeddable":true,"href":"https:\/\/lucacastelli.com\/fr\/wp-json\/wp\/v2\/media\/94207"}],"wp:attachment":[{"href":"https:\/\/lucacastelli.com\/fr\/wp-json\/wp\/v2\/media?parent=471889"}],"wp:term":[{"taxonomy":"product_brand","embeddable":true,"href":"https:\/\/lucacastelli.com\/fr\/wp-json\/wp\/v2\/product_brand?post=471889"},{"taxonomy":"product_cat","embeddable":true,"href":"https:\/\/lucacastelli.com\/fr\/wp-json\/wp\/v2\/product_cat?post=471889"},{"taxonomy":"product_tag","embeddable":true,"href":"https:\/\/lucacastelli.com\/fr\/wp-json\/wp\/v2\/product_tag?post=471889"}],"curies":[{"name":"wp","href":"https:\/\/api.w.org\/{rel}","templated":true}]}}