{"id":471887,"date":"2023-04-27T09:16:16","date_gmt":"2023-04-27T07:16:16","guid":{"rendered":"https:\/\/lucacastelli.com\/prodotto\/petzl-grigri-2\/"},"modified":"2023-04-27T09:16:16","modified_gmt":"2023-04-27T07:16:16","slug":"petzl-grigri-2","status":"publish","type":"product","link":"https:\/\/lucacastelli.com\/fr\/produit\/petzl-grigri-2\/","title":{"rendered":"PETZL GRIGRI"},"content":{"rendered":"<p>Appareil d\u2019assurage avec verrouillage assist\u00e9 par came<\/p>\n<p>Il n\u2019a pas besoin d\u2019\u00eatre pr\u00e9sent\u00e9. GRIGRI est l\u2019assureur de r\u00e9f\u00e9rence. Que vous soyez \u00e0 la salle de sport ou en falaise, il facilite l\u2019assurage, gr\u00e2ce au verrouillage assist\u00e9 par came. Il dispose d\u2019une poign\u00e9e ergonomique qui assure un contr\u00f4le facile pour une descente en douceur et confortable. Compacte et l\u00e9g\u00e8re, elle peut \u00eatre utilis\u00e9e avec toutes les cordes \u00e0 simple d\u2019un diam\u00e8tre compris entre 8,5 et 11 mm. Parfait pour les itin\u00e9raires de travail !    <\/p>\n<p>Description<br \/>\nAssureur \u00e0 verrouillage assist\u00e9 par came pour la pratique en falaise et en salle de sport :<br \/>\n&#8211; technique courante, bas\u00e9e sur l\u2019accompagnement de la corde dans l\u2019appareil et le maintien permanent d\u2019une main sur la corde c\u00f4t\u00e9 freinage,<br \/>\n &#8211; confort d\u2019assurage, gr\u00e2ce au verrouillage assist\u00e9 par came : en cas de chute ou de repos, la corde est tendue, la came tourne et tend la corde pour la bloquer,<br \/>\n&#8211; verrouillage assist\u00e9 par came qui garantit une grande tol\u00e9rance de la main c\u00f4t\u00e9 freinage, quel que soit l\u2019angle entre la corde du grimpeur et le c\u00f4t\u00e9 freinage,<br \/>\n &#8211; dessin d\u2019installation sur la corde grav\u00e9 sur le dispositif d\u2019assurage (int\u00e9rieur et ext\u00e9rieur).<br \/>\nConfort exceptionnel lors de la descente :<br \/>\n&#8211; prise en main confortable et facilit\u00e9 de d\u00e9gagement de la corde, gr\u00e2ce \u00e0 la poign\u00e9e ergonomique,<br \/>\n&#8211; contr\u00f4le tr\u00e8s progressif du glissement de la corde pour assurer une descente douce et confortable,<br \/>\n&#8211; r\u00e9duction de la poign\u00e9e par 3 pour un meilleur contr\u00f4le du glissement de la corde sur les petits diam\u00e8tres et moins d\u2019effort sur la poign\u00e9e pour les grands diam\u00e8tres de corde.<br \/>\nDestin\u00e9 \u00e0 tous les utilisateurs :<br \/>\n&#8211; manipulation simple qui permet l\u2019assurage en moulinette ou en moulinette,<br \/>\n&#8211; rapport optimis\u00e9 entre l\u00e9g\u00e8ret\u00e9 (175 g), compacit\u00e9 et r\u00e9sistance,<br \/>\n&#8211; compatible avec toutes les cordes \u00e0 simple dynamiques de 8,5 \u00e0 11 mm et optimis\u00e9 pour les cordes d\u2019un diam\u00e8tre compris entre 8,9 et 10,5 mm.<\/p>\n<p>Sp\u00e9cifications<br \/>\nPoids : 175 g<br \/>\nCompatibilit\u00e9 corde : 8,5 \u00e0 11 mm<br \/>\nCorde simple Mat\u00e9riaux : brides en aluminium, support de frein et de came en acier inoxydable, poign\u00e9e en nylon renforc\u00e9<br \/>\nCertification(s) : CE EN 15151-1, UIAA<\/p>\n<table>\n<tbody>\n<tr>\n<th class=\"rowTitle\">R\u00e9f\u00e9rences<\/th>\n<th>\n D014BA00<\/th>\n<th>\n D014BA01<\/th>\n<th>D014BA02<\/th>\n<\/tr>\n<tr>\n<td class=\"rowTitle\">Couleur(s)<\/td>\n<td>Gris <\/td>\n<td>Rouge\/Orange <\/td>\n<td>Bleu <\/td>\n<\/tr>\n<tr>\n<td class=\"rowTitle\">Garantie<\/td>\n<td>3 ans<\/td>\n<td>3 ans<\/td>\n<td>3 ans<\/td>\n<\/tr>\n<tr>\n<td class=\"rowTitle\">Emballage<\/td>\n<td> <\/td>\n<p> 1<\/p>\n<td> <\/td>\n<p> 1<\/p>\n<td>1 <\/td>\n<\/tr>\n<\/tbody>\n<\/table>\n","protected":false},"excerpt":{"rendered":"<p>Appareil d\u2019assurage avec verrouillage assist\u00e9 par came Il n\u2019a pas besoin d\u2019\u00eatre pr\u00e9sent\u00e9. GRIGRI est l\u2019assureur de r\u00e9f\u00e9rence. Que vous<\/p>\n","protected":false},"featured_media":94148,"template":"","meta":{"_seopress_robots_primary_cat":"","_seopress_titles_title":"","_seopress_titles_desc":"","_seopress_robots_index":""},"product_brand":[3446],"product_cat":[33,537,814,211,818],"product_tag":[],"class_list":{"0":"post-471887","1":"product","2":"type-product","3":"status-publish","4":"has-post-thumbnail","6":"product_brand-petzl","7":"product_cat-attrezzature","8":"product_cat-attrezzatura-da-lavoro","9":"product_cat-imbraghi-e-materiale-di-sicurezza","10":"product_cat-attrezzatura-per-il-tempo-libero","11":"product_cat-imbraghi-e-materiale-di-sicurezza-attrezzatura-per-il-tempo-libero","13":"first","14":"onbackorder","15":"shipping-taxable","16":"purchasable","17":"product-type-variable"},"_links":{"self":[{"href":"https:\/\/lucacastelli.com\/fr\/wp-json\/wp\/v2\/product\/471887","targetHints":{"allow":["GET"]}}],"collection":[{"href":"https:\/\/lucacastelli.com\/fr\/wp-json\/wp\/v2\/product"}],"about":[{"href":"https:\/\/lucacastelli.com\/fr\/wp-json\/wp\/v2\/types\/product"}],"wp:featuredmedia":[{"embeddable":true,"href":"https:\/\/lucacastelli.com\/fr\/wp-json\/wp\/v2\/media\/94148"}],"wp:attachment":[{"href":"https:\/\/lucacastelli.com\/fr\/wp-json\/wp\/v2\/media?parent=471887"}],"wp:term":[{"taxonomy":"product_brand","embeddable":true,"href":"https:\/\/lucacastelli.com\/fr\/wp-json\/wp\/v2\/product_brand?post=471887"},{"taxonomy":"product_cat","embeddable":true,"href":"https:\/\/lucacastelli.com\/fr\/wp-json\/wp\/v2\/product_cat?post=471887"},{"taxonomy":"product_tag","embeddable":true,"href":"https:\/\/lucacastelli.com\/fr\/wp-json\/wp\/v2\/product_tag?post=471887"}],"curies":[{"name":"wp","href":"https:\/\/api.w.org\/{rel}","templated":true}]}}