{"id":471877,"date":"2023-04-22T15:39:36","date_gmt":"2023-04-22T13:39:36","guid":{"rendered":"https:\/\/lucacastelli.com\/prodotto\/petzl-oxan\/"},"modified":"2025-11-20T11:51:27","modified_gmt":"2025-11-20T10:51:27","slug":"petzl-oxan","status":"publish","type":"product","link":"https:\/\/lucacastelli.com\/fr\/produit\/petzl-oxan\/","title":{"rendered":"PETZL OXAN"},"content":{"rendered":"<p>Mousqueton ovale haute r\u00e9sistance<\/p>\n<p>OXAN est un mousqueton en acier \u00e0 haute r\u00e9sistance destin\u00e9 \u00e0 \u00eatre utilis\u00e9 dans des environnements difficiles. La forme ovale et sym\u00e9trique permet au mousqueton d\u2019\u00eatre positionn\u00e9 de mani\u00e8re optimale lors de la fabrication d\u2019ancrages ou de la connexion \u00e0 des structures m\u00e9talliques. Il est disponible en deux syst\u00e8mes de verrouillage : le syst\u00e8me automatique TRIACT-LOCK et le syst\u00e8me manuel SCREW-LOCK. OXAN TRIACT-LOCK est disponible en version europ\u00e9enne et internationale. OXAN peut \u00eatre combin\u00e9 avec la barre CAPTIV pour faciliter le stress du mousqueton sur le grand axe, r\u00e9duire son renversement et le rendre solidaire de l\u2019appareil.    <\/p>\n<p>Description<\/p>\n<p>Mousqueton<br \/>\nen acier \u00e0 haute r\u00e9sistance pour une utilisation dans des environnements difficiles et particuli\u00e8rement adapt\u00e9 \u00e0 la fabrication d\u2019ancrages ou \u00e0 la connexion \u00e0 des structures m\u00e9talliques.<br \/>\nForme ovale et sym\u00e9trique pour positionner le mousqueton de mani\u00e8re optimale.<br \/>\nIl peut \u00eatre combin\u00e9 avec la barre CAPTIV pour faciliter le stress du mousqueton sur le grand axe, l\u2019int\u00e9grer au dispositif et r\u00e9duire le risque de renversement.<br \/>\nFacilite les man\u0153uvres :<br \/>\n&#8211; conception interne fluide pour r\u00e9duire le risque de coutures stables et faciliter la rotation du mousqueton,<br \/>\n&#8211; Syst\u00e8me Keylock pour \u00e9viter l\u2019accrochage involontaire du mousqueton.<br \/>\nProfil en H :<br \/>\n&#8211; garantit un rapport r\u00e9sistance\/l\u00e9g\u00e8ret\u00e9 optimal,<br \/>\n&#8211; prot\u00e8ge les marquages de l\u2019abrasion.<br \/>\nDisponible en deux versions de syst\u00e8me de verrouillage :<br \/>\n&#8211; TRIACT-LOCK : verrouillage automatique avec ouverture \u00e0 triple action,<br \/>\n&#8211; SCREW-LOCK : verrouillage manuel par vis avec indicateur visuel rouge lorsque le mousqueton n\u2019est pas verrouill\u00e9.<br \/>\nDisponible en versions europ\u00e9enne et internationale.<br \/>\n\u00c9galement disponible dans la version noire.<\/p>\n<p>Sp\u00e9cifications<br \/>\nMat\u00e9riaux&nbsp;: acier<\/p>\n<table>\n<tbody>\n<tr>\n<th class=\"rowTitle\">R\u00e9f\u00e9rences<\/th>\n<th>M72A TL<\/th>\n<th>M72A SL<\/th>\n<th>M72A TLA<\/th>\n<th>M72A TLN<\/th>\n<th>M72A SLN<\/th>\n<\/tr>\n<tr>\n<td class=\"rowTitle\">Syst\u00e8me de verrouillage<\/td>\n<td>SERRURE TRIACT  <\/td>\n<td>VERROU \u00c0 VIS  <\/td>\n<td>SERRURE TRIACT  <\/td>\n<td>SERRURE TRIACT  <\/td>\n<td>VERROU \u00c0 VIS  <\/td>\n<\/tr>\n<tr>\n<td class=\"rowTitle\">Certification(s)<\/td>\n<td>CE EN 362, NFPA<br \/>\n 2500 Utilisation technique, EAC<br \/>\n, UKCA  <\/td>\n<td>CE EN 362, NFPA<br \/>\n 2500 Utilisation technique, EAC<br \/>\n, UKCA  <\/td>\n<td>CE EN 362, ANSI<br \/>\n Z359.12, NFPA<br \/>\n 2500 Utilisation technique, CSA<br \/>\n Z259.12, EAC<br \/>\n, UKCA  <\/td>\n<td>CE EN 362, ANSI<br \/>\n Z359.12, NFPA<br \/>\n 2500 Utilisation technique, CSA<br \/>\n Z259.12, EAC<br \/>\n, UKCA  <\/td>\n<td>CE EN 362, NFPA<br \/>\n 2500 Utilisation technique, EAC<br \/>\n, UKCA  <\/td>\n<\/tr>\n<tr>\n<td class=\"rowTitle\">Couleur(s)<\/td>\n<td>or  <\/td>\n<td>or  <\/td>\n<td>or  <\/td>\n<td>noir  <\/td>\n<td>noir  <\/td>\n<\/tr>\n<tr>\n<td class=\"rowTitle\">R\u00e9sistance des grands axes<\/td>\n<td>38 kN<\/td>\n<td>38 kN<\/td>\n<td>38 kN<\/td>\n<td>38 kN<\/td>\n<td>38 kN<\/td>\n<\/tr>\n<tr>\n<td class=\"rowTitle\">R\u00e9sistance des petits axes<\/td>\n<td>16 kN<\/td>\n<td>16 kN<\/td>\n<td>16 kN<\/td>\n<td>16 kN<\/td>\n<td>16 kN<\/td>\n<\/tr>\n<tr>\n<td class=\"rowTitle\">R\u00e9sistance \u00e0 levier ouvert<\/td>\n<td>15 kN<\/td>\n<td>15 kN<\/td>\n<td>15 kN<\/td>\n<td>15 kN<\/td>\n<td>15 kN<\/td>\n<\/tr>\n<tr>\n<td class=\"rowTitle\">Ouverture<\/td>\n<td>22 millim\u00e8tres<\/td>\n<td>22 millim\u00e8tres<\/td>\n<td>20 millim\u00e8tre<\/td>\n<td>20 millim\u00e8tre<\/td>\n<td>22 millim\u00e8tres<\/td>\n<\/tr>\n<tr>\n<td class=\"rowTitle\">Poids<\/td>\n<td>195 grammes<\/td>\n<td>185 grammes<\/td>\n<td>230 grammes<\/td>\n<td>230 grammes<\/td>\n<td>185 grammes<\/td>\n<\/tr>\n<tr>\n<td class=\"rowTitle\">Garantie<\/td>\n<td>3 ans<\/td>\n<td>3 ans<\/td>\n<td>3 ans<\/td>\n<td>3 ans<\/td>\n<td>3 ans<\/td>\n<\/tr>\n<tr>\n<td class=\"rowTitle\">Emballage<\/td>\n<td>1  <\/td>\n<td>1  <\/td>\n<td>1  <\/td>\n<td>1  <\/td>\n<td>1  <\/td>\n<\/tr>\n<\/tbody>\n<\/table>\n","protected":false},"excerpt":{"rendered":"<p>Mousqueton ovale haute r\u00e9sistance OXAN est un mousqueton en acier \u00e0 haute r\u00e9sistance destin\u00e9 \u00e0 \u00eatre utilis\u00e9 dans des environnements<\/p>\n","protected":false},"featured_media":94051,"template":"","meta":{"_seopress_robots_primary_cat":"","_seopress_titles_title":"","_seopress_titles_desc":"","_seopress_robots_index":""},"product_brand":[3667],"product_cat":[144,1397,1402,1408,1415],"product_tag":[],"class_list":{"0":"post-471877","1":"product","2":"type-product","3":"status-publish","4":"has-post-thumbnail","6":"product_brand-petzl-fr","7":"product_cat-equipement","8":"product_cat-equipement-de-travail","9":"product_cat-harnais-et-equipements-de-securite","10":"product_cat-equipements-de-loisirs","11":"product_cat-harnais-et-equipements-de-securite-fr","13":"first","14":"instock","15":"shipping-taxable","16":"purchasable","17":"product-type-variable"},"_links":{"self":[{"href":"https:\/\/lucacastelli.com\/fr\/wp-json\/wp\/v2\/product\/471877","targetHints":{"allow":["GET"]}}],"collection":[{"href":"https:\/\/lucacastelli.com\/fr\/wp-json\/wp\/v2\/product"}],"about":[{"href":"https:\/\/lucacastelli.com\/fr\/wp-json\/wp\/v2\/types\/product"}],"wp:featuredmedia":[{"embeddable":true,"href":"https:\/\/lucacastelli.com\/fr\/wp-json\/wp\/v2\/media\/94051"}],"wp:attachment":[{"href":"https:\/\/lucacastelli.com\/fr\/wp-json\/wp\/v2\/media?parent=471877"}],"wp:term":[{"taxonomy":"product_brand","embeddable":true,"href":"https:\/\/lucacastelli.com\/fr\/wp-json\/wp\/v2\/product_brand?post=471877"},{"taxonomy":"product_cat","embeddable":true,"href":"https:\/\/lucacastelli.com\/fr\/wp-json\/wp\/v2\/product_cat?post=471877"},{"taxonomy":"product_tag","embeddable":true,"href":"https:\/\/lucacastelli.com\/fr\/wp-json\/wp\/v2\/product_tag?post=471877"}],"curies":[{"name":"wp","href":"https:\/\/api.w.org\/{rel}","templated":true}]}}