{"id":471864,"date":"2023-04-27T08:59:22","date_gmt":"2023-04-27T06:59:22","guid":{"rendered":"https:\/\/lucacastelli.com\/prodotto\/petzl-grigri\/"},"modified":"2023-04-27T08:59:22","modified_gmt":"2023-04-27T06:59:22","slug":"petzl-grigri","status":"publish","type":"product","link":"https:\/\/lucacastelli.com\/fr\/produit\/petzl-grigri\/","title":{"rendered":"PETZL GRIGRI +"},"content":{"rendered":"<p>Assureur avec verrouillage assist\u00e9 par came et poign\u00e9e anti-panique, particuli\u00e8rement adapt\u00e9 \u00e0 l\u2019entra\u00eenement et \u00e0 l\u2019utilisation intensive<\/p>\n<p>L\u2019assurance facultative compl\u00e8te&nbsp;! Particuli\u00e8rement adapt\u00e9 \u00e0 l\u2019entra\u00eenement, gr\u00e2ce \u00e0 la poign\u00e9e anti-panique, GRIGRI+ est un appareil d\u2019assurage avec verrouillage assist\u00e9 pour l\u2019escalade en salle et en falaise. Un bouton s\u00e9lecteur vous permet de choisir entre deux modes d\u2019assurage : l\u2019escalade en moulinette ou l\u2019escalade en t\u00eate. Renforc\u00e9e pour un usage intensif, elle peut \u00eatre utilis\u00e9e avec toutes les cordes \u00e0 simple d\u2019un diam\u00e8tre compris entre 8,5 et 11 mm.   <\/p>\n<p>Description<br \/>\nAssureur assist\u00e9 par came pour la pratique en falaise et en salle :<br \/>\n&#8211; technique courante, bas\u00e9e sur l\u2019accompagnement de la corde dans l\u2019appareil et le maintien permanent d\u2019une main sur la corde c\u00f4t\u00e9 freinage,<br \/>\n&#8211; confort d\u2019assurage, gr\u00e2ce au verrouillage assist\u00e9 par came : en cas de chute ou de repos du grimpeur, la corde est tendue, la came tourne et resserre la corde pour la bloquer,<br \/>\n&#8211; verrouillage assist\u00e9 par came qui garantit une grande tol\u00e9rance de la main c\u00f4t\u00e9 freinage, quel que soit l\u2019angle entre la corde du grimpeur et le c\u00f4t\u00e9 freinage,<br \/>\n &#8211; dessin d\u2019installation sur la corde grav\u00e9 sur le dispositif d\u2019assurage (int\u00e9rieur et ext\u00e9rieur).<br \/>\nConfort exceptionnel lors de la descente :<br \/>\n&#8211; prise en main confortable et facilit\u00e9 de d\u00e9gagement de la corde, gr\u00e2ce \u00e0 la poign\u00e9e ergonomique,<br \/>\n&#8211; contr\u00f4le tr\u00e8s progressif du glissement de la corde pour assurer une descente douce et confortable,<br \/>\n&#8211; r\u00e9duction de la poign\u00e9e par 3 pour un meilleur contr\u00f4le du glissement de la corde sur les petits diam\u00e8tres et moins d\u2019effort sur la poign\u00e9e pour les grands diam\u00e8tres de corde.<br \/>\nParticuli\u00e8rement adapt\u00e9 \u00e0 l\u2019entra\u00eenement et \u00e0 une utilisation intensive :<br \/>\n&#8211; poign\u00e9e anti-panique : si l\u2019assureur tire trop fort sur la poign\u00e9e, la fonction panique est activ\u00e9e,<br \/>\n&#8211; choix du mode d\u2019assurage, mont\u00e9e en moulinette ou mont\u00e9e par l\u2019avant, gr\u00e2ce au bouton de s\u00e9lection verrouillable : le mode d\u2019assurage en moulinette facilite la r\u00e9cup\u00e9ration de la corde et assure un assurage plus confortable,<br \/>\n&#8211; Compatible avec toutes les cordes simples dynamiques de 8,5 \u00e0 11 mm et optimis\u00e9 pour les cordes d\u2019un diam\u00e8tre de 8,9 \u00e0 10,5 mm,<br \/>\n&#8211; Excellente r\u00e9sistance, pour un usage intensif, gr\u00e2ce \u00e0 la plaque de renfort en inox.<br \/>\nSp\u00e9cifique<br \/>\nPoids : 200 g<br \/>\nCompatibilit\u00e9 corde : corde \u00e0 simple de 8,5 \u00e0 11 mm<br \/>\nMat\u00e9riaux : brides en aluminium, support de frein, came et plaque de renfort en acier inoxydable, poign\u00e9e en nylon renforc\u00e9<br \/>\nCertification(s) : CE EN 15151-1, UKCA, UIAA<\/p>\n<table>\n<tbody>\n<tr>\n<th class=\"rowTitle\">R\u00e9f\u00e9rences<\/th>\n<th>D13A G<\/th>\n<th>D13A AG<\/th>\n<th>D13A VI<\/th>\n<\/tr>\n<tr>\n<td class=\"rowTitle\">Couleur(s)<\/td>\n<td>Gris <\/td>\n<td>Orange <\/td>\n<td>Violet <\/td>\n<\/tr>\n<tr>\n<td class=\"rowTitle\">Garantie<\/td>\n<td>3 ans<\/td>\n<td>3 ans<\/td>\n<td>3 ans<\/td>\n<\/tr>\n<tr>\n<td class=\"rowTitle\">Emballage<\/td>\n<td> <\/td>\n<p> 1<\/p>\n<td> <\/td>\n<p> 1<\/p>\n<td>1 <\/td>\n<\/tr>\n<\/tbody>\n<\/table>\n","protected":false},"excerpt":{"rendered":"<p>Assureur avec verrouillage assist\u00e9 par came et poign\u00e9e anti-panique, particuli\u00e8rement adapt\u00e9 \u00e0 l\u2019entra\u00eenement et \u00e0 l\u2019utilisation intensive L\u2019assurance facultative compl\u00e8te&nbsp;!<\/p>\n","protected":false},"featured_media":94120,"template":"","meta":{"_seopress_robots_primary_cat":"","_seopress_titles_title":"","_seopress_titles_desc":"","_seopress_robots_index":""},"product_brand":[3446],"product_cat":[33,211,818],"product_tag":[],"class_list":{"0":"post-471864","1":"product","2":"type-product","3":"status-publish","4":"has-post-thumbnail","6":"product_brand-petzl","7":"product_cat-attrezzature","8":"product_cat-attrezzatura-per-il-tempo-libero","9":"product_cat-imbraghi-e-materiale-di-sicurezza-attrezzatura-per-il-tempo-libero","11":"first","12":"onbackorder","13":"shipping-taxable","14":"purchasable","15":"product-type-variable"},"_links":{"self":[{"href":"https:\/\/lucacastelli.com\/fr\/wp-json\/wp\/v2\/product\/471864","targetHints":{"allow":["GET"]}}],"collection":[{"href":"https:\/\/lucacastelli.com\/fr\/wp-json\/wp\/v2\/product"}],"about":[{"href":"https:\/\/lucacastelli.com\/fr\/wp-json\/wp\/v2\/types\/product"}],"wp:featuredmedia":[{"embeddable":true,"href":"https:\/\/lucacastelli.com\/fr\/wp-json\/wp\/v2\/media\/94120"}],"wp:attachment":[{"href":"https:\/\/lucacastelli.com\/fr\/wp-json\/wp\/v2\/media?parent=471864"}],"wp:term":[{"taxonomy":"product_brand","embeddable":true,"href":"https:\/\/lucacastelli.com\/fr\/wp-json\/wp\/v2\/product_brand?post=471864"},{"taxonomy":"product_cat","embeddable":true,"href":"https:\/\/lucacastelli.com\/fr\/wp-json\/wp\/v2\/product_cat?post=471864"},{"taxonomy":"product_tag","embeddable":true,"href":"https:\/\/lucacastelli.com\/fr\/wp-json\/wp\/v2\/product_tag?post=471864"}],"curies":[{"name":"wp","href":"https:\/\/api.w.org\/{rel}","templated":true}]}}