{"id":471858,"date":"2023-04-22T09:04:58","date_gmt":"2023-04-22T07:04:58","guid":{"rendered":"https:\/\/lucacastelli.com\/prodotto\/serrure-petzl-asap\/"},"modified":"2026-02-01T19:34:52","modified_gmt":"2026-02-01T18:34:52","slug":"serrure-petzl-asap","status":"publish","type":"product","link":"https:\/\/lucacastelli.com\/fr\/produit\/serrure-petzl-asap\/","title":{"rendered":"SERRURE PETZL ASAP"},"content":{"rendered":"<p>Antichute mobile \u00e0 c\u00e2ble avec fonction de verrouillage<\/p>\n<p>L\u2019antichute mobile ASAP LOCK est con\u00e7u pour faciliter les man\u0153uvres de l\u2019utilisateur lors de la mont\u00e9e sur cordes. Dans des conditions normales d\u2019utilisation, l\u2019appareil glisse librement sur la corde, sans aucune intervention manuelle, pour accompagner l\u2019utilisateur dans ses mouvements. En cas de collision ou d\u2019acc\u00e9l\u00e9ration soudaine, l\u2019antichute se verrouille sur la corde et arr\u00eate l\u2019utilisateur. La fonction de verrouillage int\u00e9gr\u00e9e permet \u00e0 l\u2019utilisateur d\u2019arr\u00eater l\u2019appareil pour r\u00e9duire la hauteur de chute. Le levier de liaison rend le syst\u00e8me incontournable lors du d\u00e9passement des fractions. L\u2019ASAP LOCK s\u2019utilise avec un absorbeur d\u2019\u00e9nergie ASAP\u2019SORBER ou ASAP\u2019SORBER AXESS pour travailler loin de la corde.     <\/p>\n<p>Description<\/p>\n<p>Description d\u00e9taill\u00e9e<br \/>\nProtection permanente contre les chutes :<br \/>\n&#8211; arr\u00eate les chutes, les glissades et les descentes incontr\u00f4l\u00e9es,<br \/>\n&#8211; fonctionne sur des cordes verticales ou inclin\u00e9es,<br \/>\n&#8211; se verrouille sur la corde m\u00eame si vous saisissez l\u2019appareil pendant la chute.<br \/>\nFonction de verrouillage int\u00e9gr\u00e9e dans l\u2019antichute qui permet \u00e0 l\u2019utilisateur d\u2019arr\u00eater l\u2019appareil pour r\u00e9duire la hauteur de la chute. En cas de vent fort, cette fonction emp\u00eache \u00e9galement la corde d\u2019\u00eatre tir\u00e9e vers le haut.<br \/>\nSimple d\u2019utilisation et efficace :<br \/>\n&#8211; il glisse de haut en bas de la corde, sans intervention manuelle,<br \/>\n&#8211; il s\u2019installe et se d\u00e9sinstalle facilement en tout point de la corde,<br \/>\n&#8211; le levier de liaison rend le syst\u00e8me incontournable lors des franchissements de fentes,<br \/>\n&#8211; il s\u2019utilise avec un absorbeur d\u2019\u00e9nergie pour travailler loin de la corde : ASAP\u2019SORBER ou ASAP\u2019SORBER AXESS. Ce dernier permet d\u2019utiliser jusqu\u2019\u00e0 250 kg dans le cadre d\u2019un sauvetage \u00e0 deux.  <\/p>\n<p>Caract\u00e9ristiques<br \/>\nMat\u00e9riaux : aluminium, inox, polyamide<br \/>\nPoids : 425 g<br \/>\nCertification(s) : CE EN 12841 type A utilis\u00e9 avec un absorbeur d\u2019\u00e9nergie ASAP\u2019SORBER ou ASAP\u2019SORBER AXESS et une corde EN 1891 type A de 10 \u00e0 13 mm<br \/>\nCertification(s) : CE EN 353-2 utilis\u00e9 avec un absorbeur d\u2019\u00e9nergie ASAP\u2019SORBER ou ASAP\u2019SORBER AXESS et une corde AXIS 11 mm avec terminaison cousue.<br \/>\nCertification(s) : EAC utilis\u00e9 avec un absorbeur d\u2019\u00e9nergie ASAP\u2019SORBER ou ASAP\u2019SORBER AXESS et une corde EN 1891 type A de 10 \u00e0 13 mm.<br \/>\nCertification(s) : ANSI Z359.15 utilis\u00e9 avec un absorbeur d\u2019\u00e9nergie ASAP\u2019SORBER ou ASAP\u2019SORBER AXESS, un mousqueton Bm\u2019D ou OXAN TRIACT-LOCK (version internationale), une barre de maintien CAPTIV et une corde RAY 11 mm avec terminaison cousue<\/p>\n<p>Garantie3 ans<\/p>\n","protected":false},"excerpt":{"rendered":"<p>Antichute mobile \u00e0 c\u00e2ble avec fonction de verrouillage L\u2019antichute mobile ASAP LOCK est con\u00e7u pour faciliter les man\u0153uvres de l\u2019utilisateur<\/p>\n","protected":false},"featured_media":94030,"template":"","meta":{"_seopress_robots_primary_cat":"","_seopress_titles_title":"","_seopress_titles_desc":"","_seopress_robots_index":""},"product_brand":[3446],"product_cat":[33,537,814,211,818],"product_tag":[],"class_list":{"0":"post-471858","1":"product","2":"type-product","3":"status-publish","4":"has-post-thumbnail","6":"product_brand-petzl","7":"product_cat-attrezzature","8":"product_cat-attrezzatura-da-lavoro","9":"product_cat-imbraghi-e-materiale-di-sicurezza","10":"product_cat-attrezzatura-per-il-tempo-libero","11":"product_cat-imbraghi-e-materiale-di-sicurezza-attrezzatura-per-il-tempo-libero","13":"first","14":"onbackorder","15":"shipping-taxable","16":"purchasable","17":"product-type-simple"},"_links":{"self":[{"href":"https:\/\/lucacastelli.com\/fr\/wp-json\/wp\/v2\/product\/471858","targetHints":{"allow":["GET"]}}],"collection":[{"href":"https:\/\/lucacastelli.com\/fr\/wp-json\/wp\/v2\/product"}],"about":[{"href":"https:\/\/lucacastelli.com\/fr\/wp-json\/wp\/v2\/types\/product"}],"wp:featuredmedia":[{"embeddable":true,"href":"https:\/\/lucacastelli.com\/fr\/wp-json\/wp\/v2\/media\/94030"}],"wp:attachment":[{"href":"https:\/\/lucacastelli.com\/fr\/wp-json\/wp\/v2\/media?parent=471858"}],"wp:term":[{"taxonomy":"product_brand","embeddable":true,"href":"https:\/\/lucacastelli.com\/fr\/wp-json\/wp\/v2\/product_brand?post=471858"},{"taxonomy":"product_cat","embeddable":true,"href":"https:\/\/lucacastelli.com\/fr\/wp-json\/wp\/v2\/product_cat?post=471858"},{"taxonomy":"product_tag","embeddable":true,"href":"https:\/\/lucacastelli.com\/fr\/wp-json\/wp\/v2\/product_tag?post=471858"}],"curies":[{"name":"wp","href":"https:\/\/api.w.org\/{rel}","templated":true}]}}