{"id":471844,"date":"2023-04-22T09:03:09","date_gmt":"2023-04-22T07:03:09","guid":{"rendered":"https:\/\/lucacastelli.com\/prodotto\/petzl-portage-30l\/"},"modified":"2023-04-22T09:03:09","modified_gmt":"2023-04-22T07:03:09","slug":"petzl-portage-30l","status":"publish","type":"product","link":"https:\/\/lucacastelli.com\/fr\/produit\/petzl-portage-30l\/","title":{"rendered":"PETZL PORTAGE 30L"},"content":{"rendered":"<p>Sac de sp\u00e9l\u00e9ologie robuste de capacit\u00e9 moyenne<\/p>\n<p>Avec PORTAGE, vous disposez de 30 litres de volume pour tout ce dont vous avez besoin pour une sortie sp\u00e9l\u00e9o. Son assemblage, avec un corps et un fond soud\u00e9s, garantit une grande r\u00e9sistance tout au long de l\u2019utilisation. Le confort n\u2019est pas moins confortable avec les bretelles rembourr\u00e9es. Il est pratique \u00e0 utiliser avec les deux poign\u00e9es surmoul\u00e9es, ce qui vous permet d\u2019op\u00e9rer plus librement dans les passages \u00e9troits gr\u00e2ce \u00e0 la pochette sp\u00e9ciale pour ranger la ceinture.   <\/p>\n<p>Description<\/p>\n<p>Description d\u00e9taill\u00e9e<br \/>\nConstruction en tissu technique TPU (sans PVC).<br \/>\nCorps et fond soud\u00e9s pour plus de solidit\u00e9.<br \/>\nMat\u00e9riau imperm\u00e9able, solide et r\u00e9sistant \u00e0 l\u2019abrasion.<br \/>\nBretelles rembourr\u00e9es pour un plus grand confort lors du transport.<br \/>\nPochette de rangement de la ceinture pour \u00e9viter l\u2019accrochage dans les passages \u00e9troits.<br \/>\nPoign\u00e9es surmoul\u00e9es sur le dessus et le c\u00f4t\u00e9 du sac.<br \/>\nFermeture \u00e0 cordon avec r\u00e9servoir ultra-r\u00e9sistant<br \/>\n.Rabat sup\u00e9rieur avec poche zipp\u00e9e, porte-cl\u00e9s et \u00e9tui d\u2019identification.<\/p>\n<p>Sp\u00e9cifications<br \/>\nPoids : 800 g<br \/>\nCapacit\u00e9 : 30 litres<br \/>\nHauteur : 65 cm<br \/>\nMat\u00e9riaux : tissu technique TPU (sans PVC), sangle polyester<br \/>\nCouleur(s) : jaune\/noir<br \/>\nBas : ovale<\/p>\n<p>Couleur jaune\/noir<br \/>\nContenance 30 litres<br \/>\nGarantie 3 ans<\/p>\n","protected":false},"excerpt":{"rendered":"<p>Sac de sp\u00e9l\u00e9ologie robuste de capacit\u00e9 moyenne Avec PORTAGE, vous disposez de 30 litres de volume pour tout ce dont<\/p>\n","protected":false},"featured_media":94021,"template":"","meta":{"_seopress_robots_primary_cat":"","_seopress_titles_title":"","_seopress_titles_desc":"","_seopress_robots_index":""},"product_brand":[3446],"product_cat":[33,537,814,211,818],"product_tag":[],"class_list":{"0":"post-471844","1":"product","2":"type-product","3":"status-publish","4":"has-post-thumbnail","6":"product_brand-petzl","7":"product_cat-attrezzature","8":"product_cat-attrezzatura-da-lavoro","9":"product_cat-imbraghi-e-materiale-di-sicurezza","10":"product_cat-attrezzatura-per-il-tempo-libero","11":"product_cat-imbraghi-e-materiale-di-sicurezza-attrezzatura-per-il-tempo-libero","13":"first","14":"onbackorder","15":"shipping-taxable","16":"purchasable","17":"product-type-simple"},"_links":{"self":[{"href":"https:\/\/lucacastelli.com\/fr\/wp-json\/wp\/v2\/product\/471844","targetHints":{"allow":["GET"]}}],"collection":[{"href":"https:\/\/lucacastelli.com\/fr\/wp-json\/wp\/v2\/product"}],"about":[{"href":"https:\/\/lucacastelli.com\/fr\/wp-json\/wp\/v2\/types\/product"}],"wp:featuredmedia":[{"embeddable":true,"href":"https:\/\/lucacastelli.com\/fr\/wp-json\/wp\/v2\/media\/94021"}],"wp:attachment":[{"href":"https:\/\/lucacastelli.com\/fr\/wp-json\/wp\/v2\/media?parent=471844"}],"wp:term":[{"taxonomy":"product_brand","embeddable":true,"href":"https:\/\/lucacastelli.com\/fr\/wp-json\/wp\/v2\/product_brand?post=471844"},{"taxonomy":"product_cat","embeddable":true,"href":"https:\/\/lucacastelli.com\/fr\/wp-json\/wp\/v2\/product_cat?post=471844"},{"taxonomy":"product_tag","embeddable":true,"href":"https:\/\/lucacastelli.com\/fr\/wp-json\/wp\/v2\/product_tag?post=471844"}],"curies":[{"name":"wp","href":"https:\/\/api.w.org\/{rel}","templated":true}]}}