{"id":471843,"date":"2023-04-20T13:00:14","date_gmt":"2023-04-20T11:00:14","guid":{"rendered":"https:\/\/lucacastelli.com\/prodotto\/casque-petzl-picchu\/"},"modified":"2023-04-20T13:00:14","modified_gmt":"2023-04-20T11:00:14","slug":"casque-petzl-picchu","status":"publish","type":"product","link":"https:\/\/lucacastelli.com\/fr\/produit\/casque-petzl-picchu\/","title":{"rendered":"CASQUE PETZL PICCHU"},"content":{"rendered":"<p>Casque enfant \u00e0 protection renforc\u00e9e pour l\u2019escalade et le cyclisme<\/p>\n<p>Pour les petits aventuriers ! PICCHU est un casque adapt\u00e9 aux grimpeurs en herbe et aux jeunes cyclistes (normes europ\u00e9ennes et am\u00e9ricaines pour l\u2019escalade et le cyclisme). Sa coque ext\u00e9rieure \u00e9paisse r\u00e9siste solidement aux chocs et aux rayures. Sa forme enveloppante assure une protection renforc\u00e9e de la t\u00eate contre les chocs lat\u00e9raux, avant et arri\u00e8re. A\u00e9r\u00e9 et adapt\u00e9 \u00e0 la morphologie des enfants, il est agr\u00e9able \u00e0 porter.    <\/p>\n<p>Description d\u00e9taill\u00e9e<br \/>\nCasque multistandard pour l\u2019escalade et le cyclisme :<br \/>\n&#8211; l\u2019escalade (CE EN 12 492, UIAA),<br \/>\n&#8211; le cyclisme en Europe (CE EN 1078),<br \/>\n&#8211; le cyclisme aux Etats-Unis (norme de s\u00e9curit\u00e9 CPSC &#8211; casques de cyclisme pour les utilisateurs \u00e0 partir de 5 ans),<br \/>\n&#8211; la conception selon la marque TOP AND SIDE PROTECTION de Petzl,<br \/>\n&#8211; la conception enveloppante pour une protection renforc\u00e9e contre les chocs lat\u00e9raux, avant et arri\u00e8re.<br \/>\nConstruction robuste et adapt\u00e9e aux enfants :<br \/>\n&#8211; Coque ext\u00e9rieure dure en ABS pour r\u00e9sister aux chocs et aux rayures et assurer une durabilit\u00e9 optimale,<br \/>\n&#8211; taille sp\u00e9cifique pour les enfants de 3 \u00e0 8 ans (bandeau 48-54 cm),<br \/>\n&#8211; planche d\u2019autocollants qui permet \u00e0 chacun de personnaliser son casque.<br \/>\nConfort d\u2019utilisation :<br \/>\n&#8211; ouvertures de contour pour une bonne ventilation,<br \/>\n&#8211; bandeau et mentonni\u00e8re r\u00e9glables pour une utilisation confortable,<br \/>\n&#8211; fines sangles d\u2019\u00e9tanch\u00e9it\u00e9 en polyester pour plus de confort,<br \/>\n&#8211; quatre crochets id\u00e9alement positionn\u00e9s pour la fixation d\u2019une lampe frontale,<br \/>\n&#8211; coussinets de confort amovibles et lavables.<\/p>\n","protected":false},"excerpt":{"rendered":"<p>Casque enfant \u00e0 protection renforc\u00e9e pour l\u2019escalade et le cyclisme Pour les petits aventuriers ! PICCHU est un casque adapt\u00e9<\/p>\n","protected":false},"featured_media":93972,"template":"","meta":{"_seopress_robots_primary_cat":"","_seopress_titles_title":"","_seopress_titles_desc":"","_seopress_robots_index":""},"product_brand":[3667],"product_cat":[1416,144,1408,1412],"product_tag":[],"class_list":{"0":"post-471843","1":"product","2":"type-product","3":"status-publish","4":"has-post-thumbnail","6":"product_brand-petzl-fr","7":"product_cat-casques-fr","8":"product_cat-equipement","9":"product_cat-equipements-de-loisirs","10":"product_cat-visieres-et-lunettes","12":"first","13":"onbackorder","14":"shipping-taxable","15":"purchasable","16":"product-type-variable"},"_links":{"self":[{"href":"https:\/\/lucacastelli.com\/fr\/wp-json\/wp\/v2\/product\/471843","targetHints":{"allow":["GET"]}}],"collection":[{"href":"https:\/\/lucacastelli.com\/fr\/wp-json\/wp\/v2\/product"}],"about":[{"href":"https:\/\/lucacastelli.com\/fr\/wp-json\/wp\/v2\/types\/product"}],"wp:featuredmedia":[{"embeddable":true,"href":"https:\/\/lucacastelli.com\/fr\/wp-json\/wp\/v2\/media\/93972"}],"wp:attachment":[{"href":"https:\/\/lucacastelli.com\/fr\/wp-json\/wp\/v2\/media?parent=471843"}],"wp:term":[{"taxonomy":"product_brand","embeddable":true,"href":"https:\/\/lucacastelli.com\/fr\/wp-json\/wp\/v2\/product_brand?post=471843"},{"taxonomy":"product_cat","embeddable":true,"href":"https:\/\/lucacastelli.com\/fr\/wp-json\/wp\/v2\/product_cat?post=471843"},{"taxonomy":"product_tag","embeddable":true,"href":"https:\/\/lucacastelli.com\/fr\/wp-json\/wp\/v2\/product_tag?post=471843"}],"curies":[{"name":"wp","href":"https:\/\/api.w.org\/{rel}","templated":true}]}}