{"id":471827,"date":"2023-04-20T14:14:24","date_gmt":"2023-04-20T12:14:24","guid":{"rendered":"https:\/\/lucacastelli.com\/prodotto\/petzl-nicht-saugfahige-ersatzpolster\/"},"modified":"2023-04-20T14:14:24","modified_gmt":"2023-04-20T12:14:24","slug":"petzl-nicht-saugfahige-ersatzpolster","status":"publish","type":"product","link":"https:\/\/lucacastelli.com\/fr\/produit\/petzl-nicht-saugfahige-ersatzpolster\/","title":{"rendered":"PETZL Nicht saugf\u00e4hige Ersatzpolster"},"content":{"rendered":"<p>Coussinets de remplacement non absorbants<\/p>\n<p>Les tampons de remplacement non absorbants ont une construction \u00e0 cellules ferm\u00e9es. Ils n\u2019absorbent pas l\u2019eau ni la sueur et le nettoyage est rapide et facile. Ils sont compatibles avec tous les casques Petzl.  <\/p>\n<p>Description<br \/>\nRembourrage \u00e0 cellules ferm\u00e9es qui n\u2019absorbe ni l\u2019eau ni la transpiration.<br \/>\nNettoyage rapide et facile.<br \/>\nCompatible avec tous les casques Petzl.<br \/>\nSp\u00e9cifications<br \/>\nMat\u00e9riau : poly\u00e9thyl\u00e8ne<br \/>\nPoids : 10 g<\/p>\n","protected":false},"excerpt":{"rendered":"<p>Coussinets de remplacement non absorbants Les tampons de remplacement non absorbants ont une construction \u00e0 cellules ferm\u00e9es. Ils n\u2019absorbent pas<\/p>\n","protected":false},"featured_media":93999,"template":"","meta":{"_seopress_robots_primary_cat":"","_seopress_titles_title":"","_seopress_titles_desc":"","_seopress_robots_index":""},"product_brand":[3666],"product_cat":[150,1409,1418,1411],"product_tag":[],"class_list":{"0":"post-471827","1":"product","2":"type-product","3":"status-publish","4":"has-post-thumbnail","6":"product_brand-petzl-de","7":"product_cat-ausrustung","8":"product_cat-freizeitausrustung","9":"product_cat-helme-de","10":"product_cat-visiere-und-schutzbrillen","12":"first","13":"onbackorder","14":"shipping-taxable","15":"purchasable","16":"product-type-simple"},"_links":{"self":[{"href":"https:\/\/lucacastelli.com\/fr\/wp-json\/wp\/v2\/product\/471827","targetHints":{"allow":["GET"]}}],"collection":[{"href":"https:\/\/lucacastelli.com\/fr\/wp-json\/wp\/v2\/product"}],"about":[{"href":"https:\/\/lucacastelli.com\/fr\/wp-json\/wp\/v2\/types\/product"}],"wp:featuredmedia":[{"embeddable":true,"href":"https:\/\/lucacastelli.com\/fr\/wp-json\/wp\/v2\/media\/93999"}],"wp:attachment":[{"href":"https:\/\/lucacastelli.com\/fr\/wp-json\/wp\/v2\/media?parent=471827"}],"wp:term":[{"taxonomy":"product_brand","embeddable":true,"href":"https:\/\/lucacastelli.com\/fr\/wp-json\/wp\/v2\/product_brand?post=471827"},{"taxonomy":"product_cat","embeddable":true,"href":"https:\/\/lucacastelli.com\/fr\/wp-json\/wp\/v2\/product_cat?post=471827"},{"taxonomy":"product_tag","embeddable":true,"href":"https:\/\/lucacastelli.com\/fr\/wp-json\/wp\/v2\/product_tag?post=471827"}],"curies":[{"name":"wp","href":"https:\/\/api.w.org\/{rel}","templated":true}]}}