{"id":471817,"date":"2023-04-20T12:37:12","date_gmt":"2023-04-20T10:37:12","guid":{"rendered":"https:\/\/lucacastelli.com\/prodotto\/petzl-boreo\/"},"modified":"2023-04-20T12:37:12","modified_gmt":"2023-04-20T10:37:12","slug":"petzl-boreo","status":"publish","type":"product","link":"https:\/\/lucacastelli.com\/fr\/produit\/petzl-boreo\/","title":{"rendered":"PETZL BOR\u00c9O"},"content":{"rendered":"<p>Casque robuste et polyvalent pour l\u2019escalade et l\u2019alpinisme<\/p>\n<p>Un casque robuste et protecteur pour vous suivre dans toutes vos aventures ! BOREO est adapt\u00e9 \u00e0 l\u2019escalade, \u00e0 la via ferrata, au canyoning ou \u00e0 la sp\u00e9l\u00e9ologie. Sa coque \u00e9paisse garantit une r\u00e9sistance optimale contre les chocs et les rayures. Sa forme enveloppante garantit une protection renforc\u00e9e de la t\u00eate, en maintenant la compacit\u00e9 et la ventilation pour assurer un confort maximal.   <\/p>\n<p>Description<br \/>\nRobustesse :<br \/>\n&#8211; coque ext\u00e9rieure rigide, r\u00e9sistante aux chocs et aux \u00e9raflures pour assurer une durabilit\u00e9 optimale,<br \/>\n&#8211; construction hybride avec une coque ext\u00e9rieure \u00e9paisse en ABS, une coque int\u00e9rieure en mousse EPP et un rembourrage sup\u00e9rieur en mousse EPS qui favorise la compacit\u00e9 sur la t\u00eate,<br \/>\n&#8211; bandeau souple qui s\u2019adapte parfaitement \u00e0 la forme de la t\u00eate et se r\u00e9tracte \u00e0 l\u2019int\u00e9rieur du casque pour un rangement et un transport faciles.<br \/>\nConception enveloppante pour une protection optimale contre les chocs lat\u00e9raux, avant et arri\u00e8re :<br \/>\n&#8211; Conception selon la marque TOP AND SIDE PROTECTION de Petzl,<br \/>\n&#8211; Conception enveloppante, abaiss\u00e9e \u00e0 l\u2019arri\u00e8re, pour une protection renforc\u00e9e,<br \/>\n&#8211; Stable sur la t\u00eate et agr\u00e9able \u00e0 porter, gr\u00e2ce aux coques int\u00e9rieures en mousse r\u00e9parties sur l\u2019ensemble de la coque.<br \/>\nPolyvalence pour la pratique de multiples activit\u00e9s :<br \/>\n&#8211; adapt\u00e9 \u00e0 l\u2019escalade, \u00e0 l\u2019alpinisme, \u00e0 la sp\u00e9l\u00e9ologie, \u00e0 la via ferrata, au canyoning&#8230;,-<br \/>\n quatre crochets pour fixer une lampe frontale.<br \/>\nSp\u00e9cifique<br \/>\nMat\u00e9riaux : coque ext\u00e9rieure en ABS, coque int\u00e9rieure en polypropyl\u00e8ne expans\u00e9 (EPP), rembourrage sup\u00e9rieur en polystyr\u00e8ne expans\u00e9 (EPS), sangle en polyester<br \/>\nCertification(s) : CE EN 12492, UKCA, UIAA<\/p>\n<table>\n<tbody>\n<tr>\n<th class=\"rowTitle\">R\u00e9f\u00e9rences<\/th>\n<th>\n A042AA00<\/th>\n<th>\n A042AA01<\/th>\n<th>\n A042EA00<\/th>\n<th>A042EA01<\/th>\n<\/tr>\n<tr>\n<td class=\"rowTitle\">Couleur(s)<\/td>\n<td>Blanc <\/td>\n<td>Blanc <\/td>\n<td>Gris <\/td>\n<td>Gris <\/td>\n<\/tr>\n<tr>\n<td class=\"rowTitle\">Taille<\/td>\n<td>S\/M <\/td>\n<td>M\/L <\/td>\n<td>S\/M <\/td>\n<td>Gris <\/td>\n<\/tr>\n<tr>\n<td class=\"rowTitle\">Poids<\/td>\n<td>285 grammes<\/td>\n<td>295 grammes<\/td>\n<td>285 grammes<\/td>\n<td>M\/L g<\/td>\n<\/tr>\n<tr>\n<td class=\"rowTitle\">Cercle de<\/td>\n<p> t\u00eate<\/p>\n<td>48 \u00e0 58 cm<\/td>\n<td>53 \u00e0 61 cm<\/td>\n<td>48 \u00e0 58 cm<\/td>\n<td>295 cm<\/td>\n<\/tr>\n<tr>\n<td class=\"rowTitle\">Garantie<\/td>\n<td>3 ans<\/td>\n<td>3 ans<\/td>\n<td>3 ans<\/td>\n<td>TN ans<\/td>\n<\/tr>\n<tr>\n<td class=\"rowTitle\">Emballage<\/td>\n<td> <\/td>\n<p> 1<\/p>\n<td> <\/td>\n<p> 1<\/p>\n<td> <\/td>\n<p> 1<\/p>\n<td>3 <\/td>\n<\/tr>\n<\/tbody>\n<\/table>\n","protected":false},"excerpt":{"rendered":"<p>Casque robuste et polyvalent pour l\u2019escalade et l\u2019alpinisme Un casque robuste et protecteur pour vous suivre dans toutes vos aventures<\/p>\n","protected":false},"featured_media":93465,"template":"","meta":{"_seopress_robots_primary_cat":"","_seopress_titles_title":"","_seopress_titles_desc":"","_seopress_robots_index":""},"product_brand":[3667],"product_cat":[1416,144,1408,1412],"product_tag":[],"class_list":{"0":"post-471817","1":"product","2":"type-product","3":"status-publish","4":"has-post-thumbnail","6":"product_brand-petzl-fr","7":"product_cat-casques-fr","8":"product_cat-equipement","9":"product_cat-equipements-de-loisirs","10":"product_cat-visieres-et-lunettes","12":"first","13":"onbackorder","14":"shipping-taxable","15":"purchasable","16":"product-type-variable"},"_links":{"self":[{"href":"https:\/\/lucacastelli.com\/fr\/wp-json\/wp\/v2\/product\/471817","targetHints":{"allow":["GET"]}}],"collection":[{"href":"https:\/\/lucacastelli.com\/fr\/wp-json\/wp\/v2\/product"}],"about":[{"href":"https:\/\/lucacastelli.com\/fr\/wp-json\/wp\/v2\/types\/product"}],"wp:featuredmedia":[{"embeddable":true,"href":"https:\/\/lucacastelli.com\/fr\/wp-json\/wp\/v2\/media\/93465"}],"wp:attachment":[{"href":"https:\/\/lucacastelli.com\/fr\/wp-json\/wp\/v2\/media?parent=471817"}],"wp:term":[{"taxonomy":"product_brand","embeddable":true,"href":"https:\/\/lucacastelli.com\/fr\/wp-json\/wp\/v2\/product_brand?post=471817"},{"taxonomy":"product_cat","embeddable":true,"href":"https:\/\/lucacastelli.com\/fr\/wp-json\/wp\/v2\/product_cat?post=471817"},{"taxonomy":"product_tag","embeddable":true,"href":"https:\/\/lucacastelli.com\/fr\/wp-json\/wp\/v2\/product_tag?post=471817"}],"curies":[{"name":"wp","href":"https:\/\/api.w.org\/{rel}","templated":true}]}}