{"id":471802,"date":"2023-04-20T08:23:02","date_gmt":"2023-04-20T06:23:02","guid":{"rendered":"https:\/\/lucacastelli.com\/prodotto\/petzl-caritool-evo\/"},"modified":"2023-04-20T08:23:02","modified_gmt":"2023-04-20T06:23:02","slug":"petzl-caritool-evo","status":"publish","type":"product","link":"https:\/\/lucacastelli.com\/fr\/produit\/petzl-caritool-evo\/","title":{"rendered":"PETZL CARITOOL EVO"},"content":{"rendered":"<p>Porte-broche \u00e0 glace universel adaptable \u00e0 tout type de harnais, pour l\u2019escalade sur glace ou l\u2019alpinisme.<\/p>\n<p>Compatible avec tout type de harnais, CARITOOL EVO est un ing\u00e9nieux porte-broche \u00e0 glace pour organiser votre mat\u00e9riel. Il sera utile pour l\u2019escalade sur glace ou l\u2019alpinisme pour compl\u00e9ter la boucle d\u2019\u00e9quipement. Attach\u00e9 \u00e0 la ceinture du harnais, il vous permet de r\u00e9cup\u00e9rer, stocker et trier le mat\u00e9riel d\u2019une seule main. Gr\u00e2ce \u00e0 CARITOOL EVO, vous pouvez facilement accrocher ou ramasser des clous, un piolet ou un marteau. Vous pouvez placer plusieurs CARITOOL EVO sur la ceinture du harnais.    <\/p>\n<p>Description<br \/>\nFacile \u00e0 installer&nbsp;:<br \/>\n&#8211; S\u2019installe facilement sur la ceinture du harnais,<br \/>\n&#8211; Compatible avec tout type de harnais ou de ceinture de sac \u00e0 dos.<br \/>\nPratique pour choisir et utiliser votre propre mat\u00e9riel&nbsp;:<br \/>\n&#8211; pour r\u00e9cup\u00e9rer et ranger les clous, le piolet ou le marteau d\u2019une seule main,<br \/>\n&#8211; pour porter jusqu\u2019\u00e0 six broches \u00e0 glace et acc\u00e9der facilement au quatri\u00e8me clou, gr\u00e2ce aux but\u00e9es de rangement sur la partie sup\u00e9rieure,<br \/>\n&#8211; pour installer une connexion indispensable sur les outils, gr\u00e2ce au trou sup\u00e9rieur.<br \/>\nIl permet une utilisation polyvalente du harnais en augmentant sa capacit\u00e9 \u00e0 transporter du mat\u00e9riel en fonction de l\u2019activit\u00e9.<\/p>\n<p>Ce produit n\u2019est pas un \u00e9quipement de protection individuelle. Il ne peut supporter que le poids du mat\u00e9riau (maximum 5 kg).<br \/>\nSp\u00e9cifications<br \/>\nPoids : 40 g<br \/>\nMat\u00e9riaux : acier inoxydable, plastique renforc\u00e9 de fibres de verre, poly\u00e9thyl\u00e8ne haute densit\u00e9 <\/p>\n<table>\n<tbody>\n<tr>\n<th class=\"rowTitle\">R\u00e9f\u00e9rences<\/th>\n<th>P043AA00<\/th>\n<\/tr>\n<tr>\n<td class=\"rowTitle\">Garantie<\/td>\n<td>3 ans<\/td>\n<\/tr>\n<tr>\n<td class=\"rowTitle\">Emballage<\/td>\n<td>1 <\/td>\n<\/tr>\n<\/tbody>\n<\/table>\n","protected":false},"excerpt":{"rendered":"<p>Porte-broche \u00e0 glace universel adaptable \u00e0 tout type de harnais, pour l\u2019escalade sur glace ou l\u2019alpinisme. Compatible avec tout type<\/p>\n","protected":false},"featured_media":93344,"template":"","meta":{"_seopress_robots_primary_cat":"","_seopress_titles_title":"","_seopress_titles_desc":"","_seopress_robots_index":""},"product_brand":[3446],"product_cat":[33,211,818],"product_tag":[],"class_list":{"0":"post-471802","1":"product","2":"type-product","3":"status-publish","4":"has-post-thumbnail","6":"product_brand-petzl","7":"product_cat-attrezzature","8":"product_cat-attrezzatura-per-il-tempo-libero","9":"product_cat-imbraghi-e-materiale-di-sicurezza-attrezzatura-per-il-tempo-libero","11":"first","12":"onbackorder","13":"shipping-taxable","14":"purchasable","15":"product-type-simple"},"_links":{"self":[{"href":"https:\/\/lucacastelli.com\/fr\/wp-json\/wp\/v2\/product\/471802","targetHints":{"allow":["GET"]}}],"collection":[{"href":"https:\/\/lucacastelli.com\/fr\/wp-json\/wp\/v2\/product"}],"about":[{"href":"https:\/\/lucacastelli.com\/fr\/wp-json\/wp\/v2\/types\/product"}],"wp:featuredmedia":[{"embeddable":true,"href":"https:\/\/lucacastelli.com\/fr\/wp-json\/wp\/v2\/media\/93344"}],"wp:attachment":[{"href":"https:\/\/lucacastelli.com\/fr\/wp-json\/wp\/v2\/media?parent=471802"}],"wp:term":[{"taxonomy":"product_brand","embeddable":true,"href":"https:\/\/lucacastelli.com\/fr\/wp-json\/wp\/v2\/product_brand?post=471802"},{"taxonomy":"product_cat","embeddable":true,"href":"https:\/\/lucacastelli.com\/fr\/wp-json\/wp\/v2\/product_cat?post=471802"},{"taxonomy":"product_tag","embeddable":true,"href":"https:\/\/lucacastelli.com\/fr\/wp-json\/wp\/v2\/product_tag?post=471802"}],"curies":[{"name":"wp","href":"https:\/\/api.w.org\/{rel}","templated":true}]}}