{"id":471796,"date":"2023-04-20T07:46:47","date_gmt":"2023-04-20T05:46:47","guid":{"rendered":"https:\/\/lucacastelli.com\/prodotto\/petzl-komfortpolster-fur-den-canyon-club-gurt\/"},"modified":"2023-04-20T07:46:47","modified_gmt":"2023-04-20T05:46:47","slug":"petzl-komfortpolster-fur-den-canyon-club-gurt","status":"publish","type":"product","link":"https:\/\/lucacastelli.com\/fr\/produit\/petzl-komfortpolster-fur-den-canyon-club-gurt\/","title":{"rendered":"PETZL Komfortpolster f\u00fcr den CANYON CLUB-Gurt"},"content":{"rendered":"<p>CANYON CLUB Harnais Comfort Foam<\/p>\n<p>La mousse de confort du harnais CANYON CLUB vous permet d\u2019am\u00e9liorer le confort lors des longues suspensions. Il est install\u00e9 sur la sangle de la ceinture du harnais. <\/p>\n<p>Description<br \/>\nAm\u00e9liore le confort lors de longs rappels.<br \/>\nIl s\u2019installe sur la sangle de la ceinture du harnais CANYON CLUB.<br \/>\nSp\u00e9cifications<br \/>\nMat\u00e9riaux&nbsp;: Rembourrage \u00e0 cellules ferm\u00e9es<br \/>\nPoids&nbsp;: 105 g<\/p>\n<table>\n<tbody>\n<tr>\n<th class=\"rowTitle\">R\u00e9f\u00e9rences<\/th>\n<th>C086FA00<\/th>\n<\/tr>\n<tr>\n<td class=\"rowTitle\">Garantie<\/td>\n<td>3 ans<\/td>\n<\/tr>\n<tr>\n<td class=\"rowTitle\">Emballage<\/td>\n<td>1 <\/td>\n<\/tr>\n<\/tbody>\n<\/table>\n","protected":false},"excerpt":{"rendered":"<p>CANYON CLUB Harnais Comfort Foam La mousse de confort du harnais CANYON CLUB vous permet d\u2019am\u00e9liorer le confort lors des<\/p>\n","protected":false},"featured_media":93324,"template":"","meta":{"_seopress_robots_primary_cat":"","_seopress_titles_title":"","_seopress_titles_desc":"","_seopress_robots_index":""},"product_brand":[3446],"product_cat":[33,211,818],"product_tag":[],"class_list":{"0":"post-471796","1":"product","2":"type-product","3":"status-publish","4":"has-post-thumbnail","6":"product_brand-petzl","7":"product_cat-attrezzature","8":"product_cat-attrezzatura-per-il-tempo-libero","9":"product_cat-imbraghi-e-materiale-di-sicurezza-attrezzatura-per-il-tempo-libero","11":"first","12":"onbackorder","13":"shipping-taxable","14":"purchasable","15":"product-type-simple"},"_links":{"self":[{"href":"https:\/\/lucacastelli.com\/fr\/wp-json\/wp\/v2\/product\/471796","targetHints":{"allow":["GET"]}}],"collection":[{"href":"https:\/\/lucacastelli.com\/fr\/wp-json\/wp\/v2\/product"}],"about":[{"href":"https:\/\/lucacastelli.com\/fr\/wp-json\/wp\/v2\/types\/product"}],"wp:featuredmedia":[{"embeddable":true,"href":"https:\/\/lucacastelli.com\/fr\/wp-json\/wp\/v2\/media\/93324"}],"wp:attachment":[{"href":"https:\/\/lucacastelli.com\/fr\/wp-json\/wp\/v2\/media?parent=471796"}],"wp:term":[{"taxonomy":"product_brand","embeddable":true,"href":"https:\/\/lucacastelli.com\/fr\/wp-json\/wp\/v2\/product_brand?post=471796"},{"taxonomy":"product_cat","embeddable":true,"href":"https:\/\/lucacastelli.com\/fr\/wp-json\/wp\/v2\/product_cat?post=471796"},{"taxonomy":"product_tag","embeddable":true,"href":"https:\/\/lucacastelli.com\/fr\/wp-json\/wp\/v2\/product_tag?post=471796"}],"curies":[{"name":"wp","href":"https:\/\/api.w.org\/{rel}","templated":true}]}}