{"id":471791,"date":"2023-04-19T19:36:50","date_gmt":"2023-04-19T17:36:50","guid":{"rendered":"https:\/\/lucacastelli.com\/prodotto\/petzl-canyon-club\/"},"modified":"2023-04-19T19:36:50","modified_gmt":"2023-04-19T17:36:50","slug":"petzl-canyon-club","status":"publish","type":"product","link":"https:\/\/lucacastelli.com\/fr\/produit\/petzl-canyon-club\/","title":{"rendered":"PETZL CANYON CLUB"},"content":{"rendered":"<p>Harnais facile \u00e0 utiliser avec protection arri\u00e8re int\u00e9gr\u00e9e contre l\u2019usure pour le canyoning<\/p>\n<p>Abordez le canyoning en toute simplicit\u00e9 ! Destin\u00e9 \u00e0 un usage collectif ou \u00e0 l\u2019exploration de l\u2019activit\u00e9, CANYON CLUB est un baudrier facile \u00e0 enfiler et \u00e0 r\u00e9gler. Le point d\u2019attache unique vous permet de l\u2019installer rapidement et facilement. Robuste et interchangeable, la protection contre l\u2019usure \u00e0 l\u2019arri\u00e8re prot\u00e8ge efficacement la combinaison et la sangle du harnais de l\u2019abrasion. Le point d\u2019attache et la boucle d\u2019\u00e9quipement sont renforc\u00e9s pour assurer une excellente r\u00e9sistance, m\u00eame en utilisation intensive. La carte d\u2019identification individuelle est \u00e9galement renforc\u00e9e pour contr\u00f4ler le harnais tout au long de sa dur\u00e9e de vie. De nombreux accessoires (protections d\u2019usure arri\u00e8re de couleurs vari\u00e9es, rembourrage amovible et boucles d\u2019\u00e9quipement) sont disponibles pour personnaliser l\u2019\u00e9quipement et am\u00e9liorer le confort en fonction des besoins.      <\/p>\n<p>Description<br \/>\nHarnais simplifi\u00e9 et simple d\u2019utilisation con\u00e7u pour un usage collectif ou pour la d\u00e9couverte du canyoning :<br \/>\n&#8211; un seul point d\u2019attache avec code couleur vert et indication de connexion pour une installation efficace et un contr\u00f4le visuel rapide. La position haute du point d\u2019attache vous permet d\u2019optimiser le confort lors de la descente en rappel,<br \/>\n&#8211; facile \u00e0 enfiler, gr\u00e2ce aux diff\u00e9rentes couleurs entre la ceinture et les tours de cuisse,<br \/>\n &#8211; r\u00e9glage au moyen de boucles DOUBLEBACK pour un serrage doux et rapide,<br \/>\n&#8211; excellente adh\u00e9rence des extr\u00e9mit\u00e9s de la sangle pour faciliter le r\u00e9glage de la ceinture et des tours de cuisse,<br \/>\n&#8211; Porte-mat\u00e9riel pr\u00e9form\u00e9 qui vous permet de placer facilement les mousquetons de la longe DUAL CANYON CLUB. Il est positionn\u00e9 sur le c\u00f4t\u00e9 gauche de l\u2019utilisateur pour r\u00e9duire les interf\u00e9rences entre les diff\u00e9rents appareils (longe, mousqueton, descendeur&#8230;) et la corde,<br \/>\n &#8211; boucle qui permet de r\u00e9gler rapidement le descendeur.<br \/>\nExcellente r\u00e9sistance pour un usage intensif :<br \/>\n&#8211; point d\u2019attache renforc\u00e9 pour une grande r\u00e9sistance,<br \/>\n&#8211; sangles adapt\u00e9es \u00e0 un usage intensif qui maintiennent la fluidit\u00e9 de r\u00e9glage,<br \/>\n&#8211; protection arri\u00e8re extr\u00eamement r\u00e9sistante et interchangeable pour prot\u00e9ger les sangles de la combinaison et du harnais de l\u2019abrasion,<br \/>\n&#8211; boucle d\u2019\u00e9quipement renforc\u00e9e avec gaine de protection.<br \/>\nManutention facilit\u00e9e du mat\u00e9riel pour le superviseur et l\u2019op\u00e9rateur :<br \/>\n&#8211; taille unique qui permet de s\u2019adapter \u00e0 la plupart des morphologies,<br \/>\n&#8211; zone de marquage sp\u00e9cifique \u00e0 l\u2019ext\u00e9rieur de la ceinture pour personnaliser le harnais,<br \/>\n&#8211; carte d\u2019identification individuelle int\u00e9gr\u00e9e au harnais pour contr\u00f4ler l\u2019\u00e9quipement tout au long de sa vie,<br \/>\n&#8211; nettoyage facile.<br \/>\nAccessoires pour adapter le harnais en fonction de vos besoins :<br \/>\n&#8211; trois couleurs diff\u00e9rentes de protection contre l\u2019usure arri\u00e8re pour identifier facilement les groupes,<br \/>\n&#8211; rembourrage pour la ceinture, pour am\u00e9liorer le confort lors des rappels longs,<br \/>\n&#8211; boucle d\u2019\u00e9quipement suppl\u00e9mentaire pour faciliter le rangement des mousquetons de la longe DUAL CANYON CLUB.<br \/>\nSp\u00e9cifique<br \/>\nMat\u00e9riaux : sangle en polyester haute r\u00e9sistance, protection arri\u00e8re contre l\u2019usure en polyur\u00e9thane thermoplastique (TPU), point d\u2019attache en polyester, boucles en acier<br \/>\nTaille unique<br \/>\nCertification(s) : CE, EN 12277 type C, UKCA, UIAA<\/p>\n<table>\n<tbody>\n<tr>\n<th class=\"rowTitle\">R\u00e9f\u00e9rences<\/th>\n<th>C086AA00<\/th>\n<\/tr>\n<tr>\n<td class=\"rowTitle\">Taille<\/td>\n<td>60 \u00e0 120 cm<\/td>\n<\/tr>\n<tr>\n<td class=\"rowTitle\">Ceinture de<\/td>\n<p> cuisse<\/p>\n<td>40 \u00e0 75 cm<\/td>\n<\/tr>\n<tr>\n<td class=\"rowTitle\">Poids<\/td>\n<td>660 grammes<\/td>\n<\/tr>\n<tr>\n<td class=\"rowTitle\">Garantie<\/td>\n<td>3 ans<\/td>\n<\/tr>\n<tr>\n<td class=\"rowTitle\">Emballage<\/td>\n<td>1 <\/td>\n<\/tr>\n<\/tbody>\n<\/table>\n","protected":false},"excerpt":{"rendered":"<p>Harnais facile \u00e0 utiliser avec protection arri\u00e8re int\u00e9gr\u00e9e contre l\u2019usure pour le canyoning Abordez le canyoning en toute simplicit\u00e9 !<\/p>\n","protected":false},"featured_media":93180,"template":"","meta":{"_seopress_robots_primary_cat":"","_seopress_titles_title":"","_seopress_titles_desc":"","_seopress_robots_index":""},"product_brand":[3446],"product_cat":[33,211,818],"product_tag":[],"class_list":{"0":"post-471791","1":"product","2":"type-product","3":"status-publish","4":"has-post-thumbnail","6":"product_brand-petzl","7":"product_cat-attrezzature","8":"product_cat-attrezzatura-per-il-tempo-libero","9":"product_cat-imbraghi-e-materiale-di-sicurezza-attrezzatura-per-il-tempo-libero","11":"first","12":"onbackorder","13":"shipping-taxable","14":"purchasable","15":"product-type-simple"},"_links":{"self":[{"href":"https:\/\/lucacastelli.com\/fr\/wp-json\/wp\/v2\/product\/471791","targetHints":{"allow":["GET"]}}],"collection":[{"href":"https:\/\/lucacastelli.com\/fr\/wp-json\/wp\/v2\/product"}],"about":[{"href":"https:\/\/lucacastelli.com\/fr\/wp-json\/wp\/v2\/types\/product"}],"wp:featuredmedia":[{"embeddable":true,"href":"https:\/\/lucacastelli.com\/fr\/wp-json\/wp\/v2\/media\/93180"}],"wp:attachment":[{"href":"https:\/\/lucacastelli.com\/fr\/wp-json\/wp\/v2\/media?parent=471791"}],"wp:term":[{"taxonomy":"product_brand","embeddable":true,"href":"https:\/\/lucacastelli.com\/fr\/wp-json\/wp\/v2\/product_brand?post=471791"},{"taxonomy":"product_cat","embeddable":true,"href":"https:\/\/lucacastelli.com\/fr\/wp-json\/wp\/v2\/product_cat?post=471791"},{"taxonomy":"product_tag","embeddable":true,"href":"https:\/\/lucacastelli.com\/fr\/wp-json\/wp\/v2\/product_tag?post=471791"}],"curies":[{"name":"wp","href":"https:\/\/api.w.org\/{rel}","templated":true}]}}