{"id":471785,"date":"2023-04-19T19:23:55","date_gmt":"2023-04-19T17:23:55","guid":{"rendered":"https:\/\/lucacastelli.com\/prodotto\/petzl-torse\/"},"modified":"2023-04-19T19:23:55","modified_gmt":"2023-04-19T17:23:55","slug":"petzl-torse","status":"publish","type":"product","link":"https:\/\/lucacastelli.com\/fr\/produit\/petzl-torse\/","title":{"rendered":"PETZL TORSE"},"content":{"rendered":"<p>Attelles de positionnement pour le CROLL<\/p>\n<p>Les bretelles TORSE permettent de positionner et de maintenir un bloqueur ventral CROLL dans la bonne position, pour optimiser l\u2019efficacit\u00e9 et le confort des remont\u00e9es sur corde en sp\u00e9l\u00e9ologie. Le r\u00e9glage rapide des boucles de positionnement assure un maintien sur le harnais. La construction simple et robuste permet \u00e0 ces bretelles d\u2019\u00eatre extr\u00eamement durables.  <\/p>\n<p>Description<br \/>\nEfficacit\u00e9 et facilit\u00e9 d\u2019utilisation pour les remont\u00e9es sur corde :<br \/>\n&#8211; construction simple,<br \/>\n&#8211; permet de positionner efficacement un bloqueur ventral CROLL dans les remont\u00e9es sur corde.<br \/>\nR\u00e9glage rapide :<br \/>\n&#8211; Boucle DOUBLEBACK pour un r\u00e9glage rapide et pr\u00e9cis,<br \/>\n&#8211; Boucle rapide pour un montage et un retrait faciles de la sangle du harnais.<br \/>\nR\u00e9sistance&nbsp;:<br \/>\n&#8211; sangle r\u00e9sistante \u00e0 l\u2019abrasion pour une excellente durabilit\u00e9,<br \/>\n&#8211; Boucle DOUBLEBACK en aluminium,Sp\u00e9cifications<\/p>\n<p> Mat\u00e9riaux&nbsp;: boucle de r\u00e9glage en aluminium DOUBLEBACK, boucle dorsale en plastique, sangle en polyester<\/p>\n<table>\n<tbody>\n<tr>\n<th class=\"rowTitle\">R\u00e9f\u00e9rences<\/th>\n<th>C026AA00<\/th>\n<\/tr>\n<tr>\n<td class=\"rowTitle\">Couleur(s)<\/td>\n<td>Orange <\/td>\n<\/tr>\n<tr>\n<td class=\"rowTitle\">Poids<\/td>\n<td>90 grammes<\/td>\n<\/tr>\n<tr>\n<td class=\"rowTitle\">Garantie<\/td>\n<td>3 ans<\/td>\n<\/tr>\n<tr>\n<td class=\"rowTitle\">Emballage<\/td>\n<td>1 <\/td>\n<\/tr>\n<\/tbody>\n<\/table>\n","protected":false},"excerpt":{"rendered":"<p>Attelles de positionnement pour le CROLL Les bretelles TORSE permettent de positionner et de maintenir un bloqueur ventral CROLL dans<\/p>\n","protected":false},"featured_media":93175,"template":"","meta":{"_seopress_robots_primary_cat":"","_seopress_titles_title":"","_seopress_titles_desc":"","_seopress_robots_index":""},"product_brand":[3446],"product_cat":[33,211,818],"product_tag":[],"class_list":{"0":"post-471785","1":"product","2":"type-product","3":"status-publish","4":"has-post-thumbnail","6":"product_brand-petzl","7":"product_cat-attrezzature","8":"product_cat-attrezzatura-per-il-tempo-libero","9":"product_cat-imbraghi-e-materiale-di-sicurezza-attrezzatura-per-il-tempo-libero","11":"first","12":"onbackorder","13":"shipping-taxable","14":"purchasable","15":"product-type-simple"},"_links":{"self":[{"href":"https:\/\/lucacastelli.com\/fr\/wp-json\/wp\/v2\/product\/471785","targetHints":{"allow":["GET"]}}],"collection":[{"href":"https:\/\/lucacastelli.com\/fr\/wp-json\/wp\/v2\/product"}],"about":[{"href":"https:\/\/lucacastelli.com\/fr\/wp-json\/wp\/v2\/types\/product"}],"wp:featuredmedia":[{"embeddable":true,"href":"https:\/\/lucacastelli.com\/fr\/wp-json\/wp\/v2\/media\/93175"}],"wp:attachment":[{"href":"https:\/\/lucacastelli.com\/fr\/wp-json\/wp\/v2\/media?parent=471785"}],"wp:term":[{"taxonomy":"product_brand","embeddable":true,"href":"https:\/\/lucacastelli.com\/fr\/wp-json\/wp\/v2\/product_brand?post=471785"},{"taxonomy":"product_cat","embeddable":true,"href":"https:\/\/lucacastelli.com\/fr\/wp-json\/wp\/v2\/product_cat?post=471785"},{"taxonomy":"product_tag","embeddable":true,"href":"https:\/\/lucacastelli.com\/fr\/wp-json\/wp\/v2\/product_tag?post=471785"}],"curies":[{"name":"wp","href":"https:\/\/api.w.org\/{rel}","templated":true}]}}