{"id":471784,"date":"2023-04-19T12:38:29","date_gmt":"2023-04-19T10:38:29","guid":{"rendered":"https:\/\/lucacastelli.com\/prodotto\/corps-petzl\/"},"modified":"2023-04-19T12:38:29","modified_gmt":"2023-04-19T10:38:29","slug":"corps-petzl","status":"publish","type":"product","link":"https:\/\/lucacastelli.com\/fr\/produit\/corps-petzl\/","title":{"rendered":"CORPS PETZL"},"content":{"rendered":"<p>Bretelles confortables pour compl\u00e9ter le harnais d\u2019un si\u00e8ge d\u2019enfant<\/p>\n<p>Les bretelles BODY sont con\u00e7ues pour compl\u00e9ter un harnais de si\u00e8ge enfant de type MACCHU. Ils am\u00e9liorent l\u2019\u00e9quilibre de l\u2019enfant en suspension, gr\u00e2ce \u00e0 la ligature au niveau du pectoral. Adapt\u00e9s \u00e0 la morphologie de l\u2019enfant, ils sont confortables et faciles \u00e0 r\u00e9gler.  <\/p>\n<p>Description<br \/>\nAugmente le point d\u2019\u00e9quilibre de l\u2019enfant et emp\u00eache le basculement en cas de chute.<br \/>\nConfortable et facile \u00e0 r\u00e9gler :<br \/>\n&#8211; Boucles DOUBLEBACK pour un ajustement rapide et facile des bretelles,<br \/>\n&#8211; Surface rembourr\u00e9e pour plus de confort.<br \/>\nSp\u00e9cifications<br \/>\nMat\u00e9riaux : polyamide, polyester, EVA, polyur\u00e9thane, acier<\/p>\n<table>\n<tbody>\n<tr>\n<th class=\"rowTitle\">R\u00e9f\u00e9rences<\/th>\n<th>C018BA00<\/th>\n<\/tr>\n<tr>\n<td class=\"rowTitle\">Couleur(s)<\/td>\n<td>Bleu <\/td>\n<\/tr>\n<tr>\n<td class=\"rowTitle\"><\/td>\n<td>Taille unique  <\/td>\n<\/tr>\n<tr>\n<td class=\"rowTitle\"><\/td>\n<td>Tour de poitrine : 45-80 cm  <\/td>\n<\/tr>\n<tr>\n<td class=\"rowTitle\">Poids<\/td>\n<td>150 grammes<\/td>\n<\/tr>\n<tr>\n<td class=\"rowTitle\">Garantie<\/td>\n<td>3 ans<\/td>\n<\/tr>\n<tr>\n<td class=\"rowTitle\">Emballage<\/td>\n<td>1 <\/td>\n<\/tr>\n<\/tbody>\n<\/table>\n","protected":false},"excerpt":{"rendered":"<p>Bretelles confortables pour compl\u00e9ter le harnais d\u2019un si\u00e8ge d\u2019enfant Les bretelles BODY sont con\u00e7ues pour compl\u00e9ter un harnais de si\u00e8ge<\/p>\n","protected":false},"featured_media":93135,"template":"","meta":{"_seopress_robots_primary_cat":"","_seopress_titles_title":"","_seopress_titles_desc":"","_seopress_robots_index":""},"product_brand":[3446],"product_cat":[33,211,818],"product_tag":[],"class_list":{"0":"post-471784","1":"product","2":"type-product","3":"status-publish","4":"has-post-thumbnail","6":"product_brand-petzl","7":"product_cat-attrezzature","8":"product_cat-attrezzatura-per-il-tempo-libero","9":"product_cat-imbraghi-e-materiale-di-sicurezza-attrezzatura-per-il-tempo-libero","11":"first","12":"onbackorder","13":"shipping-taxable","14":"purchasable","15":"product-type-simple"},"_links":{"self":[{"href":"https:\/\/lucacastelli.com\/fr\/wp-json\/wp\/v2\/product\/471784","targetHints":{"allow":["GET"]}}],"collection":[{"href":"https:\/\/lucacastelli.com\/fr\/wp-json\/wp\/v2\/product"}],"about":[{"href":"https:\/\/lucacastelli.com\/fr\/wp-json\/wp\/v2\/types\/product"}],"wp:featuredmedia":[{"embeddable":true,"href":"https:\/\/lucacastelli.com\/fr\/wp-json\/wp\/v2\/media\/93135"}],"wp:attachment":[{"href":"https:\/\/lucacastelli.com\/fr\/wp-json\/wp\/v2\/media?parent=471784"}],"wp:term":[{"taxonomy":"product_brand","embeddable":true,"href":"https:\/\/lucacastelli.com\/fr\/wp-json\/wp\/v2\/product_brand?post=471784"},{"taxonomy":"product_cat","embeddable":true,"href":"https:\/\/lucacastelli.com\/fr\/wp-json\/wp\/v2\/product_cat?post=471784"},{"taxonomy":"product_tag","embeddable":true,"href":"https:\/\/lucacastelli.com\/fr\/wp-json\/wp\/v2\/product_tag?post=471784"}],"curies":[{"name":"wp","href":"https:\/\/api.w.org\/{rel}","templated":true}]}}