{"id":471777,"date":"2023-04-19T19:10:01","date_gmt":"2023-04-19T17:10:01","guid":{"rendered":"https:\/\/lucacastelli.com\/prodotto\/petzl-explo\/"},"modified":"2023-04-19T19:10:01","modified_gmt":"2023-04-19T17:10:01","slug":"petzl-explo","status":"publish","type":"product","link":"https:\/\/lucacastelli.com\/fr\/produit\/petzl-explo\/","title":{"rendered":"PETZL EXPLO"},"content":{"rendered":"<p>Sangles de positionnement pour CROLL, avec boucles d\u2019\u00e9quipement<\/p>\n<p>Les renforts EXPLO permettent de positionner et de maintenir le bloqueur ventral CROLL dans la bonne position, pour optimiser l\u2019efficacit\u00e9 et le confort des remont\u00e9es sur corde en sp\u00e9l\u00e9ologie. Chaque bandouli\u00e8re est \u00e9quip\u00e9e de deux boucles d\u2019\u00e9quipement en PEHD et de deux boucles qui permettent de transporter le mat\u00e9riel. La construction en forme de X assure un positionnement correct sur les \u00e9paules et la sangle de poitrine vous permet d\u2019ajuster avec pr\u00e9cision la tension du bloqueur ventral.  <\/p>\n<p>Description<br \/>\nEfficacit\u00e9 et facilit\u00e9 d\u2019utilisation pour les remont\u00e9es sur corde :<br \/>\n&#8211; permet de positionner efficacement un bloqueur ventral CROLL dans les remont\u00e9es sur corde,<br \/>\n&#8211; deux boucles d\u2019\u00e9quipement en poly\u00e9thyl\u00e8ne haute densit\u00e9 (PEHD) et deux boucles sur chaque sangle pour le transport de l\u2019\u00e9quipement (ancrage temporaire PULSE, plaques, cl\u00e9s&#8230;).<br \/>\nR\u00e9glage rapide :<br \/>\n&#8211; Construction en forme de X, facile \u00e0 r\u00e9gler, sans connexion au harnais<br \/>\n&#8211; R\u00e9glage pr\u00e9cis et imm\u00e9diat de la tension du bloqueur ventral CROLL, gr\u00e2ce \u00e0 la sangle de poitrine \u00e9quip\u00e9e d\u2019une boucle de r\u00e9glage rapide.<br \/>\nR\u00e9sistance :<br \/>\n&#8211; sangle r\u00e9sistante \u00e0 l\u2019abrasion pour une excellente durabilit\u00e9,<br \/>\n&#8211; sangle de poitrine en poly\u00e9thyl\u00e8ne haute densit\u00e9 (PEHD) extr\u00eamement durable dans le temps,<br \/>\n&#8211; support dorsal en polyur\u00e9thane thermoplastique (TPU) pour une plus grande r\u00e9sistance \u00e0 l\u2019abrasion.<br \/>\nSp\u00e9cifique<br \/>\nMat\u00e9riaux : poly\u00e9thyl\u00e8ne haute densit\u00e9 (PEHD), polyur\u00e9thane thermoplastique (TPU), polyester, acier<\/p>\n<table>\n<tbody>\n<tr>\n<th class=\"rowTitle\">R\u00e9f\u00e9rences<\/th>\n<th>C027AA00<\/th>\n<\/tr>\n<tr>\n<td class=\"rowTitle\">Couleur(s)<\/td>\n<td>Noir\/Orange <\/td>\n<\/tr>\n<tr>\n<td class=\"rowTitle\">Poids<\/td>\n<td>170 grammes<\/td>\n<\/tr>\n<tr>\n<td class=\"rowTitle\">Garantie<\/td>\n<td>3 ans<\/td>\n<\/tr>\n<tr>\n<td class=\"rowTitle\">Emballage<\/td>\n<td>1 <\/td>\n<\/tr>\n<\/tbody>\n<\/table>\n","protected":false},"excerpt":{"rendered":"<p>Sangles de positionnement pour CROLL, avec boucles d\u2019\u00e9quipement Les renforts EXPLO permettent de positionner et de maintenir le bloqueur ventral<\/p>\n","protected":false},"featured_media":93170,"template":"","meta":{"_seopress_robots_primary_cat":"","_seopress_titles_title":"","_seopress_titles_desc":"","_seopress_robots_index":""},"product_brand":[3446],"product_cat":[33,211,818],"product_tag":[],"class_list":{"0":"post-471777","1":"product","2":"type-product","3":"status-publish","4":"has-post-thumbnail","6":"product_brand-petzl","7":"product_cat-attrezzature","8":"product_cat-attrezzatura-per-il-tempo-libero","9":"product_cat-imbraghi-e-materiale-di-sicurezza-attrezzatura-per-il-tempo-libero","11":"first","12":"onbackorder","13":"shipping-taxable","14":"purchasable","15":"product-type-simple"},"_links":{"self":[{"href":"https:\/\/lucacastelli.com\/fr\/wp-json\/wp\/v2\/product\/471777","targetHints":{"allow":["GET"]}}],"collection":[{"href":"https:\/\/lucacastelli.com\/fr\/wp-json\/wp\/v2\/product"}],"about":[{"href":"https:\/\/lucacastelli.com\/fr\/wp-json\/wp\/v2\/types\/product"}],"wp:featuredmedia":[{"embeddable":true,"href":"https:\/\/lucacastelli.com\/fr\/wp-json\/wp\/v2\/media\/93170"}],"wp:attachment":[{"href":"https:\/\/lucacastelli.com\/fr\/wp-json\/wp\/v2\/media?parent=471777"}],"wp:term":[{"taxonomy":"product_brand","embeddable":true,"href":"https:\/\/lucacastelli.com\/fr\/wp-json\/wp\/v2\/product_brand?post=471777"},{"taxonomy":"product_cat","embeddable":true,"href":"https:\/\/lucacastelli.com\/fr\/wp-json\/wp\/v2\/product_cat?post=471777"},{"taxonomy":"product_tag","embeddable":true,"href":"https:\/\/lucacastelli.com\/fr\/wp-json\/wp\/v2\/product_tag?post=471777"}],"curies":[{"name":"wp","href":"https:\/\/api.w.org\/{rel}","templated":true}]}}