{"id":471766,"date":"2023-04-17T09:33:03","date_gmt":"2023-04-17T07:33:03","guid":{"rendered":"https:\/\/lucacastelli.com\/?post_type=product&#038;p=471766"},"modified":"2025-07-28T08:42:29","modified_gmt":"2025-07-28T06:42:29","slug":"petzl-string-m","status":"publish","type":"product","link":"https:\/\/lucacastelli.com\/fr\/produit\/petzl-string-m\/","title":{"rendered":"PETZL STRING M"},"content":{"rendered":"<p>Protection de sangle pour maintenir les mousquetons en place sur les sangles EXPRESS et AXESS (pack de 10)<\/p>\n<p>Le protecteur de sangle STRING remplit deux fonctions : il maintient le mousqueton en position du c\u00f4t\u00e9 de la corde et prot\u00e8ge la sangle de l\u2019abrasion. Son ouverture assure la bonne installation du mousqueton dans la sangle. Il est compatible avec les sangles EXPRESS et AXESS.  <\/p>\n<p>Description<br \/>\nProtection pour sangles de 15 \u00e0 20 mm de large.<br \/>\nOuverture qui garantit l\u2019installation correcte du mousqueton dans la sangle et facilite le contr\u00f4le de l\u2019assemblage.<br \/>\nCompatible avec les sangles EXPRESS et AXESS.<br \/>\nSp\u00e9cifications<br \/>\nMat\u00e9riaux : TPE (\u00e9lastom\u00e8re thermoplastique)<\/p>\n","protected":false},"excerpt":{"rendered":"<p>Protection de sangle pour maintenir les mousquetons en place sur les sangles EXPRESS et AXESS (pack de 10) Le protecteur<\/p>\n","protected":false},"featured_media":89508,"template":"","meta":{"_seopress_robots_primary_cat":"","_seopress_titles_title":"","_seopress_titles_desc":"","_seopress_robots_index":""},"product_brand":[3446],"product_cat":[33,537,814,211],"product_tag":[],"class_list":{"0":"post-471766","1":"product","2":"type-product","3":"status-publish","4":"has-post-thumbnail","6":"product_brand-petzl","7":"product_cat-attrezzature","8":"product_cat-attrezzatura-da-lavoro","9":"product_cat-imbraghi-e-materiale-di-sicurezza","10":"product_cat-attrezzatura-per-il-tempo-libero","12":"first","13":"onbackorder","14":"shipping-taxable","15":"purchasable","16":"product-type-simple"},"_links":{"self":[{"href":"https:\/\/lucacastelli.com\/fr\/wp-json\/wp\/v2\/product\/471766","targetHints":{"allow":["GET"]}}],"collection":[{"href":"https:\/\/lucacastelli.com\/fr\/wp-json\/wp\/v2\/product"}],"about":[{"href":"https:\/\/lucacastelli.com\/fr\/wp-json\/wp\/v2\/types\/product"}],"wp:featuredmedia":[{"embeddable":true,"href":"https:\/\/lucacastelli.com\/fr\/wp-json\/wp\/v2\/media\/89508"}],"wp:attachment":[{"href":"https:\/\/lucacastelli.com\/fr\/wp-json\/wp\/v2\/media?parent=471766"}],"wp:term":[{"taxonomy":"product_brand","embeddable":true,"href":"https:\/\/lucacastelli.com\/fr\/wp-json\/wp\/v2\/product_brand?post=471766"},{"taxonomy":"product_cat","embeddable":true,"href":"https:\/\/lucacastelli.com\/fr\/wp-json\/wp\/v2\/product_cat?post=471766"},{"taxonomy":"product_tag","embeddable":true,"href":"https:\/\/lucacastelli.com\/fr\/wp-json\/wp\/v2\/product_tag?post=471766"}],"curies":[{"name":"wp","href":"https:\/\/api.w.org\/{rel}","templated":true}]}}