{"id":471744,"date":"2023-04-17T07:47:53","date_gmt":"2023-04-17T05:47:53","guid":{"rendered":"https:\/\/lucacastelli.com\/?post_type=product&#038;p=471744"},"modified":"2026-01-24T08:05:06","modified_gmt":"2026-01-24T07:05:06","slug":"petzl-grillon","status":"publish","type":"product","link":"https:\/\/lucacastelli.com\/fr\/produit\/petzl-grillon\/","title":{"rendered":"PETZL GRILLON"},"content":{"rendered":"<p>Longe de maintien au travail r\u00e9glable<\/p>\n<p>La longe GRILLON permet de cr\u00e9er des syst\u00e8mes de maintien au travail en combinaison avec un dispositif antichute. Il vous permet d\u2019ajuster pr\u00e9cis\u00e9ment et tr\u00e8s facilement la longueur dont vous avez besoin en fonction des particularit\u00e9s du lieu de travail pour vous positionner confortablement. Selon la configuration, il peut \u00eatre utilis\u00e9 simple ou double. GRILLON est disponible en sept longueurs (2, 3, 4, 5, 10, 15 et 20 m) et en version noire. Il est certifi\u00e9 selon les normes europ\u00e9ennes, russes et nord-am\u00e9ricaines.    <\/p>\n<p>Description<\/p>\n<p>Description d\u00e9taill\u00e9e<br \/>\nFacile \u00e0 utiliser : Syst\u00e8me de r\u00e9glage progressif qui vous permet d\u2019ajuster avec pr\u00e9cision la longueur dont vous avez besoin pour vous positionner confortablement sur le lieu de travail.<br \/>\nDeux modes d\u2019utilisation :<br \/>\n &#8211; double sur les points d\u2019attache lat\u00e9raux du harnais lorsque l\u2019utilisateur travaille sur ses pieds. Ce type de connexion assure une meilleure r\u00e9partition de la charge au niveau de la ceinture du harnais. Le r\u00e9glage s\u2019effectue en appuyant sur la came rotative,<br \/>\n unique sur le point d\u2019attache ventral du harnais lorsque l\u2019ancrage est situ\u00e9 au-dessus de l\u2019utilisateur, de mani\u00e8re \u00e0 r\u00e9partir la charge entre la ceinture et les tours de cuisse pour plus de confort. Le r\u00e9glage se fait en actionnant la poign\u00e9e et en tenant l\u2019extr\u00e9mit\u00e9 libre de la longe.<br \/>\nTerminaisons cousues aux deux extr\u00e9mit\u00e9s avec une gaine en plastique pour maintenir le connecteur en place et prot\u00e9ger la corde de l\u2019abrasion.<br \/>\nGaine de protection qui permet de prot\u00e9ger la corde des points de contact qui pourraient l\u2019endommager en facilitant son glissement. Cette protection est amovible, ce qui vous permet de vous rapprocher de l\u2019ancrage lorsque la longe est utilis\u00e9e individuellement.<br \/>\nDisponible en sept longueurs : 2, 3, 4, 5, 10, 15 et 20 m. La longueur de la longe est imm\u00e9diatement identifi\u00e9e gr\u00e2ce \u00e0 l\u2019\u00e9tiquette color\u00e9e situ\u00e9e \u00e0 l\u2019extr\u00e9mit\u00e9 qui re\u00e7oit le connecteur.<br \/>\nDisponible en deux couleurs : blanc\/jaune et noir.<br \/>\nCordes disponibles en pi\u00e8ces de rechange.     <\/p>\n<p>Sp\u00e9cifications<br \/>\nMat\u00e9riaux : polyamide, polyester, aluminium<br \/>\nCertification(s) : ANSI Z359.3, CSA Z259.11, CE EN 358, CE EN 12841 type C, EAC<\/p>\n<table>\n<tbody>\n<tr>\n<th class=\"rowTitle\">R\u00e9f\u00e9rences<\/th>\n<th>\n L052AA06<\/th>\n<th>\n L052AA07<\/th>\n<th>L052AA08<\/th>\n<\/tr>\n<tr>\n<td class=\"rowTitle\">Longueur<\/td>\n<td>20 m<\/td>\n<td>2 m<\/td>\n<td>3 mois<\/td>\n<\/tr>\n<tr>\n<td class=\"rowTitle\">Couleur(s)<\/td>\n<td>blanc\/jaune <\/td>\n<td>noir <\/td>\n<td>noir <\/td>\n<\/tr>\n<tr>\n<td class=\"rowTitle\">Poids<\/td>\n<td>1875 grammes<\/td>\n<td>480 grammes<\/td>\n<td>560 grammes<\/td>\n<\/tr>\n<tr>\n<td class=\"rowTitle\">Garantie<\/td>\n<td>3 ans<\/td>\n<td>3 ans<\/td>\n<td>3 ans<\/td>\n<\/tr>\n<tr>\n<td class=\"rowTitle\">Emballage<\/td>\n<td> <\/td>\n<p> 1<\/p>\n<td> <\/td>\n<p> 1<\/p>\n<td>1 <\/td>\n<\/tr>\n<\/tbody>\n<\/table>\n","protected":false},"excerpt":{"rendered":"<p>Longe de maintien au travail r\u00e9glable La longe GRILLON permet de cr\u00e9er des syst\u00e8mes de maintien au travail en combinaison<\/p>\n","protected":false},"featured_media":89365,"template":"","meta":{"_seopress_robots_primary_cat":"","_seopress_titles_title":"","_seopress_titles_desc":"","_seopress_robots_index":""},"product_brand":[3667],"product_cat":[144,1397,1408,1402,1415],"product_tag":[],"class_list":{"0":"post-471744","1":"product","2":"type-product","3":"status-publish","4":"has-post-thumbnail","6":"product_brand-petzl-fr","7":"product_cat-equipement","8":"product_cat-equipement-de-travail","9":"product_cat-equipements-de-loisirs","10":"product_cat-harnais-et-equipements-de-securite","11":"product_cat-harnais-et-equipements-de-securite-fr","13":"first","14":"instock","15":"shipping-taxable","16":"purchasable","17":"product-type-variable"},"_links":{"self":[{"href":"https:\/\/lucacastelli.com\/fr\/wp-json\/wp\/v2\/product\/471744","targetHints":{"allow":["GET"]}}],"collection":[{"href":"https:\/\/lucacastelli.com\/fr\/wp-json\/wp\/v2\/product"}],"about":[{"href":"https:\/\/lucacastelli.com\/fr\/wp-json\/wp\/v2\/types\/product"}],"wp:featuredmedia":[{"embeddable":true,"href":"https:\/\/lucacastelli.com\/fr\/wp-json\/wp\/v2\/media\/89365"}],"wp:attachment":[{"href":"https:\/\/lucacastelli.com\/fr\/wp-json\/wp\/v2\/media?parent=471744"}],"wp:term":[{"taxonomy":"product_brand","embeddable":true,"href":"https:\/\/lucacastelli.com\/fr\/wp-json\/wp\/v2\/product_brand?post=471744"},{"taxonomy":"product_cat","embeddable":true,"href":"https:\/\/lucacastelli.com\/fr\/wp-json\/wp\/v2\/product_cat?post=471744"},{"taxonomy":"product_tag","embeddable":true,"href":"https:\/\/lucacastelli.com\/fr\/wp-json\/wp\/v2\/product_tag?post=471744"}],"curies":[{"name":"wp","href":"https:\/\/api.w.org\/{rel}","templated":true}]}}