{"id":471725,"date":"2023-04-17T08:05:23","date_gmt":"2023-04-17T06:05:23","guid":{"rendered":"https:\/\/lucacastelli.com\/?post_type=product&#038;p=471725"},"modified":"2025-07-28T08:42:33","modified_gmt":"2025-07-28T06:42:33","slug":"corde-de-remplacement-petzl-pour-grillon","status":"publish","type":"product","link":"https:\/\/lucacastelli.com\/fr\/produit\/corde-de-remplacement-petzl-pour-grillon\/","title":{"rendered":"Corde de remplacement PETZL pour GRILLON"},"content":{"rendered":"<p>Corde de remplacement pour GRILLON, ancre GRILLON et ligne de vie GRILLON.<\/p>\n<p>Description d\u00e9taill\u00e9e<br \/>\nCorde disponible en sept longueurs et deux couleurs.<br \/>\nLongueurs de 2, 3, 4 et 5 m pour GRILLON et ancre GRILLON.<br \/>\nLongueurs de 5, 10, 15 et 20 m pour la ligne de vie GRILLON.<br \/>\nIl peut \u00eatre utilis\u00e9 avec les anciennes versions (avant 2018) et les nouvelles versions (apr\u00e8s 2018).<\/p>\n<table>\n<tbody>\n<tr>\n<th class=\"rowTitle\">R\u00e9f\u00e9rences<\/th>\n<th>\n L052FA06<\/th>\n<th>\n L052FA07<\/th>\n<th>L052FA08<\/th>\n<\/tr>\n<tr>\n<td class=\"rowTitle\">Longueur<\/td>\n<td>20 m<\/td>\n<td>2 m<\/td>\n<td>3 mois<\/td>\n<\/tr>\n<tr>\n<td class=\"rowTitle\">Couleur(s)<\/td>\n<td>blanc\/jaune <\/td>\n<td>noir <\/td>\n<td>noir <\/td>\n<\/tr>\n<tr>\n<td class=\"rowTitle\">Garantie<\/td>\n<td>3 ans<\/td>\n<td>3 ans<\/td>\n<td>3 ans<\/td>\n<\/tr>\n<tr>\n<td class=\"rowTitle\">Emballage<\/td>\n<td> <\/td>\n<p> 1<\/p>\n<td> <\/td>\n<p> 1<\/p>\n<td>1 <\/td>\n<\/tr>\n<\/tbody>\n<\/table>\n","protected":false},"excerpt":{"rendered":"<p>Corde de remplacement pour GRILLON, ancre GRILLON et ligne de vie GRILLON. Description d\u00e9taill\u00e9e Corde disponible en sept longueurs et<\/p>\n","protected":false},"featured_media":89429,"template":"","meta":{"_seopress_robots_primary_cat":"","_seopress_titles_title":"","_seopress_titles_desc":"","_seopress_robots_index":""},"product_brand":[3667],"product_cat":[144,1397,1408,1402,1415],"product_tag":[],"class_list":{"0":"post-471725","1":"product","2":"type-product","3":"status-publish","4":"has-post-thumbnail","6":"product_brand-petzl-fr","7":"product_cat-equipement","8":"product_cat-equipement-de-travail","9":"product_cat-equipements-de-loisirs","10":"product_cat-harnais-et-equipements-de-securite","11":"product_cat-harnais-et-equipements-de-securite-fr","13":"first","14":"onbackorder","15":"shipping-taxable","16":"purchasable","17":"product-type-variable"},"_links":{"self":[{"href":"https:\/\/lucacastelli.com\/fr\/wp-json\/wp\/v2\/product\/471725","targetHints":{"allow":["GET"]}}],"collection":[{"href":"https:\/\/lucacastelli.com\/fr\/wp-json\/wp\/v2\/product"}],"about":[{"href":"https:\/\/lucacastelli.com\/fr\/wp-json\/wp\/v2\/types\/product"}],"wp:featuredmedia":[{"embeddable":true,"href":"https:\/\/lucacastelli.com\/fr\/wp-json\/wp\/v2\/media\/89429"}],"wp:attachment":[{"href":"https:\/\/lucacastelli.com\/fr\/wp-json\/wp\/v2\/media?parent=471725"}],"wp:term":[{"taxonomy":"product_brand","embeddable":true,"href":"https:\/\/lucacastelli.com\/fr\/wp-json\/wp\/v2\/product_brand?post=471725"},{"taxonomy":"product_cat","embeddable":true,"href":"https:\/\/lucacastelli.com\/fr\/wp-json\/wp\/v2\/product_cat?post=471725"},{"taxonomy":"product_tag","embeddable":true,"href":"https:\/\/lucacastelli.com\/fr\/wp-json\/wp\/v2\/product_tag?post=471725"}],"curies":[{"name":"wp","href":"https:\/\/api.w.org\/{rel}","templated":true}]}}