{"id":471673,"date":"2023-04-14T11:51:40","date_gmt":"2023-04-14T09:51:40","guid":{"rendered":"https:\/\/lucacastelli.com\/?post_type=product&#038;p=471673"},"modified":"2025-07-28T10:09:29","modified_gmt":"2025-07-28T08:09:29","slug":"petzl-axis-avec-terminaison-cousue","status":"publish","type":"product","link":"https:\/\/lucacastelli.com\/fr\/produit\/petzl-axis-avec-terminaison-cousue\/","title":{"rendered":"PETZL AXIS avec terminaison cousue"},"content":{"rendered":"<p>Cordes semi-statiques avec terminaison cousue pour une utilisation avec un antichute mobile ASAP LOCK<\/p>\n<p>La corde semi-statique AXIS 11 mm avec terminaison cousue est destin\u00e9e \u00e0 \u00eatre utilis\u00e9e avec un antichute mobile ASAP LOCK et un absorbeur d\u2019\u00e9nergie ASAP\u2019SORBER ou ASAP\u2019SORBER AXESS. Il dispose d\u2019une terminaison cousue avec une gaine de protection qui vous permet de maintenir le connecteur dans la bonne position, vous permettant de r\u00e9pondre aux exigences de la norme europ\u00e9enne EN 353-2 pour la protection contre les chutes. Le diam\u00e8tre standard assure une bonne prise en main pour faciliter les man\u0153uvres. La technologie EverFlex garantit une grande flexibilit\u00e9 et des performances constantes dans le temps. Corde disponible en six longueurs.    <\/p>\n<p>Corde<br \/>\navec une terminaison cousue qui vous permet de r\u00e9pondre aux exigences de la norme EN 353-2 lorsqu\u2019elle est utilis\u00e9e avec un antichute mobile ASAP LOCK et un absorbeur d\u2019\u00e9nergie ASAP\u2019SORBER ou ASAP\u2019SORBER AXESS.<br \/>\nDiam\u00e8tre standard qui garantit une bonne adh\u00e9rence pour faciliter les man\u0153uvres.<br \/>\nPerformances constantes dans le temps :<br \/>\n&#8211; construction avec un noyau en polyamide et une gaine en polyester avec un tissage sp\u00e9cifique,<br \/>\n&#8211; technologie EverFlex qui garantit une grande flexibilit\u00e9 dans le temps, quelles que soient les conditions (eau, poussi\u00e8re, boue&#8230;), afin de conserver une excellente maniabilit\u00e9 et un fonctionnement optimal des appareils.<br \/>\nCorde avec une terminaison cousue : Cette terminaison dispose d\u2019une gaine de protection pour maintenir correctement le connecteur en place et faciliter les op\u00e9rations.<br \/>\nMarquage d\u2019identification individuel sur la gaine plastique pour v\u00e9rifier l\u2019\u00e9quipement tout au long de sa dur\u00e9e de vie.<br \/>\nLongueurs standard : 10, 20, 30, 40, 50 et 60 m.<br \/>\nPersonnalisation sur demande :<br \/>\n&#8211; possibilit\u00e9 de commander une corde de la longueur souhait\u00e9e,<br \/>\n&#8211; ajout d\u2019une terminaison cousue \u00e0 la deuxi\u00e8me extr\u00e9mit\u00e9.<\/p>\n<p>Sp\u00e9cifications<br \/>\nDiam\u00e8tre : 11 mm<br \/>\nMat\u00e9riaux : polyester, polyamide<br \/>\nCertification(s) : CE EN 1891 type A, UKCA, EAC, NFPA 2500 Utilisation<br \/>\ntechnique Poids par m\u00e8tre : 82 g<br \/>\nR\u00e9sistance avec terminaison cousue : 22 kN<br \/>\nForce d\u2019impact (facteur 0,3) : 5,2 kN<br \/>\nNombre de gouttes facteur 1 : 12<br \/>\nConstruction : 32 broches<br \/>\nPourcentage de gaine : 41 %<br \/>\nAllongement statique : 3 %<\/p>\n<p>Garantie de 3 ans<\/p>\n","protected":false},"excerpt":{"rendered":"<p>Cordes semi-statiques avec terminaison cousue pour une utilisation avec un antichute mobile ASAP LOCK La corde semi-statique AXIS 11 mm<\/p>\n","protected":false},"featured_media":89242,"template":"","meta":{"_seopress_robots_primary_cat":"","_seopress_titles_title":"","_seopress_titles_desc":"","_seopress_robots_index":""},"product_brand":[3667],"product_cat":[144,1397,1402],"product_tag":[],"class_list":{"0":"post-471673","1":"product","2":"type-product","3":"status-publish","4":"has-post-thumbnail","6":"product_brand-petzl-fr","7":"product_cat-equipement","8":"product_cat-equipement-de-travail","9":"product_cat-harnais-et-equipements-de-securite","11":"first","12":"onbackorder","13":"shipping-taxable","14":"purchasable","15":"product-type-variable"},"_links":{"self":[{"href":"https:\/\/lucacastelli.com\/fr\/wp-json\/wp\/v2\/product\/471673","targetHints":{"allow":["GET"]}}],"collection":[{"href":"https:\/\/lucacastelli.com\/fr\/wp-json\/wp\/v2\/product"}],"about":[{"href":"https:\/\/lucacastelli.com\/fr\/wp-json\/wp\/v2\/types\/product"}],"wp:featuredmedia":[{"embeddable":true,"href":"https:\/\/lucacastelli.com\/fr\/wp-json\/wp\/v2\/media\/89242"}],"wp:attachment":[{"href":"https:\/\/lucacastelli.com\/fr\/wp-json\/wp\/v2\/media?parent=471673"}],"wp:term":[{"taxonomy":"product_brand","embeddable":true,"href":"https:\/\/lucacastelli.com\/fr\/wp-json\/wp\/v2\/product_brand?post=471673"},{"taxonomy":"product_cat","embeddable":true,"href":"https:\/\/lucacastelli.com\/fr\/wp-json\/wp\/v2\/product_cat?post=471673"},{"taxonomy":"product_tag","embeddable":true,"href":"https:\/\/lucacastelli.com\/fr\/wp-json\/wp\/v2\/product_tag?post=471673"}],"curies":[{"name":"wp","href":"https:\/\/api.w.org\/{rel}","templated":true}]}}