{"id":471662,"date":"2023-04-16T16:41:32","date_gmt":"2023-04-16T14:41:32","guid":{"rendered":"https:\/\/lucacastelli.com\/?post_type=product&#038;p=471662"},"modified":"2025-07-28T10:09:25","modified_gmt":"2025-07-28T08:09:25","slug":"petzl-smd","status":"publish","type":"product","link":"https:\/\/lucacastelli.com\/fr\/produit\/petzl-smd\/","title":{"rendered":"PETZL Sm\u2019D"},"content":{"rendered":"<p>Mousqueton asym\u00e9trique ultral\u00e9ger<\/p>\n<p>Le mousqueton asym\u00e9trique compact en aluminium Sm\u2019D est recommand\u00e9 pour les travailleurs en hauteur qui recherchent l\u2019ultra-l\u00e9g\u00e8ret\u00e9. La forme en D le rend particuli\u00e8rement adapt\u00e9 \u00e0 la connexion d\u2019appareils. Il est disponible en deux syst\u00e8mes de verrouillage (syst\u00e8me TRIACT-LOCK automatique et syst\u00e8me manuel SCREW-LOCK) ou sans syst\u00e8me de verrouillage.  <\/p>\n<p>Description<br \/>\nForme en D particuli\u00e8rement adapt\u00e9e pour la connexion d\u2019appareils.<br \/>\nMousqueton compact en aluminium, adapt\u00e9 au travailleur en hauteur qui recherche l\u2019ultra-l\u00e9g\u00e8ret\u00e9.<br \/>\nFacilite les man\u0153uvres :<br \/>\n&#8211; conception interne fluide pour r\u00e9duire le risque de coutures stables et faciliter la rotation du mousqueton,<br \/>\n&#8211; Syst\u00e8me Keylock pour \u00e9viter l\u2019accrochage involontaire du mousqueton.<br \/>\nProfil en H :<br \/>\n&#8211; garantit un rapport r\u00e9sistance\/l\u00e9g\u00e8ret\u00e9 optimal,<br \/>\n&#8211; prot\u00e8ge les marquages de l\u2019abrasion.<br \/>\nTrou qui vous permet de connecter des appareils tels que TIBLOC ou MICRO TRAXION, r\u00e9duisant ainsi le risque de les perdre.<br \/>\nDisponible en deux versions de syst\u00e8me de verrouillage :<br \/>\n&#8211; TRIACT-LOCK : verrouillage automatique avec ouverture \u00e0 triple action,<br \/>\n&#8211; SCREW-LOCK : verrouillage manuel par vis avec indicateur visuel rouge lorsque le mousqueton n\u2019est pas verrouill\u00e9.<br \/>\nDisponible sans syst\u00e8me de verrouillage pour un clipsage facile lors de la progression avec technique d\u2019escalade.<br \/>\nSp\u00e9cifique<br \/>\nMat\u00e9riaux : aluminium<\/p>\n<table>\n<tbody>\n<tr>\n<th class=\"rowTitle\">Num\u00e9ros d\u2019article<\/th>\n<th>M39A SL<\/th>\n<th>M39A RL<\/th>\n<\/tr>\n<tr>\n<td class=\"rowTitle\">Poids<\/td>\n<td>46 grammes<\/td>\n<td>51 grammes<\/td>\n<\/tr>\n<tr>\n<td class=\"rowTitle\">Syst\u00e8me de verrouillage<\/td>\n<td>VERROU <\/td>\n<p> \u00c0 VIS<\/p>\n<td>VERROU TOURNANT <\/td>\n<\/tr>\n<tr>\n<td class=\"rowTitle\">Type<\/td>\n<td>L <\/td>\n<td>L <\/td>\n<\/tr>\n<tr>\n<td class=\"rowTitle\">Couleur(s)<\/td>\n<td>Jaune <\/td>\n<td>Jaune <\/td>\n<\/tr>\n<tr>\n<td class=\"rowTitle\">R\u00e9sistance des grands<\/td>\n<p> axes<\/p>\n<td>23 kN<\/td>\n<td>23 kN<\/td>\n<\/tr>\n<tr>\n<td class=\"rowTitle\">R\u00e9sistance des petits<\/td>\n<p> axes<\/p>\n<td>8 kN<\/td>\n<td>8 kN<\/td>\n<\/tr>\n<tr>\n<td class=\"rowTitle\">R\u00e9sistance \u00e0 levier<\/td>\n<p> ouvert <\/p>\n<td>7 kN<\/td>\n<td>7 kN<\/td>\n<\/tr>\n<tr>\n<td class=\"rowTitle\">Ouverture<\/td>\n<td>20 millim\u00e8tre<\/td>\n<td>20 millim\u00e8tre<\/td>\n<\/tr>\n<tr>\n<td class=\"rowTitle\">Garantie<\/td>\n<td>3 ans<\/td>\n<td>3 ans<\/td>\n<\/tr>\n<tr>\n<td class=\"rowTitle\">Emballage<\/td>\n<td> <\/td>\n<p> 1<\/p>\n<td>1 <\/td>\n<\/tr>\n<\/tbody>\n<\/table>\n","protected":false},"excerpt":{"rendered":"<p>Mousqueton asym\u00e9trique ultral\u00e9ger Le mousqueton asym\u00e9trique compact en aluminium Sm\u2019D est recommand\u00e9 pour les travailleurs en hauteur qui recherchent l\u2019ultra-l\u00e9g\u00e8ret\u00e9.<\/p>\n","protected":false},"featured_media":89267,"template":"","meta":{"_seopress_robots_primary_cat":"","_seopress_titles_title":"","_seopress_titles_desc":"","_seopress_robots_index":""},"product_brand":[3667],"product_cat":[144,1397,1402],"product_tag":[],"class_list":{"0":"post-471662","1":"product","2":"type-product","3":"status-publish","4":"has-post-thumbnail","6":"product_brand-petzl-fr","7":"product_cat-equipement","8":"product_cat-equipement-de-travail","9":"product_cat-harnais-et-equipements-de-securite","11":"first","12":"instock","13":"shipping-taxable","14":"purchasable","15":"product-type-variable"},"_links":{"self":[{"href":"https:\/\/lucacastelli.com\/fr\/wp-json\/wp\/v2\/product\/471662","targetHints":{"allow":["GET"]}}],"collection":[{"href":"https:\/\/lucacastelli.com\/fr\/wp-json\/wp\/v2\/product"}],"about":[{"href":"https:\/\/lucacastelli.com\/fr\/wp-json\/wp\/v2\/types\/product"}],"wp:featuredmedia":[{"embeddable":true,"href":"https:\/\/lucacastelli.com\/fr\/wp-json\/wp\/v2\/media\/89267"}],"wp:attachment":[{"href":"https:\/\/lucacastelli.com\/fr\/wp-json\/wp\/v2\/media?parent=471662"}],"wp:term":[{"taxonomy":"product_brand","embeddable":true,"href":"https:\/\/lucacastelli.com\/fr\/wp-json\/wp\/v2\/product_brand?post=471662"},{"taxonomy":"product_cat","embeddable":true,"href":"https:\/\/lucacastelli.com\/fr\/wp-json\/wp\/v2\/product_cat?post=471662"},{"taxonomy":"product_tag","embeddable":true,"href":"https:\/\/lucacastelli.com\/fr\/wp-json\/wp\/v2\/product_tag?post=471662"}],"curies":[{"name":"wp","href":"https:\/\/api.w.org\/{rel}","templated":true}]}}