{"id":471659,"date":"2023-04-13T14:04:14","date_gmt":"2023-04-13T12:04:14","guid":{"rendered":"https:\/\/lucacastelli.com\/?post_type=product&#038;p=471659"},"modified":"2025-07-28T10:09:36","modified_gmt":"2025-07-28T08:09:36","slug":"petzl-pro-traxion","status":"publish","type":"product","link":"https:\/\/lucacastelli.com\/fr\/produit\/petzl-pro-traxion\/","title":{"rendered":"PETZL PRO TRAXION"},"content":{"rendered":"<p>Poulie ascendante captive \u00e0 tr\u00e8s hautes performances<\/p>\n<p>La poulie bloquante PRO TRAXION est con\u00e7ue pour pouvoir installer la corde lorsque la poulie est positionn\u00e9e sur l\u2019ancrage. Avec sa poulie de grand diam\u00e8tre et son excellent rendement, il est particuli\u00e8rement adapt\u00e9 au levage de charges lourdes. La bride bloqu\u00e9e emp\u00eache la poulie de s\u2019ouvrir pendant l\u2019utilisation. Le point de connexion inf\u00e9rieur permet d\u2019effectuer diff\u00e9rents types de r\u00e9cup\u00e9ration.   <\/p>\n<p>Poulie<br \/>\ncaptive :<br \/>\n&#8211; vous permet d\u2019installer la corde lorsque la poulie est plac\u00e9e sur l\u2019ancrage.<br \/>\nParticuli\u00e8rement adapt\u00e9 au levage de charges lourdes :<br \/>\n&#8211; poulie en aluminium de grand diam\u00e8tre mont\u00e9e sur roulement \u00e0 billes \u00e9tanche pour une excellente efficacit\u00e9,<br \/>\n&#8211; bride verrouill\u00e9e sous charge pour \u00e9viter l\u2019ouverture de la poulie pendant l\u2019utilisation.<br \/>\nPolyvalence d\u2019utilisation :<br \/>\n&#8211; point de connexion inf\u00e9rieur pour effectuer diff\u00e9rents types de r\u00e9cup\u00e9ration,<br \/>\n&#8211; arr\u00eat de cordon dentel\u00e9 avec rainure pour \u00e9liminer les impuret\u00e9s afin d\u2019optimiser le fonctionnement dans toutes les conditions : corde gel\u00e9e, corde boueuse&#8230;<br \/>\n&#8211; Utiliser comme une simple poulie en verrouillant la came en position relev\u00e9e.<\/p>\n<p>Sp\u00e9cifications<br \/>\nPoids : 265 g<br \/>\nCertification(s) : CE EN 567, NFPA 1983 Utilisation technique, UKCA, EAC<br \/>\nMat\u00e9riaux : aluminium, acier inoxydable, polyamide<br \/>\nDiam\u00e8tre min. du c\u00e2ble : 8 mm<br \/>\nDiam\u00e8tre max. du c\u00e2ble : 13 mm<br \/>\nType de poulie : roulement \u00e0 billes<br \/>\n\u00e9tanche Diam\u00e8tre de la poulie : 38 mm<br \/>\nCharge maximale de travail : 2 x 2,5 = 5 kN<br \/>\nCharge de rupture &#8211; poulie :  11 kN x 2 = 22 kN<br \/>\nCharge maximale de fonctionnement &#8211; bloqueur : 2,5 kN<br \/>\nCharge de rupture &#8211; bloqueur : 4 kN<br \/>\nRendement : 95 %<\/p>\n<p>Garantie de 3 ans<\/p>\n","protected":false},"excerpt":{"rendered":"<p>Poulie ascendante captive \u00e0 tr\u00e8s hautes performances La poulie bloquante PRO TRAXION est con\u00e7ue pour pouvoir installer la corde lorsque<\/p>\n","protected":false},"featured_media":89233,"template":"","meta":{"_seopress_robots_primary_cat":"","_seopress_titles_title":"","_seopress_titles_desc":"","_seopress_robots_index":""},"product_brand":[3667],"product_cat":[1477],"product_tag":[],"class_list":{"0":"post-471659","1":"product","2":"type-product","3":"status-publish","4":"has-post-thumbnail","6":"product_brand-petzl-fr","7":"product_cat-shop-fr","9":"first","10":"onbackorder","11":"shipping-taxable","12":"purchasable","13":"product-type-simple"},"_links":{"self":[{"href":"https:\/\/lucacastelli.com\/fr\/wp-json\/wp\/v2\/product\/471659","targetHints":{"allow":["GET"]}}],"collection":[{"href":"https:\/\/lucacastelli.com\/fr\/wp-json\/wp\/v2\/product"}],"about":[{"href":"https:\/\/lucacastelli.com\/fr\/wp-json\/wp\/v2\/types\/product"}],"wp:featuredmedia":[{"embeddable":true,"href":"https:\/\/lucacastelli.com\/fr\/wp-json\/wp\/v2\/media\/89233"}],"wp:attachment":[{"href":"https:\/\/lucacastelli.com\/fr\/wp-json\/wp\/v2\/media?parent=471659"}],"wp:term":[{"taxonomy":"product_brand","embeddable":true,"href":"https:\/\/lucacastelli.com\/fr\/wp-json\/wp\/v2\/product_brand?post=471659"},{"taxonomy":"product_cat","embeddable":true,"href":"https:\/\/lucacastelli.com\/fr\/wp-json\/wp\/v2\/product_cat?post=471659"},{"taxonomy":"product_tag","embeddable":true,"href":"https:\/\/lucacastelli.com\/fr\/wp-json\/wp\/v2\/product_tag?post=471659"}],"curies":[{"name":"wp","href":"https:\/\/api.w.org\/{rel}","templated":true}]}}