{"id":471652,"date":"2023-03-07T08:07:16","date_gmt":"2023-03-07T07:07:16","guid":{"rendered":"https:\/\/lucacastelli.com\/?post_type=product&#038;p=471652"},"modified":"2025-07-28T10:59:55","modified_gmt":"2025-07-28T08:59:55","slug":"petzl-id-l","status":"publish","type":"product","link":"https:\/\/lucacastelli.com\/fr\/produit\/petzl-id-l\/","title":{"rendered":"PETZL I\u2019D L"},"content":{"rendered":"<p>Descendeur auto-freinant avec fonction anti-panique pour le sauvetage<\/p>\n<p>Le descendeur auto-freinant I\u2019D L est principalement destin\u00e9 au sauvetage. Il est \u00e9quip\u00e9 d\u2019une poign\u00e9e ergonomique pour contr\u00f4ler confortablement la descente. La fonction anti-panique int\u00e9gr\u00e9e et la came anti-erreur r\u00e9duisent le risque d\u2019accident en cas d\u2019utilisation incorrecte. Le syst\u00e8me AUTO-LOCK vous permet de vous arr\u00eater, sans avoir \u00e0 utiliser la poign\u00e9e et \u00e0 appuyer sur la touche d\u2019arr\u00eat. Une fois verrouill\u00e9e, la corde peut \u00eatre r\u00e9cup\u00e9r\u00e9e sans avoir \u00e0 utiliser la poign\u00e9e. Le clic d\u2019ouverture permet d\u2019installer la corde tout en maintenant l\u2019appareil connect\u00e9 au harnais. I\u2019D L est compatible avec des cordes de 12,5 \u00e0 13 mm et permet la manutention de charges jusqu\u2019\u00e0 280 kg.      <\/p>\n<p>Description<br \/>\nCon\u00e7u pour le sauvetage.<br \/>\nFacilit\u00e9 d\u2019utilisation :<br \/>\n&#8211; il dispose d\u2019un clic d\u2019ouverture sur la bride mobile qui permet d\u2019ins\u00e9rer facilement la corde, en maintenant l\u2019appareil connect\u00e9 au harnais,<br \/>\n&#8211; installation facile de la corde, gr\u00e2ce au guide et aux marquages indicatifs,<br \/>\n&#8211; but\u00e9e de corde anti-erreur pour limiter le risque d\u2019accident d\u00fb \u00e0 une mauvaise insertion de la corde,<br \/>\n&#8211; Poign\u00e9e ergonomique qui vous permet de lib\u00e9rer la corde et de contr\u00f4ler confortablement la descente. Deux options de descente : sur le flasque ou dans la rainure de freinage en forme de V,<br \/>\n&#8211; fonction anti-panique qui arr\u00eate automatiquement la descente si l\u2019utilisateur tire trop fort sur la poign\u00e9e,<br \/>\n&#8211; permet des mouvements fluides sur des surfaces horizontales ou des plans inclin\u00e9s,<br \/>\n&#8211; syst\u00e8me AUTO-LOCK qui permet de s\u2019arr\u00eater, sans avoir \u00e0 utiliser la poign\u00e9e et \u00e0 appuyer sur la touche d\u2019arr\u00eat&nbsp;: lorsque l\u2019utilisateur rel\u00e2che la poign\u00e9e,  La corde est automatiquement verrouill\u00e9e dans l\u2019appareil. Le retour automatique de la poign\u00e9e r\u00e9duit le risque d\u2019accrochage involontaire,<br \/>\n le passage automatique de la poign\u00e9e en position de repos lorsque la corde est retir\u00e9e de l\u2019appareil, ce qui r\u00e9duit les risques d\u2019accrochage involontaire lors du transport du descendeur sur le harnais.<br \/>\nPolyvalence d\u2019utilisation :<br \/>\n&#8211; une fois verrouill\u00e9e, la corde peut \u00eatre r\u00e9cup\u00e9r\u00e9e sans avoir \u00e0 utiliser la poign\u00e9e, permettant de faire un syst\u00e8me de r\u00e9cup\u00e9ration r\u00e9versible ou de r\u00e9aliser facilement des remont\u00e9es sur corde courte,<br \/>\n&#8211; came qui permet de prendre facilement une corde ou de s\u00e9curiser un grimpeur en t\u00eate,<br \/>\n&#8211; vis qui permet de verrouiller le flasque mobile pour int\u00e9grer l\u2019I\u2019D L dans les kits de secours,<br \/>\n&#8211; possibilit\u00e9 d\u2019ajouter un frein suppl\u00e9mentaire, ouvert ou ferm\u00e9, pour un meilleur contr\u00f4le de la descente en fonction de la charge et du diam\u00e8tre de la corde.<br \/>\nRenfort de protection, en acier inoxydable dans la zone o\u00f9 la corde frotte, ce qui permet d\u2019augmenter la r\u00e9sistance \u00e0 l\u2019usure.<br \/>\nDescente de charges lourdes jusqu\u2019\u00e0 280 kg.<br \/>\nCompatibilit\u00e9 corde : de 12,5 \u00e0 13 mm de diam\u00e8tre.<br \/>\nDisponible en deux couleurs : rouge et noir.<\/p>\n<p>Sp\u00e9cifications<br \/>\nMat\u00e9riaux : aluminium, acier, polyamide<br \/>\nPoids : 600 g<br \/>\nCharge maximale pour une personne : jusqu\u2019\u00e0 150 kg (plus d\u2019informations dans la note d\u2019information et les conseils techniques sur le site web de l\u2019www.petzl.com)<br \/>\nCharge maximale pour deux personnes (sauvetage) : jusqu\u2019\u00e0 280 kg (plus d\u2019informations dans la note d\u2019information et les conseils techniques sur le site web du www.petzl.com)<br \/>\nCertification(s) : EN 341 type 2 classe A,  CE EN 12841 Type C, ANSI Z359.4, NFPA 2500 Utilisation g\u00e9n\u00e9rale, UKCA, EAC<\/p>\n<table>\n<tbody>\n<tr>\n<th class=\"rowTitle\">R\u00e9f\u00e9rences<\/th>\n<th>\n D020BA00<\/th>\n<th>D020BA01<\/th>\n<\/tr>\n<tr>\n<td class=\"rowTitle\">Couleur(s)<\/td>\n<td>rouge <\/td>\n<td>noir <\/td>\n<\/tr>\n<tr>\n<td class=\"rowTitle\">Compatibilit\u00e9 des cordes<\/td>\n<td>12,5 \u00e0 13 millim\u00e8tres <\/td>\n<td>12,5 \u00e0 13 millim\u00e8tres <\/td>\n<\/tr>\n<tr>\n<td class=\"rowTitle\">Garantie<\/td>\n<td>3 ans<\/td>\n<td>3 ans<\/td>\n<\/tr>\n<tr>\n<td class=\"rowTitle\">Emballage<\/td>\n<td> <\/td>\n<p> 1<\/p>\n<td>1 <\/td>\n<\/tr>\n<\/tbody>\n<\/table>\n","protected":false},"excerpt":{"rendered":"<p>Descendeur auto-freinant avec fonction anti-panique pour le sauvetage Le descendeur auto-freinant I\u2019D L est principalement destin\u00e9 au sauvetage. Il est<\/p>\n","protected":false},"featured_media":86921,"template":"","meta":{"_seopress_robots_primary_cat":"","_seopress_titles_title":"","_seopress_titles_desc":"","_seopress_robots_index":""},"product_brand":[3446],"product_cat":[33,537,814],"product_tag":[],"class_list":{"0":"post-471652","1":"product","2":"type-product","3":"status-publish","4":"has-post-thumbnail","6":"product_brand-petzl","7":"product_cat-attrezzature","8":"product_cat-attrezzatura-da-lavoro","9":"product_cat-imbraghi-e-materiale-di-sicurezza","11":"first","12":"onbackorder","13":"shipping-taxable","14":"purchasable","15":"product-type-variable"},"_links":{"self":[{"href":"https:\/\/lucacastelli.com\/fr\/wp-json\/wp\/v2\/product\/471652","targetHints":{"allow":["GET"]}}],"collection":[{"href":"https:\/\/lucacastelli.com\/fr\/wp-json\/wp\/v2\/product"}],"about":[{"href":"https:\/\/lucacastelli.com\/fr\/wp-json\/wp\/v2\/types\/product"}],"wp:featuredmedia":[{"embeddable":true,"href":"https:\/\/lucacastelli.com\/fr\/wp-json\/wp\/v2\/media\/86921"}],"wp:attachment":[{"href":"https:\/\/lucacastelli.com\/fr\/wp-json\/wp\/v2\/media?parent=471652"}],"wp:term":[{"taxonomy":"product_brand","embeddable":true,"href":"https:\/\/lucacastelli.com\/fr\/wp-json\/wp\/v2\/product_brand?post=471652"},{"taxonomy":"product_cat","embeddable":true,"href":"https:\/\/lucacastelli.com\/fr\/wp-json\/wp\/v2\/product_cat?post=471652"},{"taxonomy":"product_tag","embeddable":true,"href":"https:\/\/lucacastelli.com\/fr\/wp-json\/wp\/v2\/product_tag?post=471652"}],"curies":[{"name":"wp","href":"https:\/\/api.w.org\/{rel}","templated":true}]}}