{"id":471645,"date":"2023-03-21T13:37:17","date_gmt":"2023-03-21T12:37:17","guid":{"rendered":"https:\/\/lucacastelli.com\/?post_type=product&#038;p=471645"},"modified":"2025-07-28T10:09:32","modified_gmt":"2025-07-28T08:09:32","slug":"bandeau-petzl-avec-mousse-confort","status":"publish","type":"product","link":"https:\/\/lucacastelli.com\/fr\/produit\/bandeau-petzl-avec-mousse-confort\/","title":{"rendered":"Bandeau PETZL avec mousse confort"},"content":{"rendered":"<p>Description<br \/>\nPermet le remplacement du bandeau des casques VERTEX et STRATO pour une dur\u00e9e de vie plus longue.<br \/>\nPr\u00eat \u00e0 installer sur les casques.<br \/>\nMontage et d\u00e9montage faciles.<br \/>\nCompatible avec les casques VERTEX (1) et les casques STRATO.<br \/>\nDisponible en deux versions&nbsp;:<br \/>\n&#8211; mousse de confort standard \u00e0 cellules ferm\u00e9es qui n\u2019absorbe ni l\u2019eau ni la transpiration et facilite l\u2019entretien.<br \/>\n&#8211; Mousse de confort absorbante \u00e0 cellules ouvertes, qui absorbe la transpiration et est lavable en machine.<\/p>\n<p>(1) Versions \u00e0 partir de 2019.<\/p>\n<p>Sp\u00e9cifications<br \/>\nTamis : 53-63 cm<br \/>\nPoids : 30 g<br \/>\nMat\u00e9riaux : poly\u00e9thyl\u00e8ne, polyamide<\/p>\n<p>Paquet de 5 pi\u00e8ces<\/p>\n<table>\n<tbody>\n<tr>\n<th class=\"rowTitle\">R\u00e9f\u00e9rences<\/th>\n<th>\n A010HA00<\/th>\n<th>A010JA00<\/th>\n<\/tr>\n<tr>\n<td class=\"rowTitle\">Version<\/td>\n<td>standard <\/td>\n<td>absorbant <\/td>\n<\/tr>\n<tr>\n<td class=\"rowTitle\">Garantie<\/td>\n<td>3 ans<\/td>\n<td>3 ans<\/td>\n<\/tr>\n<tr>\n<td class=\"rowTitle\">Emballage<\/td>\n<td> <\/td>\n<p> 1<\/p>\n<td>1 <\/td>\n<\/tr>\n<\/tbody>\n<\/table>\n","protected":false},"excerpt":{"rendered":"<p>Description Permet le remplacement du bandeau des casques VERTEX et STRATO pour une dur\u00e9e de vie plus longue. Pr\u00eat \u00e0<\/p>\n","protected":false},"featured_media":87734,"template":"","meta":{"_seopress_robots_primary_cat":"","_seopress_titles_title":"","_seopress_titles_desc":"","_seopress_robots_index":""},"product_brand":[3667],"product_cat":[1405,144,1397,1412],"product_tag":[],"class_list":{"0":"post-471645","1":"product","2":"type-product","3":"status-publish","4":"has-post-thumbnail","6":"product_brand-petzl-fr","7":"product_cat-casques","8":"product_cat-equipement","9":"product_cat-equipement-de-travail","10":"product_cat-visieres-et-lunettes","12":"first","13":"instock","14":"shipping-taxable","15":"purchasable","16":"product-type-variable"},"_links":{"self":[{"href":"https:\/\/lucacastelli.com\/fr\/wp-json\/wp\/v2\/product\/471645","targetHints":{"allow":["GET"]}}],"collection":[{"href":"https:\/\/lucacastelli.com\/fr\/wp-json\/wp\/v2\/product"}],"about":[{"href":"https:\/\/lucacastelli.com\/fr\/wp-json\/wp\/v2\/types\/product"}],"wp:featuredmedia":[{"embeddable":true,"href":"https:\/\/lucacastelli.com\/fr\/wp-json\/wp\/v2\/media\/87734"}],"wp:attachment":[{"href":"https:\/\/lucacastelli.com\/fr\/wp-json\/wp\/v2\/media?parent=471645"}],"wp:term":[{"taxonomy":"product_brand","embeddable":true,"href":"https:\/\/lucacastelli.com\/fr\/wp-json\/wp\/v2\/product_brand?post=471645"},{"taxonomy":"product_cat","embeddable":true,"href":"https:\/\/lucacastelli.com\/fr\/wp-json\/wp\/v2\/product_cat?post=471645"},{"taxonomy":"product_tag","embeddable":true,"href":"https:\/\/lucacastelli.com\/fr\/wp-json\/wp\/v2\/product_tag?post=471645"}],"curies":[{"name":"wp","href":"https:\/\/api.w.org\/{rel}","templated":true}]}}