{"id":471641,"date":"2023-03-06T10:41:04","date_gmt":"2023-03-06T09:41:04","guid":{"rendered":"https:\/\/lucacastelli.com\/?post_type=product&#038;p=471641"},"modified":"2025-07-28T10:09:40","modified_gmt":"2025-07-28T08:09:40","slug":"petzl-alcanadre-guide-45","status":"publish","type":"product","link":"https:\/\/lucacastelli.com\/fr\/produit\/petzl-alcanadre-guide-45\/","title":{"rendered":"PETZL ALCANADRE GUIDE 45"},"content":{"rendered":"<p>La grande ressource pour tout emporter ! ALCANADRE GUIDE est un sac de 45 litres destin\u00e9 aux pratiquants ind\u00e9pendants et aux encadrants de canyoning. En vitesse d\u2019approche ou de progression, son confort est optimal, gr\u00e2ce aux nombreux rembourrages. Plusieurs trous permettent d\u2019\u00e9vacuer facilement l\u2019eau. C\u00f4t\u00e9 mat\u00e9riel, il dispose d\u2019anneaux color\u00e9s pour les extr\u00e9mit\u00e9s de la corde, d\u2019une ceinture amovible et de boucles sur chaque bandouli\u00e8re pour sortir rapidement du sac en cas de sauvetage. A l\u2019int\u00e9rieur, deux compartiments permettent un acc\u00e8s direct \u00e0 l\u2019int\u00e9rieur du sac et de la corde, une poche plaqu\u00e9e peut accueillir du mat\u00e9riel de secours et une pochette en filet peut \u00eatre utilis\u00e9e pour ranger de petits outils. La construction et la poign\u00e9e sup\u00e9rieure renforc\u00e9e lui conf\u00e8rent une grande r\u00e9sistance.      <\/p>\n<p>Description<br \/>\nSac confortable et ergonomique destin\u00e9 aux pratiquants ind\u00e9pendants et aux encadrants de canyoning :<br \/>\n&#8211; dossier, bretelles et ceinture rembourr\u00e9s pour un confort optimal lors des longues marches d\u2019approche,<br \/>\n&#8211; sangle de poitrine r\u00e9glable pour une meilleure stabilit\u00e9 dans le transport,<br \/>\n&#8211; ceinture ventrale qui peut \u00eatre retir\u00e9e lorsqu\u2019elle n\u2019est pas utilis\u00e9e,<br \/>\n&#8211; cordon avec tanka et rabat pour fermer le sac facilement,<br \/>\n&#8211; sangle avec rabat ouvert ou ferm\u00e9, pour s\u00e9curiser efficacement le sac dans n\u2019importe quelle situation,<br \/>\n&#8211; c\u00f4t\u00e9s et fond perfor\u00e9s pour une \u00e9vacuation efficace de l\u2019eau,<br \/>\n&#8211; boucles sur les deux bretelles pour sortir rapidement du sac en cas de sauvetage,<br \/>\n&#8211; s\u00e9parateur amovible entre les compartiments sup\u00e9rieur et inf\u00e9rieur, pour optimiser le remplissage du sac et le confort dans les trains d\u2019approche,<br \/>\n&#8211; Poign\u00e9e sup\u00e9rieure et poign\u00e9e avant pr\u00e9form\u00e9es pour faciliter le transport du sac.<br \/>\nAcc\u00e8s facile au mat\u00e9riel&nbsp;:<br \/>\n&#8211; compartiment sup\u00e9rieur avec une face avant rigide pour une extraction et une disposition faciles de la corde. Il peut \u00eatre utilis\u00e9 avec un sac \u00e0 corde YARA GUIDE 25,<br \/>\n&#8211; compartiment inf\u00e9rieur qui peut \u00eatre ouvert pour acc\u00e9der directement \u00e0 l\u2019int\u00e9rieur du sac,<br \/>\n&#8211; deux anneaux de couleurs diff\u00e9rentes \u00e0 l\u2019int\u00e9rieur du sac pour accrocher les extr\u00e9mit\u00e9s de la corde. Lorsque le sac est fix\u00e9 \u00e0 l\u2019assurage, les anneaux restent visibles, gr\u00e2ce \u00e0 l\u2019ouverture sur la face avant,<br \/>\n&#8211; poche appliqu\u00e9e \u00e0 l\u2019int\u00e9rieur du sac avec un anneau qui permet de ranger et d\u2019acc\u00e9der rapidement au mat\u00e9riel de secours, sans obstruer l\u2019acc\u00e8s principal du sac,<br \/>\n&#8211; \u00e9tui en maille \u00e0 l\u2019int\u00e9rieur du rabat pour un acc\u00e8s rapide \u00e0 un masque ou tout autre petit mat\u00e9riel. Cette poche est \u00e9quip\u00e9e d\u2019une attache qui vous permet de s\u00e9curiser le mat\u00e9riel,<br \/>\n &#8211; zone de marquage sp\u00e9cifique \u00e0 l\u2019ext\u00e9rieur pour identifier facilement le sac.<br \/>\nExcellente r\u00e9sistance pour un usage intensif :<br \/>\n&#8211; Tissu technique TPU et fond renforc\u00e9 en tissu technique soud\u00e9 pour assurer une grande r\u00e9sistance \u00e0 l\u2019abrasion,<br \/>\n&#8211; Cuve ultra-r\u00e9sistante et fermeture \u00e9clair,<br \/>\n&#8211; Poign\u00e9e sup\u00e9rieure renforc\u00e9e par gaine de protection.   <\/p>\n<p>Sp\u00e9cifications<br \/>\nPoids : 1745 g<br \/>\nMat\u00e9riaux : Tissu technique TPU (sans PVC), fond renforc\u00e9 en TPU (sans PVC), sangle en polyester, rembourrage \u00e0 cellules ferm\u00e9es<\/p>\n","protected":false},"excerpt":{"rendered":"<p>La grande ressource pour tout emporter ! ALCANADRE GUIDE est un sac de 45 litres destin\u00e9 aux pratiquants ind\u00e9pendants et<\/p>\n","protected":false},"featured_media":86915,"template":"","meta":{"_seopress_robots_primary_cat":"","_seopress_titles_title":"","_seopress_titles_desc":"","_seopress_robots_index":""},"product_brand":[3446],"product_cat":[1103],"product_tag":[],"class_list":{"0":"post-471641","1":"product","2":"type-product","3":"status-publish","4":"has-post-thumbnail","6":"product_brand-petzl","7":"product_cat-shops","9":"first","10":"onbackorder","11":"shipping-taxable","12":"purchasable","13":"product-type-simple"},"_links":{"self":[{"href":"https:\/\/lucacastelli.com\/fr\/wp-json\/wp\/v2\/product\/471641","targetHints":{"allow":["GET"]}}],"collection":[{"href":"https:\/\/lucacastelli.com\/fr\/wp-json\/wp\/v2\/product"}],"about":[{"href":"https:\/\/lucacastelli.com\/fr\/wp-json\/wp\/v2\/types\/product"}],"wp:featuredmedia":[{"embeddable":true,"href":"https:\/\/lucacastelli.com\/fr\/wp-json\/wp\/v2\/media\/86915"}],"wp:attachment":[{"href":"https:\/\/lucacastelli.com\/fr\/wp-json\/wp\/v2\/media?parent=471641"}],"wp:term":[{"taxonomy":"product_brand","embeddable":true,"href":"https:\/\/lucacastelli.com\/fr\/wp-json\/wp\/v2\/product_brand?post=471641"},{"taxonomy":"product_cat","embeddable":true,"href":"https:\/\/lucacastelli.com\/fr\/wp-json\/wp\/v2\/product_cat?post=471641"},{"taxonomy":"product_tag","embeddable":true,"href":"https:\/\/lucacastelli.com\/fr\/wp-json\/wp\/v2\/product_tag?post=471641"}],"curies":[{"name":"wp","href":"https:\/\/api.w.org\/{rel}","templated":true}]}}