{"id":471639,"date":"2023-02-23T07:07:25","date_gmt":"2023-02-23T06:07:25","guid":{"rendered":"https:\/\/lucacastelli.com\/?post_type=product&#038;p=471639"},"modified":"2025-07-28T10:46:05","modified_gmt":"2025-07-28T08:46:05","slug":"petzl-voltige","status":"publish","type":"product","link":"https:\/\/lucacastelli.com\/fr\/produit\/petzl-voltige\/","title":{"rendered":"PETZL VOLTIGE"},"content":{"rendered":"<p>Harnais de poitrine r\u00e9glable pour harnais de si\u00e8ge<\/p>\n<p>Le plastron VOLTIGE aide les grimpeurs \u00e0 rester en position droite en suspension et en rappel. Uniquement pour compl\u00e9ter un harnais de si\u00e8ge. <\/p>\n<p>Description d\u00e9taill\u00e9e<br \/>\nDeux boucles de r\u00e9glage DOUBLEBACK.<br \/>\nSupport dorsal pour positionner correctement la sangle.<br \/>\nHauteur d\u2019encordement adaptable : Le concept r\u00e9versible permet de placer les boucles sur les \u00e9paules ou sous les bras.<\/p>\n<p>Sp\u00e9cifications<br \/>\nMat\u00e9riaux : sangle polyester<br \/>\nCertification(s) : CE, EN 12277 type D, UIAA 105<\/p>\n<p>Poids 280 g<br \/>\nGarantie 3 ans<\/p>\n","protected":false},"excerpt":{"rendered":"<p>Harnais de poitrine r\u00e9glable pour harnais de si\u00e8ge Le plastron VOLTIGE aide les grimpeurs \u00e0 rester en position droite en<\/p>\n","protected":false},"featured_media":86253,"template":"","meta":{"_seopress_robots_primary_cat":"","_seopress_titles_title":"","_seopress_titles_desc":"","_seopress_robots_index":""},"product_brand":[3446],"product_cat":[33,537,814,211,818],"product_tag":[],"class_list":{"0":"post-471639","1":"product","2":"type-product","3":"status-publish","4":"has-post-thumbnail","6":"product_brand-petzl","7":"product_cat-attrezzature","8":"product_cat-attrezzatura-da-lavoro","9":"product_cat-imbraghi-e-materiale-di-sicurezza","10":"product_cat-attrezzatura-per-il-tempo-libero","11":"product_cat-imbraghi-e-materiale-di-sicurezza-attrezzatura-per-il-tempo-libero","13":"first","14":"onbackorder","15":"shipping-taxable","16":"purchasable","17":"product-type-simple"},"_links":{"self":[{"href":"https:\/\/lucacastelli.com\/fr\/wp-json\/wp\/v2\/product\/471639","targetHints":{"allow":["GET"]}}],"collection":[{"href":"https:\/\/lucacastelli.com\/fr\/wp-json\/wp\/v2\/product"}],"about":[{"href":"https:\/\/lucacastelli.com\/fr\/wp-json\/wp\/v2\/types\/product"}],"wp:featuredmedia":[{"embeddable":true,"href":"https:\/\/lucacastelli.com\/fr\/wp-json\/wp\/v2\/media\/86253"}],"wp:attachment":[{"href":"https:\/\/lucacastelli.com\/fr\/wp-json\/wp\/v2\/media?parent=471639"}],"wp:term":[{"taxonomy":"product_brand","embeddable":true,"href":"https:\/\/lucacastelli.com\/fr\/wp-json\/wp\/v2\/product_brand?post=471639"},{"taxonomy":"product_cat","embeddable":true,"href":"https:\/\/lucacastelli.com\/fr\/wp-json\/wp\/v2\/product_cat?post=471639"},{"taxonomy":"product_tag","embeddable":true,"href":"https:\/\/lucacastelli.com\/fr\/wp-json\/wp\/v2\/product_tag?post=471639"}],"curies":[{"name":"wp","href":"https:\/\/api.w.org\/{rel}","templated":true}]}}