{"id":471634,"date":"2023-02-23T12:00:46","date_gmt":"2023-02-23T11:00:46","guid":{"rendered":"https:\/\/lucacastelli.com\/?post_type=product&#038;p=471634"},"modified":"2025-07-28T10:46:01","modified_gmt":"2025-07-28T08:46:01","slug":"petzl-ouistiti","status":"publish","type":"product","link":"https:\/\/lucacastelli.com\/fr\/produit\/petzl-ouistiti\/","title":{"rendered":"PETZL OUISTITI"},"content":{"rendered":"<p>Harnais d\u2019escalade complet pour les enfants de moins de 30 kg<\/p>\n<p>Pour assurer les premiers pas de vos enfants en escalade ! OUISTITI est un harnais facile \u00e0 porter et r\u00e9gulier pour les enfants de moins de 30 kg. Il ne n\u00e9cessite pas de fermeture de connecteur et le syst\u00e8me de r\u00e9glage est difficile d\u2019acc\u00e8s pour l\u2019enfant. La structure rembourr\u00e9e et le point d\u2019encordement avant en font un harnais confortable m\u00eame lorsqu\u2019il est suspendu. Le point d\u2019attache dorsal permet d\u2019attacher le harnais pour d\u00e9couvrir d\u2019autres activit\u00e9s sp\u00e9cifiques.    <\/p>\n<p>Description d\u00e9taill\u00e9e<br \/>\nFacile \u00e0 mettre et \u00e0 r\u00e9gler :<br \/>\n&#8211; harnais pr\u00eat \u00e0 \u00eatre enfil\u00e9 facilement \u00e0 partir du point dorsal orange,<br \/>\n&#8211; structure semi-rigide et \u00e0 code couleur (int\u00e9rieur en mousse grise et ext\u00e9rieur bleu) pour faciliter l\u2019enfilage,<br \/>\n&#8211; r\u00e9glage principal en adaptant les sangles des bretelles \u00e9quip\u00e9es de boucles DOUBLEBACK,<br \/>\n&#8211; r\u00e9glage secondaire, pour les petits ou les grands enfants, au moyen de deux boucles DOUBLEBACK plac\u00e9es sur le dos.<br \/>\nUtilisation confortable au sol et en suspension :<br \/>\n&#8211; structure rembourr\u00e9e en mousse \u00e0 cellules ferm\u00e9es sur les tours de cuisse, ceinture de positionnement et bretelles,<br \/>\n&#8211; ne n\u00e9cessite pas de connecteur pour rester ferm\u00e9, permet \u00e0 l\u2019enfant de tenir le harnais pour jouer sans obstacles,<br \/>\n&#8211; point d\u2019attache avant renforc\u00e9 et abaiss\u00e9 pour plus de confort lors de la mont\u00e9e, notamment en descente.<br \/>\nPolyvalence d\u2019utilisation pour l\u2019escalade, les clubs et les parcs d\u2019aventure&nbsp;:<br \/>\n&#8211; taille unique jusqu\u2019\u00e0 30 kg,<br \/>\n&#8211; boucles DOUBLEBACK hors de port\u00e9e des enfants,<br \/>\n&#8211; point d\u2019attache avant avec code de couleur vert, pour l\u2019escalade,<br \/>\n&#8211; point d\u2019attache dorsal avec code de couleur orange pour d\u2019autres situations sp\u00e9cifiques.<\/p>\n<p>Sp\u00e9cifications<br \/>\nMat\u00e9riaux : sangle en polyester haute r\u00e9sistance, rembourrage \u00e0 cellules<br \/>\nferm\u00e9es Certification(s) : CE EN 12277 type B, UKCA, UIAA<br \/>\nHarnais fourni dans une mallette de transport de protection<\/p>\n<p>Couleur bleu m\u00e9thyle<br \/>\nPoids 410 g<br \/>\nTaille 58-70 cm<br \/>\nTour de cuisse 32-40 cm<br \/>\nGarantie 3 ans<\/p>\n","protected":false},"excerpt":{"rendered":"<p>Harnais d\u2019escalade complet pour les enfants de moins de 30 kg Pour assurer les premiers pas de vos enfants en<\/p>\n","protected":false},"featured_media":86732,"template":"","meta":{"_seopress_robots_primary_cat":"","_seopress_titles_title":"","_seopress_titles_desc":"","_seopress_robots_index":""},"product_brand":[3667],"product_cat":[144,1397,1402],"product_tag":[],"class_list":{"0":"post-471634","1":"product","2":"type-product","3":"status-publish","4":"has-post-thumbnail","6":"product_brand-petzl-fr","7":"product_cat-equipement","8":"product_cat-equipement-de-travail","9":"product_cat-harnais-et-equipements-de-securite","11":"first","12":"onbackorder","13":"shipping-taxable","14":"purchasable","15":"product-type-simple"},"_links":{"self":[{"href":"https:\/\/lucacastelli.com\/fr\/wp-json\/wp\/v2\/product\/471634","targetHints":{"allow":["GET"]}}],"collection":[{"href":"https:\/\/lucacastelli.com\/fr\/wp-json\/wp\/v2\/product"}],"about":[{"href":"https:\/\/lucacastelli.com\/fr\/wp-json\/wp\/v2\/types\/product"}],"wp:featuredmedia":[{"embeddable":true,"href":"https:\/\/lucacastelli.com\/fr\/wp-json\/wp\/v2\/media\/86732"}],"wp:attachment":[{"href":"https:\/\/lucacastelli.com\/fr\/wp-json\/wp\/v2\/media?parent=471634"}],"wp:term":[{"taxonomy":"product_brand","embeddable":true,"href":"https:\/\/lucacastelli.com\/fr\/wp-json\/wp\/v2\/product_brand?post=471634"},{"taxonomy":"product_cat","embeddable":true,"href":"https:\/\/lucacastelli.com\/fr\/wp-json\/wp\/v2\/product_cat?post=471634"},{"taxonomy":"product_tag","embeddable":true,"href":"https:\/\/lucacastelli.com\/fr\/wp-json\/wp\/v2\/product_tag?post=471634"}],"curies":[{"name":"wp","href":"https:\/\/api.w.org\/{rel}","templated":true}]}}