{"id":471633,"date":"2023-02-23T06:55:19","date_gmt":"2023-02-23T05:55:19","guid":{"rendered":"https:\/\/lucacastelli.com\/?post_type=product&#038;p=471633"},"modified":"2025-07-28T10:46:09","modified_gmt":"2025-07-28T08:46:09","slug":"petzl-tibloc","status":"publish","type":"product","link":"https:\/\/lucacastelli.com\/fr\/produit\/petzl-tibloc\/","title":{"rendered":"PETZL TIBLOC"},"content":{"rendered":"<p>Bloqueur d\u2019urgence ultra-l\u00e9ger<\/p>\n<p>Bloqueur ultra-l\u00e9ger et tr\u00e8s compact pour effectuer une remont\u00e9e sur corde, une r\u00e9cup\u00e9ration ou le remplacement d\u2019un n\u0153ud autobloquant en cas d\u2019auto-sauvetage. TIBLOC dispose d\u2019un syst\u00e8me de fixation automatique du mousqueton sur la corde pour initier le verrouillage de la corde. <\/p>\n<p>Description d\u00e9taill\u00e9e<br \/>\nPeut \u00eatre utilis\u00e9 comme bloqueur de remont\u00e9e sur corde ou bloqueur de d\u00e9gaine dans un mouflage.<br \/>\nSyst\u00e8me de fixation automatique du mousqueton sur la corde pour commencer \u00e0 verrouiller la corde, quelle que soit la position.<br \/>\nUltra-l\u00e9ger (35 g) et tr\u00e8s compact : le bloqueur peut \u00eatre syst\u00e9matiquement port\u00e9 sur le harnais ou au fond du sac.<br \/>\nMarquage du sens d\u2019installation sur le bloqueur.<br \/>\nLa came crant\u00e9e en inox et la rainure d\u2019\u00e9vacuation des salissures optimisent le fonctionnement sur la corde, qu\u2019elle soit boueuse ou glac\u00e9e.<\/p>\n<p>Caract\u00e9ristiques<br \/>\nMat\u00e9riaux : acier inoxydable<br \/>\nPoids : 35 g<br \/>\nCompatibilit\u00e9 corde : 8 \u00e0 11 mm<br \/>\nCompatibilit\u00e9 mousqueton : tous les mod\u00e8les Petzl sauf SPIRIT<br \/>\nCertification(s) : CE EN 567, UKCA, UIAA<\/p>\n<p>Garantie de 3 ans<\/p>\n","protected":false},"excerpt":{"rendered":"<p>Bloqueur d\u2019urgence ultra-l\u00e9ger Bloqueur ultra-l\u00e9ger et tr\u00e8s compact pour effectuer une remont\u00e9e sur corde, une r\u00e9cup\u00e9ration ou le remplacement d\u2019un<\/p>\n","protected":false},"featured_media":86236,"template":"","meta":{"_seopress_robots_primary_cat":"","_seopress_titles_title":"","_seopress_titles_desc":"","_seopress_robots_index":""},"product_brand":[3667],"product_cat":[144,1397,1408,1402,1415],"product_tag":[],"class_list":{"0":"post-471633","1":"product","2":"type-product","3":"status-publish","4":"has-post-thumbnail","6":"product_brand-petzl-fr","7":"product_cat-equipement","8":"product_cat-equipement-de-travail","9":"product_cat-equipements-de-loisirs","10":"product_cat-harnais-et-equipements-de-securite","11":"product_cat-harnais-et-equipements-de-securite-fr","13":"first","14":"onbackorder","15":"shipping-taxable","16":"purchasable","17":"product-type-simple"},"_links":{"self":[{"href":"https:\/\/lucacastelli.com\/fr\/wp-json\/wp\/v2\/product\/471633","targetHints":{"allow":["GET"]}}],"collection":[{"href":"https:\/\/lucacastelli.com\/fr\/wp-json\/wp\/v2\/product"}],"about":[{"href":"https:\/\/lucacastelli.com\/fr\/wp-json\/wp\/v2\/types\/product"}],"wp:featuredmedia":[{"embeddable":true,"href":"https:\/\/lucacastelli.com\/fr\/wp-json\/wp\/v2\/media\/86236"}],"wp:attachment":[{"href":"https:\/\/lucacastelli.com\/fr\/wp-json\/wp\/v2\/media?parent=471633"}],"wp:term":[{"taxonomy":"product_brand","embeddable":true,"href":"https:\/\/lucacastelli.com\/fr\/wp-json\/wp\/v2\/product_brand?post=471633"},{"taxonomy":"product_cat","embeddable":true,"href":"https:\/\/lucacastelli.com\/fr\/wp-json\/wp\/v2\/product_cat?post=471633"},{"taxonomy":"product_tag","embeddable":true,"href":"https:\/\/lucacastelli.com\/fr\/wp-json\/wp\/v2\/product_tag?post=471633"}],"curies":[{"name":"wp","href":"https:\/\/api.w.org\/{rel}","templated":true}]}}