{"id":471623,"date":"2023-02-07T13:29:10","date_gmt":"2023-02-07T12:29:10","guid":{"rendered":"https:\/\/lucacastelli.com\/?post_type=product&#038;p=471623"},"modified":"2025-07-28T10:59:59","modified_gmt":"2025-07-28T08:59:59","slug":"petzl-delta","status":"publish","type":"product","link":"https:\/\/lucacastelli.com\/fr\/produit\/petzl-delta\/","title":{"rendered":"PETZL DELTA"},"content":{"rendered":"<p>Maillon rapide en acier, forme triangulaire<\/p>\n<p>Maillon rapide en acier, forme triangulaire.<\/p>\n<p>Description d\u00e9taill\u00e9e<br \/>\nDisponible en trois versions (diam\u00e8tre du fil 10 mm, 8 mm, 8 mm avec barre de positionnement CROLL sur le harnais) et \u00e9galement disponible en noir.<\/p>\n<p>Sp\u00e9cifications<br \/>\nMat\u00e9riaux : acier<br \/>\nCertification(s) : CE EN 362 type Q<\/p>\n","protected":false},"excerpt":{"rendered":"<p>Maillon rapide en acier, forme triangulaire Maillon rapide en acier, forme triangulaire. Description d\u00e9taill\u00e9e Disponible en trois versions (diam\u00e8tre du<\/p>\n","protected":false},"featured_media":85964,"template":"","meta":{"_seopress_robots_primary_cat":"","_seopress_titles_title":"","_seopress_titles_desc":"","_seopress_robots_index":""},"product_brand":[3667],"product_cat":[144,1397,1402,1408,1415],"product_tag":[],"class_list":{"0":"post-471623","1":"product","2":"type-product","3":"status-publish","4":"has-post-thumbnail","6":"product_brand-petzl-fr","7":"product_cat-equipement","8":"product_cat-equipement-de-travail","9":"product_cat-harnais-et-equipements-de-securite","10":"product_cat-equipements-de-loisirs","11":"product_cat-harnais-et-equipements-de-securite-fr","13":"first","14":"onbackorder","15":"shipping-taxable","16":"purchasable","17":"product-type-variable"},"_links":{"self":[{"href":"https:\/\/lucacastelli.com\/fr\/wp-json\/wp\/v2\/product\/471623","targetHints":{"allow":["GET"]}}],"collection":[{"href":"https:\/\/lucacastelli.com\/fr\/wp-json\/wp\/v2\/product"}],"about":[{"href":"https:\/\/lucacastelli.com\/fr\/wp-json\/wp\/v2\/types\/product"}],"wp:featuredmedia":[{"embeddable":true,"href":"https:\/\/lucacastelli.com\/fr\/wp-json\/wp\/v2\/media\/85964"}],"wp:attachment":[{"href":"https:\/\/lucacastelli.com\/fr\/wp-json\/wp\/v2\/media?parent=471623"}],"wp:term":[{"taxonomy":"product_brand","embeddable":true,"href":"https:\/\/lucacastelli.com\/fr\/wp-json\/wp\/v2\/product_brand?post=471623"},{"taxonomy":"product_cat","embeddable":true,"href":"https:\/\/lucacastelli.com\/fr\/wp-json\/wp\/v2\/product_cat?post=471623"},{"taxonomy":"product_tag","embeddable":true,"href":"https:\/\/lucacastelli.com\/fr\/wp-json\/wp\/v2\/product_tag?post=471623"}],"curies":[{"name":"wp","href":"https:\/\/api.w.org\/{rel}","templated":true}]}}