{"id":471617,"date":"2023-02-01T13:05:26","date_gmt":"2023-02-01T12:05:26","guid":{"rendered":"https:\/\/lucacastelli.com\/?post_type=product&#038;p=471617"},"modified":"2025-07-28T10:46:13","modified_gmt":"2025-07-28T08:46:13","slug":"petzl-go-8-mm","status":"publish","type":"product","link":"https:\/\/lucacastelli.com\/fr\/produit\/petzl-go-8-mm\/","title":{"rendered":"PETZL GO 8 mm"},"content":{"rendered":"<p>Maillon rapide en acier galvanis\u00e9 \u00e0 grande ouverture de 8 mm<\/p>\n<p>GO est un maillon rapide de 8 mm avec une grande ouverture qui vous permet de connecter en permanence une sangle de d\u00e9gaine \u00e0 un ancrage. Il peut \u00e9galement \u00eatre laiss\u00e9 sur un assurage pour installer un rappel. Le corps en acier galvanis\u00e9 offre une excellente r\u00e9sistance.  <\/p>\n<p>Description d\u00e9taill\u00e9e<br \/>\nIl vous permet d\u2019attacher de fa\u00e7on permanente une \u00e9lingue \u00e0 un ancrage ou peut \u00eatre laiss\u00e9 sur un assurage pour installer un rappel.<br \/>\nR\u00e9sistance&nbsp;:<br \/>\n&#8211; Diam\u00e8tre de 8 mm ce qui favorise une bonne r\u00e9sistance,<br \/>\n&#8211; Corps en acier galvanis\u00e9 extr\u00eamement r\u00e9sistant.<br \/>\nDisponible en bo\u00eete de 10 ou en paquet unique.<\/p>\n<p>Sp\u00e9cifications<br \/>\nPoids : 95 g<br \/>\nR\u00e9sistance du grand axe : 30 kN<br \/>\nR\u00e9sistance du petit axe : 10 kN<br \/>\nOuverture : 17 mm<br \/>\nMat\u00e9riaux : acier galvanis\u00e9<br \/>\nCertification(s) : CE EN 12275, EN 362<\/p>\n","protected":false},"excerpt":{"rendered":"<p>Maillon rapide en acier galvanis\u00e9 \u00e0 grande ouverture de 8 mm GO est un maillon rapide de 8 mm avec<\/p>\n","protected":false},"featured_media":85735,"template":"","meta":{"_seopress_robots_primary_cat":"","_seopress_titles_title":"","_seopress_titles_desc":"","_seopress_robots_index":""},"product_brand":[3446],"product_cat":[33,537,814,211,818],"product_tag":[],"class_list":{"0":"post-471617","1":"product","2":"type-product","3":"status-publish","4":"has-post-thumbnail","6":"product_brand-petzl","7":"product_cat-attrezzature","8":"product_cat-attrezzatura-da-lavoro","9":"product_cat-imbraghi-e-materiale-di-sicurezza","10":"product_cat-attrezzatura-per-il-tempo-libero","11":"product_cat-imbraghi-e-materiale-di-sicurezza-attrezzatura-per-il-tempo-libero","13":"first","14":"onbackorder","15":"shipping-taxable","16":"purchasable","17":"product-type-simple"},"_links":{"self":[{"href":"https:\/\/lucacastelli.com\/fr\/wp-json\/wp\/v2\/product\/471617","targetHints":{"allow":["GET"]}}],"collection":[{"href":"https:\/\/lucacastelli.com\/fr\/wp-json\/wp\/v2\/product"}],"about":[{"href":"https:\/\/lucacastelli.com\/fr\/wp-json\/wp\/v2\/types\/product"}],"wp:featuredmedia":[{"embeddable":true,"href":"https:\/\/lucacastelli.com\/fr\/wp-json\/wp\/v2\/media\/85735"}],"wp:attachment":[{"href":"https:\/\/lucacastelli.com\/fr\/wp-json\/wp\/v2\/media?parent=471617"}],"wp:term":[{"taxonomy":"product_brand","embeddable":true,"href":"https:\/\/lucacastelli.com\/fr\/wp-json\/wp\/v2\/product_brand?post=471617"},{"taxonomy":"product_cat","embeddable":true,"href":"https:\/\/lucacastelli.com\/fr\/wp-json\/wp\/v2\/product_cat?post=471617"},{"taxonomy":"product_tag","embeddable":true,"href":"https:\/\/lucacastelli.com\/fr\/wp-json\/wp\/v2\/product_tag?post=471617"}],"curies":[{"name":"wp","href":"https:\/\/api.w.org\/{rel}","templated":true}]}}