{"id":471606,"date":"2023-02-01T12:47:16","date_gmt":"2023-02-01T11:47:16","guid":{"rendered":"https:\/\/lucacastelli.com\/?post_type=product&#038;p=471606"},"modified":"2025-07-28T11:00:07","modified_gmt":"2025-07-28T09:00:07","slug":"petzl-mgo-ouvert","status":"publish","type":"product","link":"https:\/\/lucacastelli.com\/fr\/produit\/petzl-mgo-ouvert\/","title":{"rendered":"PETZL MGO OUVERT"},"content":{"rendered":"<p>Connecteur directionnel avec grande ouverture et verrouillage automatique, avec point de connexion d\u2019ouverture.<\/p>\n<p>MGO OPEN est un connecteur directionnel autobloquant \u00e0 grande ouverture pour la connexion \u00e0 des structures m\u00e9talliques ou \u00e0 des c\u00e2bles et barres de grand diam\u00e8tre. Il dispose d\u2019un point de connexion qui peut \u00eatre ouvert pour \u00eatre combin\u00e9 avec diff\u00e9rents types de longes. Si la longe est endommag\u00e9e, elle peut \u00eatre r\u00e9utilis\u00e9e. MGO OPEN est disponible en deux versions.   <\/p>\n<p>Con\u00e7u<br \/>\npour se connecter \u00e0 des structures m\u00e9talliques, des c\u00e2bles et des barres de grand diam\u00e8tre.<br \/>\nPoint de connexion ouvrable qui permet d\u2019installer le connecteur MGO OPEN directement \u00e0 l\u2019extr\u00e9mit\u00e9 de la longe double ABSORBICA-I, ABSORBICA-Y, JANE, PROGRESS ou PROGRESS ADJUST et de la longe de maintien au travail de type GRILLON. Si la longe est endommag\u00e9e, elle peut \u00eatre r\u00e9utilis\u00e9e.<br \/>\nPoint de connexion d\u00e9di\u00e9 pour faciliter les travaux sur les grands axes.<br \/>\nPoign\u00e9e de d\u00e9verrouillage ergonomique.<br \/>\nDisponible en deux versions&nbsp;:<br \/>\n&#8211; MGO OPEN 60 avec grande ouverture (ouverture de 60 mm),<br \/>\n&#8211; MGO OPEN 110 avec une ouverture tr\u00e8s large (ouverture de 110 mm). <\/p>\n<p>Sp\u00e9cifications<br \/>\nMat\u00e9riaux&nbsp;: aluminium<\/p>\n","protected":false},"excerpt":{"rendered":"<p>Connecteur directionnel avec grande ouverture et verrouillage automatique, avec point de connexion d\u2019ouverture. MGO OPEN est un connecteur directionnel autobloquant<\/p>\n","protected":false},"featured_media":85720,"template":"","meta":{"_seopress_robots_primary_cat":"","_seopress_titles_title":"","_seopress_titles_desc":"","_seopress_robots_index":""},"product_brand":[3667],"product_cat":[144,1397,1408,1402,1415],"product_tag":[],"class_list":{"0":"post-471606","1":"product","2":"type-product","3":"status-publish","4":"has-post-thumbnail","6":"product_brand-petzl-fr","7":"product_cat-equipement","8":"product_cat-equipement-de-travail","9":"product_cat-equipements-de-loisirs","10":"product_cat-harnais-et-equipements-de-securite","11":"product_cat-harnais-et-equipements-de-securite-fr","13":"first","14":"onbackorder","15":"shipping-taxable","16":"purchasable","17":"product-type-variable"},"_links":{"self":[{"href":"https:\/\/lucacastelli.com\/fr\/wp-json\/wp\/v2\/product\/471606","targetHints":{"allow":["GET"]}}],"collection":[{"href":"https:\/\/lucacastelli.com\/fr\/wp-json\/wp\/v2\/product"}],"about":[{"href":"https:\/\/lucacastelli.com\/fr\/wp-json\/wp\/v2\/types\/product"}],"wp:featuredmedia":[{"embeddable":true,"href":"https:\/\/lucacastelli.com\/fr\/wp-json\/wp\/v2\/media\/85720"}],"wp:attachment":[{"href":"https:\/\/lucacastelli.com\/fr\/wp-json\/wp\/v2\/media?parent=471606"}],"wp:term":[{"taxonomy":"product_brand","embeddable":true,"href":"https:\/\/lucacastelli.com\/fr\/wp-json\/wp\/v2\/product_brand?post=471606"},{"taxonomy":"product_cat","embeddable":true,"href":"https:\/\/lucacastelli.com\/fr\/wp-json\/wp\/v2\/product_cat?post=471606"},{"taxonomy":"product_tag","embeddable":true,"href":"https:\/\/lucacastelli.com\/fr\/wp-json\/wp\/v2\/product_tag?post=471606"}],"curies":[{"name":"wp","href":"https:\/\/api.w.org\/{rel}","templated":true}]}}