{"id":471593,"date":"2023-01-17T14:22:14","date_gmt":"2023-01-17T13:22:14","guid":{"rendered":"https:\/\/lucacastelli.com\/?post_type=product&#038;p=471593"},"modified":"2025-07-28T11:00:11","modified_gmt":"2025-07-28T09:00:11","slug":"petzl-connexion-vario","status":"publish","type":"product","link":"https:\/\/lucacastelli.com\/fr\/produit\/petzl-connexion-vario\/","title":{"rendered":"PETZL CONNEXION VARIO"},"content":{"rendered":"<p>Sangle d\u2019ancrage r\u00e9glable<\/p>\n<p>CONNEXION VARIO est une sangle d\u2019ancrage robuste et r\u00e9glable \u00e9quip\u00e9e de deux points d\u2019attache en acier forg\u00e9. Il garantit diverses configurations pour installer un ancrage : directement sur un ancrage ou autour d\u2019une structure adapt\u00e9e. La longueur de la sangle est r\u00e9glable, gr\u00e2ce \u00e0 une boucle de r\u00e9glage. Un syst\u00e8me permet d\u2019agencer les sangles restantes. Il est disponible en deux longueurs (30 \u00e0 200 cm et 200 \u00e0 400 cm).    <\/p>\n<p>Description d\u00e9taill\u00e9e<\/p>\n<p>Il permet diverses configurations pour installer un ancrage :<br \/>\n&#8211; directement sur un ancrage,<br \/>\n &#8211; autour d\u2019une structure d\u2019ancrage,<br \/>\n &#8211; avec un n\u0153ud de gueule de loup sur une structure d\u2019ancrage, gr\u00e2ce aux points d\u2019attache de diff\u00e9rentes tailles.<br \/>\nBoucle de r\u00e9glage qui permet d\u2019adapter la longueur de sangle n\u00e9cessaire \u00e0 la r\u00e9alisation de l\u2019ancrage.<br \/>\nVelcro int\u00e9gr\u00e9 pour s\u2019adapter \u00e0 la longueur restante de la sangle,- Construction durable<br \/>\n&nbsp;:<br \/>\n&#8211; sangle r\u00e9sistante \u00e0 l\u2019abrasion,<br \/>\n&#8211; points de fixation en acier forg\u00e9.<br \/>\nDisponible en deux longueurs : de 30 \u00e0 200 cm et de 200 \u00e0 400 cm. La longueur de la sangle est imm\u00e9diatement identifi\u00e9e gr\u00e2ce \u00e0 l\u2019\u00e9tiquette situ\u00e9e \u00e0 l\u2019extr\u00e9mit\u00e9 \u00e9quip\u00e9e de la grande boucle. <\/p>\n<p>Sp\u00e9cifications<br \/>\nR\u00e9sistance \u00e0 la traction : 25 kN<br \/>\nCertification(s) : CE EN 795 B, NFPA 1983 General Use, ANSI Z359.18, CSA Z259.15-17, UKCA<\/p>\n","protected":false},"excerpt":{"rendered":"<p>Sangle d\u2019ancrage r\u00e9glable CONNEXION VARIO est une sangle d\u2019ancrage robuste et r\u00e9glable \u00e9quip\u00e9e de deux points d\u2019attache en acier forg\u00e9.<\/p>\n","protected":false},"featured_media":85478,"template":"","meta":{"_seopress_robots_primary_cat":"","_seopress_titles_title":"","_seopress_titles_desc":"","_seopress_robots_index":""},"product_brand":[3667],"product_cat":[144,1397,1408,1415,1402],"product_tag":[],"class_list":{"0":"post-471593","1":"product","2":"type-product","3":"status-publish","4":"has-post-thumbnail","6":"product_brand-petzl-fr","7":"product_cat-equipement","8":"product_cat-equipement-de-travail","9":"product_cat-equipements-de-loisirs","10":"product_cat-harnais-et-equipements-de-securite-fr","11":"product_cat-harnais-et-equipements-de-securite","13":"first","14":"onbackorder","15":"shipping-taxable","16":"purchasable","17":"product-type-variable"},"_links":{"self":[{"href":"https:\/\/lucacastelli.com\/fr\/wp-json\/wp\/v2\/product\/471593","targetHints":{"allow":["GET"]}}],"collection":[{"href":"https:\/\/lucacastelli.com\/fr\/wp-json\/wp\/v2\/product"}],"about":[{"href":"https:\/\/lucacastelli.com\/fr\/wp-json\/wp\/v2\/types\/product"}],"wp:featuredmedia":[{"embeddable":true,"href":"https:\/\/lucacastelli.com\/fr\/wp-json\/wp\/v2\/media\/85478"}],"wp:attachment":[{"href":"https:\/\/lucacastelli.com\/fr\/wp-json\/wp\/v2\/media?parent=471593"}],"wp:term":[{"taxonomy":"product_brand","embeddable":true,"href":"https:\/\/lucacastelli.com\/fr\/wp-json\/wp\/v2\/product_brand?post=471593"},{"taxonomy":"product_cat","embeddable":true,"href":"https:\/\/lucacastelli.com\/fr\/wp-json\/wp\/v2\/product_cat?post=471593"},{"taxonomy":"product_tag","embeddable":true,"href":"https:\/\/lucacastelli.com\/fr\/wp-json\/wp\/v2\/product_tag?post=471593"}],"curies":[{"name":"wp","href":"https:\/\/api.w.org\/{rel}","templated":true}]}}