{"id":471575,"date":"2023-01-19T10:31:05","date_gmt":"2023-01-19T09:31:05","guid":{"rendered":"https:\/\/lucacastelli.com\/prodotto\/petzl-tikkina\/"},"modified":"2023-01-19T10:31:05","modified_gmt":"2023-01-19T09:31:05","slug":"petzl-tikkina","status":"publish","type":"product","link":"https:\/\/lucacastelli.com\/fr\/produit\/petzl-tikkina\/","title":{"rendered":"PETZL TIKKINA"},"content":{"rendered":"<p>Lampe frontale compacte avec une utilisation facile. 300 lumens <\/p>\n<p>Avec ses 300 lumens, son \u00e9clairage homog\u00e8ne et confortable, la lampe frontale TIKKINA\u00ae illumine vos soir\u00e9es sous les \u00e9toiles ! Vous pouvez \u00e9galement l\u2019utiliser pour lire sous la tente et pour vous d\u00e9placer dans le camping ou faire de la randonn\u00e9e. Il est facile \u00e0 utiliser et \u00e0 ajuster \u00e0 l\u2019aide d\u2019un seul bouton et d\u2019une bande \u00e9lastique sym\u00e9trique. Compact et l\u00e9ger, il se glisse facilement dans votre poche ou votre sac \u00e0 dos pour vous suivre partout. Livr\u00e9e avec trois batteries, TIKKINA est \u00e9galement compatible avec la batterie rechargeable CORE, gr\u00e2ce \u00e0\u00ae la construction HYBRID CONCEPT.    <\/p>\n<p>Description d\u00e9taill\u00e9e<br \/>\nCompact et l\u00e9ger : seulement 92 g.<br \/>\n\u00c9clairage de proximit\u00e9 homog\u00e8ne et confortable :<br \/>\n&#8211; faisceau lumineux large et homog\u00e8ne pour voir confortablement \u00e0 port\u00e9e manuelle ou rapproch\u00e9e,<br \/>\n&#8211; trois modes d\u2019\u00e9clairage : MAX BURN TIME (autonomie maximale), STANDARD (meilleur \u00e9quilibre puissance\/autonomie) et MAX POWER (puissance maximale).<br \/>\nSimple d\u2019utilisation :<br \/>\n&#8211; un seul bouton pour s\u00e9lectionner facilement et rapidement le niveau d\u2019\u00e9clairage,<br \/>\n&#8211; un support qui permet d\u2019orienter tr\u00e8s facilement la lampe dans la direction souhait\u00e9e,<br \/>\n&#8211; une bande \u00e9lastique amovible, lavable et r\u00e9glable sym\u00e9triquement pour un rangement facile,<br \/>\n&#8211; la construction HYBRID CONCEPT : livr\u00e9e avec trois piles AAA\/LR03, TIKKINA\u00ae est \u00e9galement compatible avec la batterie rechargeable CORE (non fournie). La lampe d\u00e9tecte automatiquement la source d\u2019\u00e9nergie et ajuste les performances d\u2019\u00e9clairage,<br \/>\n &#8211; compatible avec les supports HELMET ADAPT et BIKE ADAPT 2 pour installer la lampe sur tout type de casque ou sur un v\u00e9lo (1). <\/p>\n<p>(1) Veuillez noter que cette lampe n\u2019est pas certifi\u00e9e pour une utilisation sur route : lorsqu\u2019elles sont utilis\u00e9es dans une zone r\u00e9glement\u00e9e, les lampes Petzl ne remplacent pas l\u2019\u00e9clairage r\u00e9glement\u00e9 obligatoire.<\/p>\n<p>Sp\u00e9cifications<br \/>\nPuissance : 300 lumens (ANSI\/PLATO FL 1)<br \/>\nPoids : 92 g<br \/>\nType de faisceau lumineux : large<br \/>\nAlimentation : 3 piles AAA\/LR03 (fournies) ou batterie rechargeable CORE (disponible en accessoire)<br \/>\nCompatibilit\u00e9 des piles : alcalines, rechargeables au lithium ou Ni-MH<br \/>\nCertification(s) : CE<br \/>\n\u00c9tanche : IPX4 (r\u00e9sistant aux intemp\u00e9ries)<\/p>\n<p>Garantie de 5 ans<\/p>\n","protected":false},"excerpt":{"rendered":"<p>Lampe frontale compacte avec une utilisation facile. 300 lumens Avec ses 300 lumens, son \u00e9clairage homog\u00e8ne et confortable, la lampe<\/p>\n","protected":false},"featured_media":85499,"template":"","meta":{"_seopress_robots_primary_cat":"","_seopress_titles_title":"","_seopress_titles_desc":"","_seopress_robots_index":""},"product_brand":[3667],"product_cat":[1702,1496,144,1397,1408],"product_tag":[],"class_list":{"0":"post-471575","1":"product","2":"type-product","3":"status-publish","4":"has-post-thumbnail","6":"product_brand-petzl-fr","7":"product_cat-autres","8":"product_cat-autres-equipements-de-travail","9":"product_cat-equipement","10":"product_cat-equipement-de-travail","11":"product_cat-equipements-de-loisirs","13":"first","14":"onbackorder","15":"shipping-taxable","16":"purchasable","17":"product-type-variable"},"_links":{"self":[{"href":"https:\/\/lucacastelli.com\/fr\/wp-json\/wp\/v2\/product\/471575","targetHints":{"allow":["GET"]}}],"collection":[{"href":"https:\/\/lucacastelli.com\/fr\/wp-json\/wp\/v2\/product"}],"about":[{"href":"https:\/\/lucacastelli.com\/fr\/wp-json\/wp\/v2\/types\/product"}],"wp:featuredmedia":[{"embeddable":true,"href":"https:\/\/lucacastelli.com\/fr\/wp-json\/wp\/v2\/media\/85499"}],"wp:attachment":[{"href":"https:\/\/lucacastelli.com\/fr\/wp-json\/wp\/v2\/media?parent=471575"}],"wp:term":[{"taxonomy":"product_brand","embeddable":true,"href":"https:\/\/lucacastelli.com\/fr\/wp-json\/wp\/v2\/product_brand?post=471575"},{"taxonomy":"product_cat","embeddable":true,"href":"https:\/\/lucacastelli.com\/fr\/wp-json\/wp\/v2\/product_cat?post=471575"},{"taxonomy":"product_tag","embeddable":true,"href":"https:\/\/lucacastelli.com\/fr\/wp-json\/wp\/v2\/product_tag?post=471575"}],"curies":[{"name":"wp","href":"https:\/\/api.w.org\/{rel}","templated":true}]}}