{"id":471570,"date":"2023-01-17T14:04:51","date_gmt":"2023-01-17T13:04:51","guid":{"rendered":"https:\/\/lucacastelli.com\/?post_type=product&#038;p=471570"},"modified":"2025-07-28T11:00:15","modified_gmt":"2025-07-28T09:00:15","slug":"petzl-vulcan","status":"publish","type":"product","link":"https:\/\/lucacastelli.com\/fr\/produit\/petzl-vulcan\/","title":{"rendered":"PETZL VULCAN"},"content":{"rendered":"<p>Mousqueton asym\u00e9trique \u00e0 haute r\u00e9sistance et grande capacit\u00e9<\/p>\n<p>VULCAN est un mousqueton en acier \u00e0 haute r\u00e9sistance destin\u00e9 \u00e0 \u00eatre utilis\u00e9 dans des environnements difficiles. La forme asym\u00e9trique de grande capacit\u00e9 convient \u00e0 plusieurs ancrages. Le mousqueton VULCAN est disponible en deux syst\u00e8mes de verrouillage : le syst\u00e8me automatique TRIACT-LOCK et le syst\u00e8me manuel SCREW-LOCK. VULCAN TRIACT-LOCK est disponible en version europ\u00e9enne et internationale. VULCAN peut \u00eatre combin\u00e9 avec la barre CAPTIV pour faciliter le stress du mousqueton sur le grand axe, r\u00e9duire le risque de renversement et le rendre solidaire de l\u2019appareil.    <\/p>\n<p>Description d\u00e9taill\u00e9e<\/p>\n<p>Mousqueton en acier \u00e0 haute r\u00e9sistance pour une utilisation dans des environnements difficiles et particuli\u00e8rement adapt\u00e9 aux ancrages multiples.<br \/>\nFacilite les man\u0153uvres :<br \/>\n&#8211; conception interne fluide pour r\u00e9duire le risque d\u2019un point stable et faciliter la rotation du mousqueton,<br \/>\n&#8211; syst\u00e8me Keylock pour \u00e9viter l\u2019accrochage involontaire du mousqueton,<br \/>\n&#8211; peut \u00eatre combin\u00e9 avec la barre CAPTIV pour faciliter le stress du mousqueton sur le grand axe, l\u2019int\u00e9grer \u00e0 l\u2019appareil et r\u00e9duire le risque de renversement.<br \/>\nProfil en H :<br \/>\n&#8211; garantit un rapport r\u00e9sistance\/l\u00e9g\u00e8ret\u00e9 optimal,<br \/>\n&#8211; prot\u00e8ge les marquages de l\u2019abrasion.<br \/>\nDisponible en deux versions de syst\u00e8me de verrouillage :<br \/>\n&#8211; TRIACT-LOCK : verrouillage automatique avec ouverture \u00e0 triple action,<br \/>\n&#8211; SCREW-LOCK : verrouillage manuel par vis avec indicateur visuel rouge lorsque le mousqueton n\u2019est pas verrouill\u00e9.<br \/>\nDisponible en versions europ\u00e9enne et internationale.<br \/>\n\u00c9galement disponible dans la version noire.<\/p>\n<p>Sp\u00e9cifications<br \/>\nMat\u00e9riaux&nbsp;: acier<\/p>\n","protected":false},"excerpt":{"rendered":"<p>Mousqueton asym\u00e9trique \u00e0 haute r\u00e9sistance et grande capacit\u00e9 VULCAN est un mousqueton en acier \u00e0 haute r\u00e9sistance destin\u00e9 \u00e0 \u00eatre<\/p>\n","protected":false},"featured_media":85442,"template":"","meta":{"_seopress_robots_primary_cat":"","_seopress_titles_title":"","_seopress_titles_desc":"","_seopress_robots_index":""},"product_brand":[3667],"product_cat":[144,1397,1408,1415,1402],"product_tag":[],"class_list":{"0":"post-471570","1":"product","2":"type-product","3":"status-publish","4":"has-post-thumbnail","6":"product_brand-petzl-fr","7":"product_cat-equipement","8":"product_cat-equipement-de-travail","9":"product_cat-equipements-de-loisirs","10":"product_cat-harnais-et-equipements-de-securite-fr","11":"product_cat-harnais-et-equipements-de-securite","13":"first","14":"onbackorder","15":"shipping-taxable","16":"purchasable","17":"product-type-variable"},"_links":{"self":[{"href":"https:\/\/lucacastelli.com\/fr\/wp-json\/wp\/v2\/product\/471570","targetHints":{"allow":["GET"]}}],"collection":[{"href":"https:\/\/lucacastelli.com\/fr\/wp-json\/wp\/v2\/product"}],"about":[{"href":"https:\/\/lucacastelli.com\/fr\/wp-json\/wp\/v2\/types\/product"}],"wp:featuredmedia":[{"embeddable":true,"href":"https:\/\/lucacastelli.com\/fr\/wp-json\/wp\/v2\/media\/85442"}],"wp:attachment":[{"href":"https:\/\/lucacastelli.com\/fr\/wp-json\/wp\/v2\/media?parent=471570"}],"wp:term":[{"taxonomy":"product_brand","embeddable":true,"href":"https:\/\/lucacastelli.com\/fr\/wp-json\/wp\/v2\/product_brand?post=471570"},{"taxonomy":"product_cat","embeddable":true,"href":"https:\/\/lucacastelli.com\/fr\/wp-json\/wp\/v2\/product_cat?post=471570"},{"taxonomy":"product_tag","embeddable":true,"href":"https:\/\/lucacastelli.com\/fr\/wp-json\/wp\/v2\/product_tag?post=471570"}],"curies":[{"name":"wp","href":"https:\/\/api.w.org\/{rel}","templated":true}]}}