{"id":471559,"date":"2023-01-17T13:23:49","date_gmt":"2023-01-17T12:23:49","guid":{"rendered":"https:\/\/lucacastelli.com\/?post_type=product&#038;p=471559"},"modified":"2025-07-28T11:00:23","modified_gmt":"2025-07-28T09:00:23","slug":"petzl-longe-a-crochet-de-manille","status":"publish","type":"product","link":"https:\/\/lucacastelli.com\/fr\/produit\/petzl-longe-a-crochet-de-manille\/","title":{"rendered":"PETZL Longe \u00e0 crochet de manille"},"content":{"rendered":"<p>Longe de maintien au travail r\u00e9glable avec connecteur HOOK<\/p>\n<p>La longe GRILLON HOOK est utilis\u00e9e pour cr\u00e9er des syst\u00e8mes de maintien au travail en combinaison avec un dispositif antichute. Il vous permet d\u2019ajuster pr\u00e9cis\u00e9ment et tr\u00e8s facilement la longueur dont vous avez besoin en fonction des particularit\u00e9s du lieu de travail pour vous positionner confortablement. Son connecteur HOOK est id\u00e9al pour une double utilisation sur les points d\u2019attache lat\u00e9raux du harnais. GRILLON HOOK est disponible en quatre longueurs (2, 3, 4 et 5 m) et certifi\u00e9 selon les normes europ\u00e9ennes et russes.   <\/p>\n<p>Description d\u00e9taill\u00e9e<\/p>\n<p>Facile d\u2019utilisation :<br \/>\n&#8211; Syst\u00e8me de r\u00e9glage progressif qui permet d\u2019ajuster pr\u00e9cis\u00e9ment la longueur n\u00e9cessaire pour se positionner confortablement sur le lieu de travail,<br \/>\n&#8211; Double usage sur les points d\u2019attache lat\u00e9raux du harnais lorsque l\u2019utilisateur travaille sur ses pieds. Ce type de connexion assure une meilleure r\u00e9partition de la charge au niveau de la ceinture du harnais. Le r\u00e9glage s\u2019effectue en appuyant sur la came rotative.<br \/>\nTerminaisons cousues aux deux extr\u00e9mit\u00e9s avec une gaine en plastique pour maintenir le connecteur en place et prot\u00e9ger la corde de l\u2019abrasion.<br \/>\nGaine de protection amovible qui permet de prot\u00e9ger la corde des points de contact qui pourraient l\u2019endommager, favorisant ainsi son glissement.<br \/>\nProduit fourni avec un connecteur HOOK id\u00e9al pour l\u2019utilisation de la double longe sur les points d\u2019attache lat\u00e9raux du harnais.<br \/>\nDisponible en quatre longueurs : 2, 3, 4 et 5 m. La longueur de la longe est imm\u00e9diatement identifi\u00e9e gr\u00e2ce \u00e0 l\u2019\u00e9tiquette color\u00e9e situ\u00e9e \u00e0 l\u2019extr\u00e9mit\u00e9 qui re\u00e7oit le connecteur.<br \/>\nCordes disponibles en pi\u00e8ces de rechange.   <\/p>\n<p>Sp\u00e9cifications<br \/>\nMat\u00e9riaux : polyamide, polyester, aluminium<br \/>\nCertification(s) : CE EN 358, CE EN 12841 type C, EAC, UKCA (CROCHET)<\/p>\n","protected":false},"excerpt":{"rendered":"<p>Longe de maintien au travail r\u00e9glable avec connecteur HOOK La longe GRILLON HOOK est utilis\u00e9e pour cr\u00e9er des syst\u00e8mes de<\/p>\n","protected":false},"featured_media":85414,"template":"","meta":{"_seopress_robots_primary_cat":"","_seopress_titles_title":"","_seopress_titles_desc":"","_seopress_robots_index":""},"product_brand":[3667],"product_cat":[144,1397,1408,1402,1415],"product_tag":[],"class_list":{"0":"post-471559","1":"product","2":"type-product","3":"status-publish","4":"has-post-thumbnail","6":"product_brand-petzl-fr","7":"product_cat-equipement","8":"product_cat-equipement-de-travail","9":"product_cat-equipements-de-loisirs","10":"product_cat-harnais-et-equipements-de-securite","11":"product_cat-harnais-et-equipements-de-securite-fr","13":"first","14":"onbackorder","15":"shipping-taxable","16":"purchasable","17":"product-type-variable"},"_links":{"self":[{"href":"https:\/\/lucacastelli.com\/fr\/wp-json\/wp\/v2\/product\/471559","targetHints":{"allow":["GET"]}}],"collection":[{"href":"https:\/\/lucacastelli.com\/fr\/wp-json\/wp\/v2\/product"}],"about":[{"href":"https:\/\/lucacastelli.com\/fr\/wp-json\/wp\/v2\/types\/product"}],"wp:featuredmedia":[{"embeddable":true,"href":"https:\/\/lucacastelli.com\/fr\/wp-json\/wp\/v2\/media\/85414"}],"wp:attachment":[{"href":"https:\/\/lucacastelli.com\/fr\/wp-json\/wp\/v2\/media?parent=471559"}],"wp:term":[{"taxonomy":"product_brand","embeddable":true,"href":"https:\/\/lucacastelli.com\/fr\/wp-json\/wp\/v2\/product_brand?post=471559"},{"taxonomy":"product_cat","embeddable":true,"href":"https:\/\/lucacastelli.com\/fr\/wp-json\/wp\/v2\/product_cat?post=471559"},{"taxonomy":"product_tag","embeddable":true,"href":"https:\/\/lucacastelli.com\/fr\/wp-json\/wp\/v2\/product_tag?post=471559"}],"curies":[{"name":"wp","href":"https:\/\/api.w.org\/{rel}","templated":true}]}}