{"id":471547,"date":"2023-01-17T14:02:27","date_gmt":"2023-01-17T13:02:27","guid":{"rendered":"https:\/\/lucacastelli.com\/?post_type=product&#038;p=471547"},"modified":"2025-07-28T11:00:20","modified_gmt":"2025-07-28T09:00:20","slug":"petzl-jevacuerais","status":"publish","type":"product","link":"https:\/\/lucacastelli.com\/fr\/produit\/petzl-jevacuerais\/","title":{"rendered":"PETZL J\u2019\u00c9VACUERAIS"},"content":{"rendered":"<p>Descendeur auto-freinant avec fonction anti-panique pour les \u00e9vacuations au mouillage<\/p>\n<p>Le descendeur auto-freinant I\u2019D EVAC est principalement destin\u00e9 aux \u00e9vacuations sur ancrages. Sp\u00e9cialement con\u00e7ue pour la manutention de la charge au mouillage, la poign\u00e9e ergonomique vous permet de contr\u00f4ler confortablement la descente. La fonction anti-panique int\u00e9gr\u00e9e et la came anti-erreur r\u00e9duisent le risque d\u2019accident en cas d\u2019utilisation incorrecte. Le syst\u00e8me AUTO-LOCK vous permet de verrouiller la corde automatiquement, sans avoir \u00e0 utiliser la poign\u00e9e et \u00e0 appuyer sur la cl\u00e9 d\u2019arr\u00eat. Une fois verrouill\u00e9e, la corde peut \u00eatre r\u00e9cup\u00e9r\u00e9e sans avoir \u00e0 utiliser la poign\u00e9e. Le clic d\u2019ouverture permet d\u2019installer la corde tout en maintenant l\u2019appareil connect\u00e9 \u00e0 l\u2019ancrage. L\u2019I\u2019D EVAC est compatible avec des cordes de 10 \u00e0 11,5 mm et permet la manutention de charges jusqu\u2019\u00e0 250 kg.      <\/p>\n<p>Description d\u00e9taill\u00e9e<\/p>\n<p>Con\u00e7u pour les \u00e9vacuations au mouillage.<br \/>\nFacilit\u00e9 d\u2019utilisation :<br \/>\n&#8211; il dispose d\u2019un clic d\u2019ouverture sur la bride mobile qui permet d\u2019ins\u00e9rer facilement la corde, en maintenant l\u2019appareil connect\u00e9 \u00e0 l\u2019ancrage,<br \/>\n&#8211; installation facile de la corde, gr\u00e2ce au guide et aux marquages indicatifs,<br \/>\n&#8211; came anti-erreur pour limiter le risque d\u2019accident d\u00fb \u00e0 une mauvaise insertion de la corde,<br \/>\n&#8211; Poign\u00e9e ergonomique qui vous permet de lib\u00e9rer la corde et de contr\u00f4ler confortablement la descente. Deux options de descente : sur le flasque ou dans la rainure de frein en forme de V. La poign\u00e9e est sp\u00e9cifiquement orient\u00e9e pour la manutention de la charge au niveau de l\u2019ancrage<br \/>\n,- fonction anti-panique qui arr\u00eate automatiquement la descente si l\u2019utilisateur tire trop fort sur la poign\u00e9e,<br \/>\n&#8211; syst\u00e8me AUTO-LOCK qui permet de verrouiller automatiquement la corde, sans avoir \u00e0 utiliser la poign\u00e9e et \u00e0 appuyer sur la touche d\u2019arr\u00eat. Le retour automatique de la poign\u00e9e r\u00e9duit le risque d\u2019accrochage involontaire,<br \/>\n le passage automatique de la poign\u00e9e en position de repos lorsque la corde est retir\u00e9e de l\u2019appareil, ce qui r\u00e9duit les risques d\u2019accrochage involontaire lors du transport du descendeur sur le harnais.<br \/>\nPolyvalence d\u2019utilisation :<br \/>\n&#8211; une fois verrouill\u00e9e, la corde peut \u00eatre r\u00e9cup\u00e9r\u00e9e sans avoir \u00e0 utiliser la poign\u00e9e, permettant un syst\u00e8me de r\u00e9cup\u00e9ration r\u00e9versible,<br \/>\n&#8211; vis qui permet de verrouiller la bride mobile pour int\u00e9grer l\u2019I\u2019D EVAC dans les kits d\u2019\u00e9vacuation,<br \/>\n&#8211; frein ouvert suppl\u00e9mentaire pour augmenter l\u2019action de freinage en fonction de la charge et du diam\u00e8tre de la corde et installer ou lib\u00e9rer la corde \u00e0 tout moment.<br \/>\nRenfort de protection, en acier inoxydable dans la zone o\u00f9 la corde frotte, ce qui permet d\u2019augmenter la r\u00e9sistance \u00e0 l\u2019usure.<br \/>\nAbaissement de charges lourdes jusqu\u2019\u00e0 250 kg.<br \/>\nCompatibilit\u00e9 corde : de 10 \u00e0 11,5 mm de diam\u00e8tre.<br \/>\nDisponible en deux couleurs : jaune et noir.<\/p>\n<p>Sp\u00e9cifique<\/p>\n<p>Mat\u00e9riaux : aluminium, acier, polyamide<br \/>\nPoids : 615 g<br \/>\nCharge maximale pour une personne : jusqu\u2019\u00e0 150 kg (plus d\u2019informations dans la note d\u2019information et les conseils techniques sur le site web de l\u2019www.petzl.com)<br \/>\nCharge maximale pour deux personnes (sauvetage) : jusqu\u2019\u00e0 250 kg (plus d\u2019informations dans la note d\u2019information et conseils techniques sur le site web du www.petzl.com)<br \/>\nCertification(s) : EN 341 Type 2 Classe A, CE EN 12841 Type C, ANSI Z359.4, NFPA 1983 Utilisation technique, EAC &#8211; EN 341 Type 2 Classe A lorsqu\u2019il est utilis\u00e9 avec une corde PARALLEL 10,5 mm ou AXIS 11 mm, &#8211; EN 12841 Type C lorsqu\u2019il est utilis\u00e9 avec une corde EN 1891 A de 10 \u00e0 11,5 mm, &#8211; ANSI Z359.4 lorsqu\u2019il est utilis\u00e9 avec une corde de 10 \u00e0 11,5 mm,  &#8211; NFPA 1983 Utilisation technique lorsqu\u2019il est utilis\u00e9 avec une corde de 10 \u00e0 11,5 mm.<\/p>\n","protected":false},"excerpt":{"rendered":"<p>Descendeur auto-freinant avec fonction anti-panique pour les \u00e9vacuations au mouillage Le descendeur auto-freinant I\u2019D EVAC est principalement destin\u00e9 aux \u00e9vacuations<\/p>\n","protected":false},"featured_media":85423,"template":"","meta":{"_seopress_robots_primary_cat":"","_seopress_titles_title":"","_seopress_titles_desc":"","_seopress_robots_index":""},"product_brand":[3667],"product_cat":[144,1397,1408,1415,1402],"product_tag":[],"class_list":{"0":"post-471547","1":"product","2":"type-product","3":"status-publish","4":"has-post-thumbnail","6":"product_brand-petzl-fr","7":"product_cat-equipement","8":"product_cat-equipement-de-travail","9":"product_cat-equipements-de-loisirs","10":"product_cat-harnais-et-equipements-de-securite-fr","11":"product_cat-harnais-et-equipements-de-securite","13":"first","14":"onbackorder","15":"shipping-taxable","16":"purchasable","17":"product-type-variable"},"_links":{"self":[{"href":"https:\/\/lucacastelli.com\/fr\/wp-json\/wp\/v2\/product\/471547","targetHints":{"allow":["GET"]}}],"collection":[{"href":"https:\/\/lucacastelli.com\/fr\/wp-json\/wp\/v2\/product"}],"about":[{"href":"https:\/\/lucacastelli.com\/fr\/wp-json\/wp\/v2\/types\/product"}],"wp:featuredmedia":[{"embeddable":true,"href":"https:\/\/lucacastelli.com\/fr\/wp-json\/wp\/v2\/media\/85423"}],"wp:attachment":[{"href":"https:\/\/lucacastelli.com\/fr\/wp-json\/wp\/v2\/media?parent=471547"}],"wp:term":[{"taxonomy":"product_brand","embeddable":true,"href":"https:\/\/lucacastelli.com\/fr\/wp-json\/wp\/v2\/product_brand?post=471547"},{"taxonomy":"product_cat","embeddable":true,"href":"https:\/\/lucacastelli.com\/fr\/wp-json\/wp\/v2\/product_cat?post=471547"},{"taxonomy":"product_tag","embeddable":true,"href":"https:\/\/lucacastelli.com\/fr\/wp-json\/wp\/v2\/product_tag?post=471547"}],"curies":[{"name":"wp","href":"https:\/\/api.w.org\/{rel}","templated":true}]}}