{"id":471528,"date":"2022-12-22T13:29:56","date_gmt":"2022-12-22T12:29:56","guid":{"rendered":"https:\/\/lucacastelli.com\/?post_type=product&#038;p=471528"},"modified":"2025-07-28T11:08:56","modified_gmt":"2025-07-28T09:08:56","slug":"balle-de-recuperation-petzl-pour-eject","status":"publish","type":"product","link":"https:\/\/lucacastelli.com\/fr\/produit\/balle-de-recuperation-petzl-pour-eject\/","title":{"rendered":"Balle de r\u00e9cup\u00e9ration PETZL pour EJECT"},"content":{"rendered":"<p>Boule de r\u00e9cup\u00e9ration pour fourche fendue r\u00e9glable EJECT<\/p>\n<p>D\u2019un diam\u00e8tre de 21 mm, cette boule de r\u00e9cup\u00e9ration est sp\u00e9cialement con\u00e7ue pour la fourche de cisaillement r\u00e9glable EJECT. Il vous permet de r\u00e9cup\u00e9rer facilement et rapidement le syst\u00e8me par le bas. <\/p>\n<p>Description d\u00e9taill\u00e9e<\/p>\n<p>Diam\u00e8tre de 21 mm sp\u00e9cialement con\u00e7u pour la fourche de cisaillement r\u00e9glable EJECT.<br \/>\nIl vous permet de r\u00e9cup\u00e9rer facilement la cisaille par le bas.<\/p>\n<p>Caract\u00e9ristiques<br \/>\nPoids&nbsp;: 8 g<br \/>\nDiam\u00e8tre&nbsp;: 21 mm<br \/>\nMat\u00e9riaux&nbsp;: polyamide<\/p>\n<p>Garantie de 3 ans<\/p>\n","protected":false},"excerpt":{"rendered":"<p>Boule de r\u00e9cup\u00e9ration pour fourche fendue r\u00e9glable EJECT D\u2019un diam\u00e8tre de 21 mm, cette boule de r\u00e9cup\u00e9ration est sp\u00e9cialement con\u00e7ue<\/p>\n","protected":false},"featured_media":85234,"template":"","meta":{"_seopress_robots_primary_cat":"","_seopress_titles_title":"","_seopress_titles_desc":"","_seopress_robots_index":""},"product_brand":[3446],"product_cat":[33,537,814,211,818],"product_tag":[],"class_list":{"0":"post-471528","1":"product","2":"type-product","3":"status-publish","4":"has-post-thumbnail","6":"product_brand-petzl","7":"product_cat-attrezzature","8":"product_cat-attrezzatura-da-lavoro","9":"product_cat-imbraghi-e-materiale-di-sicurezza","10":"product_cat-attrezzatura-per-il-tempo-libero","11":"product_cat-imbraghi-e-materiale-di-sicurezza-attrezzatura-per-il-tempo-libero","13":"first","14":"onbackorder","15":"shipping-taxable","16":"purchasable","17":"product-type-simple"},"_links":{"self":[{"href":"https:\/\/lucacastelli.com\/fr\/wp-json\/wp\/v2\/product\/471528","targetHints":{"allow":["GET"]}}],"collection":[{"href":"https:\/\/lucacastelli.com\/fr\/wp-json\/wp\/v2\/product"}],"about":[{"href":"https:\/\/lucacastelli.com\/fr\/wp-json\/wp\/v2\/types\/product"}],"wp:featuredmedia":[{"embeddable":true,"href":"https:\/\/lucacastelli.com\/fr\/wp-json\/wp\/v2\/media\/85234"}],"wp:attachment":[{"href":"https:\/\/lucacastelli.com\/fr\/wp-json\/wp\/v2\/media?parent=471528"}],"wp:term":[{"taxonomy":"product_brand","embeddable":true,"href":"https:\/\/lucacastelli.com\/fr\/wp-json\/wp\/v2\/product_brand?post=471528"},{"taxonomy":"product_cat","embeddable":true,"href":"https:\/\/lucacastelli.com\/fr\/wp-json\/wp\/v2\/product_cat?post=471528"},{"taxonomy":"product_tag","embeddable":true,"href":"https:\/\/lucacastelli.com\/fr\/wp-json\/wp\/v2\/product_tag?post=471528"}],"curies":[{"name":"wp","href":"https:\/\/api.w.org\/{rel}","templated":true}]}}