{"id":471527,"date":"2022-12-22T14:18:26","date_gmt":"2022-12-22T13:18:26","guid":{"rendered":"https:\/\/lucacastelli.com\/?post_type=product&#038;p=471527"},"modified":"2025-07-28T11:00:30","modified_gmt":"2025-07-28T09:00:30","slug":"petzl-spin-l1","status":"publish","type":"product","link":"https:\/\/lucacastelli.com\/fr\/produit\/petzl-spin-l1\/","title":{"rendered":"PETZL SPIN L1"},"content":{"rendered":"<p>Poulie simple \u00e0 tr\u00e8s haut rendement avec \u00e9merillon<\/p>\n<p>Pouvant \u00e9galement \u00eatre ouverte lorsqu\u2019elle est positionn\u00e9e sur l\u2019ancrage, la poulie SPIN L1 est con\u00e7ue pour simplifier au maximum l\u2019installation de syst\u00e8mes de r\u00e9cup\u00e9ration, de tyrolienne ou de d\u00e9tournement de charge. La poulie de grand diam\u00e8tre sur roulement \u00e0 billes \u00e9tanche garantit une excellente efficacit\u00e9. Les man\u0153uvres sont facilit\u00e9es, gr\u00e2ce \u00e0 l\u2019\u00e9merillon qui permet d\u2019orienter la poulie sous charge et de relier directement les mousquetons, les cordes ou les \u00e9lingues.  <\/p>\n<p>Description d\u00e9taill\u00e9e<\/p>\n<p>Con\u00e7u pour simplifier au maximum l\u2019installation de syst\u00e8mes de r\u00e9cup\u00e9ration, de t\u00e9l\u00e9ph\u00e9rique ou de d\u00e9viation de charge lors de travaux en hauteur, de sauvetage et de travaux sur les arbres :<br \/>\n&#8211; ouverture triple action de la bride mobile, facile et rapide, m\u00eame avec des gants,<br \/>\n&#8211; possibilit\u00e9 d\u2019installer la corde tout en maintenant l\u2019appareil connect\u00e9 \u00e0 l\u2019ancrage,<br \/>\n&#8211; indicateur visuel rouge lorsque la bride mobile n\u2019est pas verrouill\u00e9e,<br \/>\n&#8211; conception sp\u00e9cifique des brides qui prot\u00e8gent le passage de la corde.<br \/>\nEfficacit\u00e9 optimis\u00e9e et man\u0153uvre facile :<br \/>\n&#8211; poulie de grand diam\u00e8tre sur roulement \u00e0 billes \u00e9tanche pour d\u2019excellentes performances,<br \/>\n&#8211; \u00e9merillon qui permet d\u2019orienter la poulie sous charge,<br \/>\n&#8211; \u00e9merillon pouvant accueillir jusqu\u2019\u00e0 trois mousquetons et permet l\u2019utilisation de cordes et d\u2019\u00e9lingues pour faciliter les man\u0153uvres.<\/p>\n<p>Sp\u00e9cifique<\/p>\n<p>Poids : 290 g<br \/>\nNormage(s) : CE EN 12278, NFPA 2500 Poulie Utilisation g\u00e9n\u00e9rale, UIAA, UKCA<br \/>\nMat\u00e9riaux : aluminium, acier inoxydable, polyamide<br \/>\nDiam\u00e8tre min. du c\u00e2ble : 7 mm<br \/>\nDiam\u00e8tre max. du c\u00e2ble : 13 mm<br \/>\nType de poulie : roulements \u00e0 billes \u00e9tanches<br \/>\nDiam\u00e8tre de la poulie : 38 mm<br \/>\nCharge maximale de travail : 4 x 2 = 8 kN<br \/>\nR\u00e9sistance \u00e0 la traction :  36 kN<br \/>\nRendement&nbsp;: 95 %<\/p>\n<p>Garantie de 3 ans<\/p>\n","protected":false},"excerpt":{"rendered":"<p>Poulie simple \u00e0 tr\u00e8s haut rendement avec \u00e9merillon Pouvant \u00e9galement \u00eatre ouverte lorsqu\u2019elle est positionn\u00e9e sur l\u2019ancrage, la poulie SPIN<\/p>\n","protected":false},"featured_media":85244,"template":"","meta":{"_seopress_robots_primary_cat":"","_seopress_titles_title":"","_seopress_titles_desc":"","_seopress_robots_index":""},"product_brand":[3667],"product_cat":[144,1397,1408,1402,1415],"product_tag":[],"class_list":{"0":"post-471527","1":"product","2":"type-product","3":"status-publish","4":"has-post-thumbnail","6":"product_brand-petzl-fr","7":"product_cat-equipement","8":"product_cat-equipement-de-travail","9":"product_cat-equipements-de-loisirs","10":"product_cat-harnais-et-equipements-de-securite","11":"product_cat-harnais-et-equipements-de-securite-fr","13":"first","14":"onbackorder","15":"shipping-taxable","16":"purchasable","17":"product-type-variable"},"_links":{"self":[{"href":"https:\/\/lucacastelli.com\/fr\/wp-json\/wp\/v2\/product\/471527","targetHints":{"allow":["GET"]}}],"collection":[{"href":"https:\/\/lucacastelli.com\/fr\/wp-json\/wp\/v2\/product"}],"about":[{"href":"https:\/\/lucacastelli.com\/fr\/wp-json\/wp\/v2\/types\/product"}],"wp:featuredmedia":[{"embeddable":true,"href":"https:\/\/lucacastelli.com\/fr\/wp-json\/wp\/v2\/media\/85244"}],"wp:attachment":[{"href":"https:\/\/lucacastelli.com\/fr\/wp-json\/wp\/v2\/media?parent=471527"}],"wp:term":[{"taxonomy":"product_brand","embeddable":true,"href":"https:\/\/lucacastelli.com\/fr\/wp-json\/wp\/v2\/product_brand?post=471527"},{"taxonomy":"product_cat","embeddable":true,"href":"https:\/\/lucacastelli.com\/fr\/wp-json\/wp\/v2\/product_cat?post=471527"},{"taxonomy":"product_tag","embeddable":true,"href":"https:\/\/lucacastelli.com\/fr\/wp-json\/wp\/v2\/product_tag?post=471527"}],"curies":[{"name":"wp","href":"https:\/\/api.w.org\/{rel}","templated":true}]}}